{"id":1198,"date":"2025-10-30T10:51:54","date_gmt":"2025-10-30T09:51:54","guid":{"rendered":"https:\/\/fundacioseira.coop\/seira-inversio-social\/"},"modified":"2026-03-11T11:21:16","modified_gmt":"2026-03-11T10:21:16","slug":"seira-inversio-social","status":"publish","type":"page","link":"https:\/\/fundacioseira.coop\/es\/seira-inversio-social\/","title":{"rendered":"Seira Inversi\u00f3 Social"},"content":{"rendered":"<div class=\"wpb-content-wrapper\"><p>[vc_section][vc_row][vc_column][vc_empty_space height=\u00bb50px\u00bb][vc_column_text css=\u00bb\u00bb el_class=\u00bbtitol-principal etiqueta-principal\u00bb]<\/p>\n<h1>SEIRA INVERSI\u00d3 SOCIAL<\/h1>\n<p>[\/vc_column_text][\/vc_column][\/vc_row][\/vc_section][vc_section][vc_row][vc_column width=\u00bb1\/2&#8243;][vc_column_text css=\u00bb\u00bb el_class=\u00bbbg-accent color-blanco pg-30&#8243;]<\/p>\n<h3 style=\"text-align: center;\"><strong>\u00bfQu\u00e9 es Seira Inversi\u00f3n Social?<\/strong><\/h3>\n<p>[\/vc_column_text][vc_column_text css=\u00bb\u00bb el_class=\u00bbcolor-accent\u00bb]Se trata del primer veh\u00edculo de inversi\u00f3n de impacto, paciente, no especulativo y con acompa\u00f1amiento, creado desde la ESS y al servicio exclusivo de la ESS catalana.[\/vc_column_text][vc_single_image image=\u00bb1199&#8243; img_size=\u00bbfull\u00bb alignment=\u00bbcenter\u00bb css=\u00bb\u00bb el_class=\u00bbmask-1&#8243;][\/vc_column][vc_column width=\u00bb1\/2&#8243;][vc_column_text css=\u00bb\u00bb el_class=\u00bbbg-accent-3 color-blanco pg-30&#8243;]<\/p>\n<h3 style=\"text-align: center;\"><strong>\u00bfC\u00f3mo se diferencia y cu\u00e1les son sus ventajas?<\/strong><\/h3>\n<p>[\/vc_column_text][vc_column_text css=\u00bb\u00bb el_class=\u00bbelement\u00bb]Invierte en la ESS (entidades sin \u00e1nimo de lucro, cooperativas, asociaciones, fundaciones, sociedades de integraci\u00f3n laboral, etc.)[\/vc_column_text][vc_column_text css=\u00bb\u00bb el_class=\u00bbelement\u00bb]Se dirige a entidades de dimensi\u00f3n micro, peque\u00f1a y mediana, con inversiones de entre 20 000 y 400 000 euros.[\/vc_column_text][vc_column_text css=\u00bb\u00bb el_class=\u00bbelement\u00bb]Paciente: se puede formalizar el retorno de la inversi\u00f3n con plazos de hasta 10 a\u00f1os y con un tipo de inter\u00e9s fijo. No especulamos: el tipo de inter\u00e9s que se cobra solo pretende cubrir la estructura y seguir invirtiendo en proyectos de la ESC.[\/vc_column_text][vc_column_text css=\u00bb\u00bb el_class=\u00bbelement\u00bb]No se solicitan garant\u00edas adicionales al propio proyecto (al contrario de las entidades financieras que pueden pedir avales personales, hipotecas, etc.)[\/vc_column_text][vc_column_text css=\u00bb\u00bb el_class=\u00bbelement\u00bb]Con acompa\u00f1amiento estrat\u00e9gico y financiero: se asigna una bolsa de horas mensuales para ayudar la entidad a cumplir sus objetivos, con la posibilidad de recibir asesoramiento profesional en sus \u00f3rganos de gobierno.[\/vc_column_text][\/vc_column][\/vc_row][\/vc_section]<\/p>\n<\/div>","protected":false},"excerpt":{"rendered":"<p>[vc_section][vc_row][vc_column][vc_empty_space height=\u00bb50px\u00bb][vc_column_text css=\u00bb\u00bb el_class=\u00bbtitol-principal etiqueta-principal\u00bb] SEIRA INVERSI\u00d3 SOCIAL [\/vc_column_text][\/vc_column][\/vc_row][\/vc_section][vc_section][vc_row][vc_column width=\u00bb1\/2&#8243;][vc_column_text css=\u00bb\u00bb el_class=\u00bbbg-accent color-blanco pg-30&#8243;] \u00bfQu\u00e9 es Seira Inversi\u00f3n Social? [\/vc_column_text][vc_column_text css=\u00bb\u00bb el_class=\u00bbcolor-accent\u00bb]Se trata del primer veh\u00edculo de inversi\u00f3n de impacto, paciente, no especulativo y con acompa\u00f1amiento, creado desde la ESS y al servicio exclusivo de la ESS catalana.[\/vc_column_text][vc_single_image image=\u00bb1199&#8243; img_size=\u00bbfull\u00bb alignment=\u00bbcenter\u00bb css=\u00bb\u00bb el_class=\u00bbmask-1&#8243;][\/vc_column][vc_column width=\u00bb1\/2&#8243;][vc_column_text css=\u00bb\u00bb &#8230; <a title=\"Seira Inversi\u00f3 Social\" class=\"read-more\" href=\"https:\/\/fundacioseira.coop\/es\/seira-inversio-social\/\" aria-label=\"Leer m\u00e1s sobre Seira Inversi\u00f3 Social\">Leer m\u00e1s<\/a><\/p>\n","protected":false},"author":1,"featured_media":0,"parent":0,"menu_order":0,"comment_status":"closed","ping_status":"closed","template":"","meta":{"_acf_changed":false,"footnotes":""},"class_list":["post-1198","page","type-page","status-publish"],"acf":[],"yoast_head":"<!-- This site is optimized with the Yoast SEO plugin v27.2 - https:\/\/yoast.com\/product\/yoast-seo-wordpress\/ -->\n<title>Seira Inversi\u00f3 Social - Fundaci\u00f3 SEIRA<\/title>\n<meta name=\"robots\" content=\"index, follow, max-snippet:-1, max-image-preview:large, max-video-preview:-1\" \/>\n<link rel=\"canonical\" href=\"https:\/\/fundacioseira.coop\/es\/seira-inversio-social\/\" \/>\n<meta property=\"og:locale\" content=\"es_ES\" \/>\n<meta property=\"og:type\" content=\"article\" \/>\n<meta property=\"og:title\" content=\"Seira Inversi\u00f3 Social - Fundaci\u00f3 SEIRA\" \/>\n<meta property=\"og:description\" content=\"[vc_section][vc_row][vc_column][vc_empty_space height=\u00bb50px\u00bb][vc_column_text css=\u00bb\u00bb el_class=\u00bbtitol-principal etiqueta-principal\u00bb] SEIRA INVERSI\u00d3 SOCIAL [\/vc_column_text][\/vc_column][\/vc_row][\/vc_section][vc_section][vc_row][vc_column width=\u00bb1\/2&#8243;][vc_column_text css=\u00bb\u00bb el_class=\u00bbbg-accent color-blanco pg-30&#8243;] \u00bfQu\u00e9 es Seira Inversi\u00f3n Social? [\/vc_column_text][vc_column_text css=\u00bb\u00bb el_class=\u00bbcolor-accent\u00bb]Se trata del primer veh\u00edculo de inversi\u00f3n de impacto, paciente, no especulativo y con acompa\u00f1amiento, creado desde la ESS y al servicio exclusivo de la ESS catalana.[\/vc_column_text][vc_single_image image=\u00bb1199&#8243; img_size=\u00bbfull\u00bb alignment=\u00bbcenter\u00bb css=\u00bb\u00bb el_class=\u00bbmask-1&#8243;][\/vc_column][vc_column width=\u00bb1\/2&#8243;][vc_column_text css=\u00bb\u00bb ... Leer m\u00e1s\" \/>\n<meta property=\"og:url\" content=\"https:\/\/fundacioseira.coop\/es\/seira-inversio-social\/\" \/>\n<meta property=\"og:site_name\" content=\"Fundaci\u00f3 SEIRA\" \/>\n<meta property=\"article:modified_time\" content=\"2026-03-11T10:21:16+00:00\" \/>\n<meta name=\"twitter:card\" content=\"summary_large_image\" \/>\n<meta name=\"twitter:label1\" content=\"Tiempo de lectura\" \/>\n\t<meta name=\"twitter:data1\" content=\"2 minutos\" \/>\n<script type=\"application\/ld+json\" class=\"yoast-schema-graph\">{\"@context\":\"https:\/\/schema.org\",\"@graph\":[{\"@type\":\"WebPage\",\"@id\":\"https:\/\/fundacioseira.coop\/es\/seira-inversio-social\/\",\"url\":\"https:\/\/fundacioseira.coop\/es\/seira-inversio-social\/\",\"name\":\"Seira Inversi\u00f3 Social - Fundaci\u00f3 SEIRA\",\"isPartOf\":{\"@id\":\"https:\/\/fundacioseira.coop\/es\/#website\"},\"datePublished\":\"2025-10-30T09:51:54+00:00\",\"dateModified\":\"2026-03-11T10:21:16+00:00\",\"breadcrumb\":{\"@id\":\"https:\/\/fundacioseira.coop\/es\/seira-inversio-social\/#breadcrumb\"},\"inLanguage\":\"es\",\"potentialAction\":[{\"@type\":\"ReadAction\",\"target\":[\"https:\/\/fundacioseira.coop\/es\/seira-inversio-social\/\"]}]},{\"@type\":\"BreadcrumbList\",\"@id\":\"https:\/\/fundacioseira.coop\/es\/seira-inversio-social\/#breadcrumb\",\"itemListElement\":[{\"@type\":\"ListItem\",\"position\":1,\"name\":\"Inici\",\"item\":\"https:\/\/fundacioseira.coop\/es\/\"},{\"@type\":\"ListItem\",\"position\":2,\"name\":\"Seira Inversi\u00f3 Social\"}]},{\"@type\":\"WebSite\",\"@id\":\"https:\/\/fundacioseira.coop\/es\/#website\",\"url\":\"https:\/\/fundacioseira.coop\/es\/\",\"name\":\"Fundaci\u00f3 SEIRA\",\"description\":\"\",\"publisher\":{\"@id\":\"https:\/\/fundacioseira.coop\/es\/#organization\"},\"potentialAction\":[{\"@type\":\"SearchAction\",\"target\":{\"@type\":\"EntryPoint\",\"urlTemplate\":\"https:\/\/fundacioseira.coop\/es\/?s={search_term_string}\"},\"query-input\":{\"@type\":\"PropertyValueSpecification\",\"valueRequired\":true,\"valueName\":\"search_term_string\"}}],\"inLanguage\":\"es\"},{\"@type\":\"Organization\",\"@id\":\"https:\/\/fundacioseira.coop\/es\/#organization\",\"name\":\"Fundaci\u00f3 SEIRA\",\"url\":\"https:\/\/fundacioseira.coop\/es\/\",\"logo\":{\"@type\":\"ImageObject\",\"inLanguage\":\"es\",\"@id\":\"https:\/\/fundacioseira.coop\/es\/#\/schema\/logo\/image\/\",\"url\":\"https:\/\/fundacioseira.coop\/wp-content\/uploads\/2026\/02\/Seira_IC1_White.png\",\"contentUrl\":\"https:\/\/fundacioseira.coop\/wp-content\/uploads\/2026\/02\/Seira_IC1_White.png\",\"width\":1417,\"height\":531,\"caption\":\"Fundaci\u00f3 SEIRA\"},\"image\":{\"@id\":\"https:\/\/fundacioseira.coop\/es\/#\/schema\/logo\/image\/\"}}]}<\/script>\n<!-- \/ Yoast SEO plugin. -->","yoast_head_json":{"title":"Seira Inversi\u00f3 Social - Fundaci\u00f3 SEIRA","robots":{"index":"index","follow":"follow","max-snippet":"max-snippet:-1","max-image-preview":"max-image-preview:large","max-video-preview":"max-video-preview:-1"},"canonical":"https:\/\/fundacioseira.coop\/es\/seira-inversio-social\/","og_locale":"es_ES","og_type":"article","og_title":"Seira Inversi\u00f3 Social - Fundaci\u00f3 SEIRA","og_description":"[vc_section][vc_row][vc_column][vc_empty_space height=\u00bb50px\u00bb][vc_column_text css=\u00bb\u00bb el_class=\u00bbtitol-principal etiqueta-principal\u00bb] SEIRA INVERSI\u00d3 SOCIAL [\/vc_column_text][\/vc_column][\/vc_row][\/vc_section][vc_section][vc_row][vc_column width=\u00bb1\/2&#8243;][vc_column_text css=\u00bb\u00bb el_class=\u00bbbg-accent color-blanco pg-30&#8243;] \u00bfQu\u00e9 es Seira Inversi\u00f3n Social? [\/vc_column_text][vc_column_text css=\u00bb\u00bb el_class=\u00bbcolor-accent\u00bb]Se trata del primer veh\u00edculo de inversi\u00f3n de impacto, paciente, no especulativo y con acompa\u00f1amiento, creado desde la ESS y al servicio exclusivo de la ESS catalana.[\/vc_column_text][vc_single_image image=\u00bb1199&#8243; img_size=\u00bbfull\u00bb alignment=\u00bbcenter\u00bb css=\u00bb\u00bb el_class=\u00bbmask-1&#8243;][\/vc_column][vc_column width=\u00bb1\/2&#8243;][vc_column_text css=\u00bb\u00bb ... Leer m\u00e1s","og_url":"https:\/\/fundacioseira.coop\/es\/seira-inversio-social\/","og_site_name":"Fundaci\u00f3 SEIRA","article_modified_time":"2026-03-11T10:21:16+00:00","twitter_card":"summary_large_image","twitter_misc":{"Tiempo de lectura":"2 minutos"},"schema":{"@context":"https:\/\/schema.org","@graph":[{"@type":"WebPage","@id":"https:\/\/fundacioseira.coop\/es\/seira-inversio-social\/","url":"https:\/\/fundacioseira.coop\/es\/seira-inversio-social\/","name":"Seira Inversi\u00f3 Social - Fundaci\u00f3 SEIRA","isPartOf":{"@id":"https:\/\/fundacioseira.coop\/es\/#website"},"datePublished":"2025-10-30T09:51:54+00:00","dateModified":"2026-03-11T10:21:16+00:00","breadcrumb":{"@id":"https:\/\/fundacioseira.coop\/es\/seira-inversio-social\/#breadcrumb"},"inLanguage":"es","potentialAction":[{"@type":"ReadAction","target":["https:\/\/fundacioseira.coop\/es\/seira-inversio-social\/"]}]},{"@type":"BreadcrumbList","@id":"https:\/\/fundacioseira.coop\/es\/seira-inversio-social\/#breadcrumb","itemListElement":[{"@type":"ListItem","position":1,"name":"Inici","item":"https:\/\/fundacioseira.coop\/es\/"},{"@type":"ListItem","position":2,"name":"Seira Inversi\u00f3 Social"}]},{"@type":"WebSite","@id":"https:\/\/fundacioseira.coop\/es\/#website","url":"https:\/\/fundacioseira.coop\/es\/","name":"Fundaci\u00f3 SEIRA","description":"","publisher":{"@id":"https:\/\/fundacioseira.coop\/es\/#organization"},"potentialAction":[{"@type":"SearchAction","target":{"@type":"EntryPoint","urlTemplate":"https:\/\/fundacioseira.coop\/es\/?s={search_term_string}"},"query-input":{"@type":"PropertyValueSpecification","valueRequired":true,"valueName":"search_term_string"}}],"inLanguage":"es"},{"@type":"Organization","@id":"https:\/\/fundacioseira.coop\/es\/#organization","name":"Fundaci\u00f3 SEIRA","url":"https:\/\/fundacioseira.coop\/es\/","logo":{"@type":"ImageObject","inLanguage":"es","@id":"https:\/\/fundacioseira.coop\/es\/#\/schema\/logo\/image\/","url":"https:\/\/fundacioseira.coop\/wp-content\/uploads\/2026\/02\/Seira_IC1_White.png","contentUrl":"https:\/\/fundacioseira.coop\/wp-content\/uploads\/2026\/02\/Seira_IC1_White.png","width":1417,"height":531,"caption":"Fundaci\u00f3 SEIRA"},"image":{"@id":"https:\/\/fundacioseira.coop\/es\/#\/schema\/logo\/image\/"}}]}},"_links":{"self":[{"href":"https:\/\/fundacioseira.coop\/es\/wp-json\/wp\/v2\/pages\/1198","targetHints":{"allow":["GET"]}}],"collection":[{"href":"https:\/\/fundacioseira.coop\/es\/wp-json\/wp\/v2\/pages"}],"about":[{"href":"https:\/\/fundacioseira.coop\/es\/wp-json\/wp\/v2\/types\/page"}],"author":[{"embeddable":true,"href":"https:\/\/fundacioseira.coop\/es\/wp-json\/wp\/v2\/users\/1"}],"replies":[{"embeddable":true,"href":"https:\/\/fundacioseira.coop\/es\/wp-json\/wp\/v2\/comments?post=1198"}],"version-history":[{"count":3,"href":"https:\/\/fundacioseira.coop\/es\/wp-json\/wp\/v2\/pages\/1198\/revisions"}],"predecessor-version":[{"id":1278,"href":"https:\/\/fundacioseira.coop\/es\/wp-json\/wp\/v2\/pages\/1198\/revisions\/1278"}],"wp:attachment":[{"href":"https:\/\/fundacioseira.coop\/es\/wp-json\/wp\/v2\/media?parent=1198"}],"curies":[{"name":"wp","href":"https:\/\/api.w.org\/{rel}","templated":true}]}}