{"id":1189,"date":"2025-02-27T20:33:04","date_gmt":"2025-02-27T19:33:04","guid":{"rendered":"https:\/\/fundacioseira.coop\/politica-privacitat\/"},"modified":"2026-03-11T12:03:24","modified_gmt":"2026-03-11T11:03:24","slug":"politica-privacidad","status":"publish","type":"page","link":"https:\/\/fundacioseira.coop\/es\/politica-privacidad\/","title":{"rendered":"Pol\u00edtica de Privacidad"},"content":{"rendered":"<div class=\"wpb-content-wrapper\"><p>[vc_section][vc_row equal_height=\u00bbyes\u00bb content_placement=\u00bbmiddle\u00bb][vc_column width=\u00bb1\/2&#8243;][vc_column_text css_animation=\u00bbslideInRight\u00bb css=\u00bb\u00bb el_class=\u00bbcolor-accent mg-bot-0 txt-18&#8243;]<\/p>\n<p class=\"elementor-heading-title elementor-size-default\">SEIRA IMPULS COOPERATIU<\/p>\n<p>[\/vc_column_text][vc_column_text css_animation=\u00bbslideInRight\u00bb css=\u00bb\u00bb el_class=\u00bbtitol-legals\u00bb]<\/p>\n<h1>Pol\u00edtica de Privacidad<\/h1>\n<p>[\/vc_column_text][\/vc_column][vc_column width=\u00bb1\/2&#8243;][vc_single_image image=\u00bb1160&#8243; img_size=\u00bbfull\u00bb css_animation=\u00bbfadeIn\u00bb css=\u00bb\u00bb el_class=\u00bbdeco-titol-legals\u00bb][\/vc_column][\/vc_row][vc_row][vc_column][vc_column_text css=\u00bb\u00bb el_class=\u00bbtxt-16&#8243;]<strong>Identidad del responsable del tratamiento de los datos personales<\/strong><\/p>\n<p>El responsable del tratamiento de los datos personales es: FUNDACIO SEIRA con NIF\/CIF: G64818297 (en adelante, Responsable del tratamiento). Sus datos de contacto son los siguientes:<\/p>\n<p>Direcci\u00f3n: Calle Premi\u00e0 15, 1\u00aa planta ,Barcelona (Barcelona)<\/p>\n<p>Tel\u00e9fono de contacto: 625.12.91.47<\/p>\n<p>Email de contacto: projectes@fundacioseira.coop<\/p>\n<p>Delegado de Protecci\u00f3n de Datos (DPD): Miguel Linde Gomez<\/p>\n<p>&nbsp;<\/p>\n<p><strong>Hasta el tratamiento al que se destinan los datos personales<\/strong><\/p>\n<p>Los datos personales son recabados y gestionados por FUNDACIO SEIRA con el fin de poder facilitar, agilizar y cumplir los compromisos establecidos entre el sitio web y el usuario o el mantenimiento de la relaci\u00f3n que se establezca en los formularios que \u00e9ste \u00faltimo cumplimente o para el cumplimiento del encargo que el usuario haga al responsable o para cumplimiento de contrato entre ambos o para.<\/p>\n<p>El usuario conoce y acepta expresamente que los encargos y\/o contratos con la Fundaci\u00f3n Seira incluyen o pueden incluir la transmisi\u00f3n de datos personales a terceras partes, entre ellos entidades financieras, siendo una transmisi\u00f3n necesaria para el estudio y obtenci\u00f3n de la financiaci\u00f3n contratada o solicitada al responsable para obtenerla bien directamente bien a trav\u00e9s de su intermediaci\u00f3n en el mercado.<\/p>\n<p>Asimismo, los datos podr\u00e1n ser utilizados con el fin de remitir newsletters, as\u00ed como comunicaciones informativas y\/o publicidad de FUNDACIO SEIRA.<\/p>\n<p>&nbsp;<\/p>\n<p><strong>Categor\u00edas de datos personales<\/strong><\/p>\n<p>Las categor\u00edas de datos que se tratan en FUNDACIO SEIRA para gestionar los tratamientos anteriormente citados son: Personales, econ\u00f3micas, laborales y financieras.<\/p>\n<p>De los usuarios que se registran en nuestra web (si existen), tambi\u00e9n almacenamos la informaci\u00f3n personal que proporcionan en su perfil de usuario. Todos los usuarios pueden ver, editar o eliminar su informaci\u00f3n personal en cualquier momento (salvo que no pueden cambiar su nombre de usuario). Los administradores de la web tambi\u00e9n pueden ver y editar esta informaci\u00f3n.<\/p>\n<p>Informamos que los datos requeridos son indispensables para poder llevar a cabo los servicios solicitados, implicando su negativa a suministrarles la imposibilidad de desarrollar los mismos.<\/p>\n<p>La informaci\u00f3n que el Usuario facilite a FUNDACIO SEIRA a trav\u00e9s de los formularios y\/u otras v\u00edas deber\u00e1 ser exacta y veraz. El usuario garantiza la autenticidad de todos los datos que comunique y mantendr\u00e1 actualizada la informaci\u00f3n dada a FUNDACIO SEIRA a fin de que corresponda, en todo momento, con la situaci\u00f3n real del Usuario. En el supuesto de manifestaciones inexactas, incompletas o falsas comunicadas por el Usuario, \u00e9ste ser\u00e1 el \u00fanico responsable por los perjuicios que a causa de ello pudieran causarse a FUNDACIO SEIRA oa terceros.<\/p>\n<p>&nbsp;<\/p>\n<p><strong>Base legal para el tratamiento de los datos personales<\/strong><\/p>\n<p>La base legal para el tratamiento de los datos personales es el consentimiento expreso y expl\u00edcito otorgado por el usuario en cada caso, pudiendo retirarse el mismo en cualquier momento.<\/p>\n<p>Respecto a la gesti\u00f3n de la contrataci\u00f3n de servicios, estudios de financiaci\u00f3n, pago, facturaci\u00f3n, la base de legitimaci\u00f3n del tratamiento de sus datos de car\u00e1cter personal se establece en la propia necesidad de este tratamiento para la ejecuci\u00f3n del contrato.<\/p>\n<p>En cuanto al tratamiento de los datos de car\u00e1cter personal para el env\u00edo de informaci\u00f3n relacionada con los servicios prestados por la firma, la base de legitimaci\u00f3n ser\u00e1 el inter\u00e9s leg\u00edtimo de FUNDACIO SEIRA<\/p>\n<p>&nbsp;<\/p>\n<p><strong>Periodos de retenci\u00f3n de datos personales<\/strong><\/p>\n<p>Los datos personales s\u00f3lo ser\u00e1n retenidos durante el tiempo m\u00ednimo necesario para los fines de su tratamiento, hasta que el usuario solicite su supresi\u00f3n y \u00e9sta sea procedente y, en todo caso, como m\u00e1ximo durante un per\u00edodo de 15 a\u00f1os a contar desde la integraci\u00f3n del dato en las bases de datos del Responsable.<\/p>\n<p>&nbsp;<\/p>\n<p><strong>Destinatarios de sus datos personales<\/strong><\/p>\n<p>Los datos personales del usuario ser\u00e1n compartidos con los siguientes destinatarios o categor\u00edas de destinatarios:<\/p>\n<ul>\n<li>Entidades financieras con las que Fundaci\u00f3n Seira tiene convenios o acuerdos de colaboraci\u00f3n<\/li>\n<li>Administraciones p\u00fablicas<\/li>\n<li>Otras instituciones tanto p\u00fablicas como privadas que sean necesarias para el tr\u00e1mite de b\u00fasqueda de financiaci\u00f3n y\/o inversi\u00f3n<\/li>\n<\/ul>\n<p>En caso de que el Responsable del tratamiento tenga la intenci\u00f3n de transferir datos personales a un tercer pa\u00eds u organizaci\u00f3n internacional, se informar\u00e1 al usuario sobre el tercer pa\u00eds u organizaci\u00f3n internacional al que se tiene la intenci\u00f3n de transferir los datos, as\u00ed como de la existencia o ausencia de una decisi\u00f3n de adecuaci\u00f3n de la Comisi\u00f3n.<\/p>\n<p>&nbsp;<\/p>\n<p><strong>Datos personales de menores de edad<\/strong><\/p>\n<p>Respetando lo que se establece en los art\u00edculos 8 del RGPD y 7 de la Ley org\u00e1nica 3\/2018, de 5 de diciembre, de Protecci\u00f3n de Datos Personales y garant\u00eda de los derechos digitales, s\u00f3lo el[\/vc_column_text][\/vc_column][\/vc_row][\/vc_section]<\/p>\n<\/div>","protected":false},"excerpt":{"rendered":"<p>[vc_section][vc_row equal_height=\u00bbyes\u00bb content_placement=\u00bbmiddle\u00bb][vc_column width=\u00bb1\/2&#8243;][vc_column_text css_animation=\u00bbslideInRight\u00bb css=\u00bb\u00bb el_class=\u00bbcolor-accent mg-bot-0 txt-18&#8243;] SEIRA IMPULS COOPERATIU [\/vc_column_text][vc_column_text css_animation=\u00bbslideInRight\u00bb css=\u00bb\u00bb el_class=\u00bbtitol-legals\u00bb] Pol\u00edtica de Privacidad [\/vc_column_text][\/vc_column][vc_column width=\u00bb1\/2&#8243;][vc_single_image image=\u00bb1160&#8243; img_size=\u00bbfull\u00bb css_animation=\u00bbfadeIn\u00bb css=\u00bb\u00bb el_class=\u00bbdeco-titol-legals\u00bb][\/vc_column][\/vc_row][vc_row][vc_column][vc_column_text css=\u00bb\u00bb el_class=\u00bbtxt-16&#8243;]Identidad del responsable del tratamiento de los datos personales El responsable del tratamiento de los datos personales es: FUNDACIO SEIRA con NIF\/CIF: G64818297 (en adelante, Responsable del tratamiento). &#8230; <a title=\"Pol\u00edtica de Privacidad\" class=\"read-more\" href=\"https:\/\/fundacioseira.coop\/es\/politica-privacidad\/\" aria-label=\"Leer m\u00e1s sobre Pol\u00edtica de Privacidad\">Leer m\u00e1s<\/a><\/p>\n","protected":false},"author":3,"featured_media":0,"parent":0,"menu_order":0,"comment_status":"closed","ping_status":"closed","template":"","meta":{"_acf_changed":false,"footnotes":""},"class_list":["post-1189","page","type-page","status-publish"],"acf":[],"yoast_head":"<!-- This site is optimized with the Yoast SEO plugin v27.2 - https:\/\/yoast.com\/product\/yoast-seo-wordpress\/ -->\n<title>Pol\u00edtica de Privacidad - Fundaci\u00f3 SEIRA<\/title>\n<meta name=\"robots\" content=\"noindex, follow\" \/>\n<meta property=\"og:locale\" content=\"es_ES\" \/>\n<meta property=\"og:type\" content=\"article\" \/>\n<meta property=\"og:title\" content=\"Pol\u00edtica de Privacidad - Fundaci\u00f3 SEIRA\" \/>\n<meta property=\"og:description\" content=\"[vc_section][vc_row equal_height=\u00bbyes\u00bb content_placement=\u00bbmiddle\u00bb][vc_column width=\u00bb1\/2&#8243;][vc_column_text css_animation=\u00bbslideInRight\u00bb css=\u00bb\u00bb el_class=\u00bbcolor-accent mg-bot-0 txt-18&#8243;] SEIRA IMPULS COOPERATIU [\/vc_column_text][vc_column_text css_animation=\u00bbslideInRight\u00bb css=\u00bb\u00bb el_class=\u00bbtitol-legals\u00bb] Pol\u00edtica de Privacidad [\/vc_column_text][\/vc_column][vc_column width=\u00bb1\/2&#8243;][vc_single_image image=\u00bb1160&#8243; img_size=\u00bbfull\u00bb css_animation=\u00bbfadeIn\u00bb css=\u00bb\u00bb el_class=\u00bbdeco-titol-legals\u00bb][\/vc_column][\/vc_row][vc_row][vc_column][vc_column_text css=\u00bb\u00bb el_class=\u00bbtxt-16&#8243;]Identidad del responsable del tratamiento de los datos personales El responsable del tratamiento de los datos personales es: FUNDACIO SEIRA con NIF\/CIF: G64818297 (en adelante, Responsable del tratamiento). ... Leer m\u00e1s\" \/>\n<meta property=\"og:url\" content=\"https:\/\/fundacioseira.coop\/es\/politica-privacidad\/\" \/>\n<meta property=\"og:site_name\" content=\"Fundaci\u00f3 SEIRA\" \/>\n<meta property=\"article:modified_time\" content=\"2026-03-11T11:03:24+00:00\" \/>\n<meta name=\"twitter:card\" content=\"summary_large_image\" \/>\n<meta name=\"twitter:label1\" content=\"Tiempo de lectura\" \/>\n\t<meta name=\"twitter:data1\" content=\"5 minutos\" \/>\n<script type=\"application\/ld+json\" class=\"yoast-schema-graph\">{\"@context\":\"https:\/\/schema.org\",\"@graph\":[{\"@type\":\"WebPage\",\"@id\":\"https:\/\/fundacioseira.coop\/es\/politica-privacidad\/\",\"url\":\"https:\/\/fundacioseira.coop\/es\/politica-privacidad\/\",\"name\":\"Pol\u00edtica de Privacidad - Fundaci\u00f3 SEIRA\",\"isPartOf\":{\"@id\":\"https:\/\/fundacioseira.coop\/es\/#website\"},\"datePublished\":\"2025-02-27T19:33:04+00:00\",\"dateModified\":\"2026-03-11T11:03:24+00:00\",\"breadcrumb\":{\"@id\":\"https:\/\/fundacioseira.coop\/es\/politica-privacidad\/#breadcrumb\"},\"inLanguage\":\"es\",\"potentialAction\":[{\"@type\":\"ReadAction\",\"target\":[\"https:\/\/fundacioseira.coop\/es\/politica-privacidad\/\"]}]},{\"@type\":\"BreadcrumbList\",\"@id\":\"https:\/\/fundacioseira.coop\/es\/politica-privacidad\/#breadcrumb\",\"itemListElement\":[{\"@type\":\"ListItem\",\"position\":1,\"name\":\"Inici\",\"item\":\"https:\/\/fundacioseira.coop\/es\/\"},{\"@type\":\"ListItem\",\"position\":2,\"name\":\"Pol\u00edtica de Privacidad\"}]},{\"@type\":\"WebSite\",\"@id\":\"https:\/\/fundacioseira.coop\/es\/#website\",\"url\":\"https:\/\/fundacioseira.coop\/es\/\",\"name\":\"Fundaci\u00f3 SEIRA\",\"description\":\"\",\"publisher\":{\"@id\":\"https:\/\/fundacioseira.coop\/es\/#organization\"},\"potentialAction\":[{\"@type\":\"SearchAction\",\"target\":{\"@type\":\"EntryPoint\",\"urlTemplate\":\"https:\/\/fundacioseira.coop\/es\/?s={search_term_string}\"},\"query-input\":{\"@type\":\"PropertyValueSpecification\",\"valueRequired\":true,\"valueName\":\"search_term_string\"}}],\"inLanguage\":\"es\"},{\"@type\":\"Organization\",\"@id\":\"https:\/\/fundacioseira.coop\/es\/#organization\",\"name\":\"Fundaci\u00f3 SEIRA\",\"url\":\"https:\/\/fundacioseira.coop\/es\/\",\"logo\":{\"@type\":\"ImageObject\",\"inLanguage\":\"es\",\"@id\":\"https:\/\/fundacioseira.coop\/es\/#\/schema\/logo\/image\/\",\"url\":\"https:\/\/fundacioseira.coop\/wp-content\/uploads\/2026\/02\/Seira_IC1_White.png\",\"contentUrl\":\"https:\/\/fundacioseira.coop\/wp-content\/uploads\/2026\/02\/Seira_IC1_White.png\",\"width\":1417,\"height\":531,\"caption\":\"Fundaci\u00f3 SEIRA\"},\"image\":{\"@id\":\"https:\/\/fundacioseira.coop\/es\/#\/schema\/logo\/image\/\"}}]}<\/script>\n<!-- \/ Yoast SEO plugin. -->","yoast_head_json":{"title":"Pol\u00edtica de Privacidad - Fundaci\u00f3 SEIRA","robots":{"index":"noindex","follow":"follow"},"og_locale":"es_ES","og_type":"article","og_title":"Pol\u00edtica de Privacidad - Fundaci\u00f3 SEIRA","og_description":"[vc_section][vc_row equal_height=\u00bbyes\u00bb content_placement=\u00bbmiddle\u00bb][vc_column width=\u00bb1\/2&#8243;][vc_column_text css_animation=\u00bbslideInRight\u00bb css=\u00bb\u00bb el_class=\u00bbcolor-accent mg-bot-0 txt-18&#8243;] SEIRA IMPULS COOPERATIU [\/vc_column_text][vc_column_text css_animation=\u00bbslideInRight\u00bb css=\u00bb\u00bb el_class=\u00bbtitol-legals\u00bb] Pol\u00edtica de Privacidad [\/vc_column_text][\/vc_column][vc_column width=\u00bb1\/2&#8243;][vc_single_image image=\u00bb1160&#8243; img_size=\u00bbfull\u00bb css_animation=\u00bbfadeIn\u00bb css=\u00bb\u00bb el_class=\u00bbdeco-titol-legals\u00bb][\/vc_column][\/vc_row][vc_row][vc_column][vc_column_text css=\u00bb\u00bb el_class=\u00bbtxt-16&#8243;]Identidad del responsable del tratamiento de los datos personales El responsable del tratamiento de los datos personales es: FUNDACIO SEIRA con NIF\/CIF: G64818297 (en adelante, Responsable del tratamiento). ... Leer m\u00e1s","og_url":"https:\/\/fundacioseira.coop\/es\/politica-privacidad\/","og_site_name":"Fundaci\u00f3 SEIRA","article_modified_time":"2026-03-11T11:03:24+00:00","twitter_card":"summary_large_image","twitter_misc":{"Tiempo de lectura":"5 minutos"},"schema":{"@context":"https:\/\/schema.org","@graph":[{"@type":"WebPage","@id":"https:\/\/fundacioseira.coop\/es\/politica-privacidad\/","url":"https:\/\/fundacioseira.coop\/es\/politica-privacidad\/","name":"Pol\u00edtica de Privacidad - Fundaci\u00f3 SEIRA","isPartOf":{"@id":"https:\/\/fundacioseira.coop\/es\/#website"},"datePublished":"2025-02-27T19:33:04+00:00","dateModified":"2026-03-11T11:03:24+00:00","breadcrumb":{"@id":"https:\/\/fundacioseira.coop\/es\/politica-privacidad\/#breadcrumb"},"inLanguage":"es","potentialAction":[{"@type":"ReadAction","target":["https:\/\/fundacioseira.coop\/es\/politica-privacidad\/"]}]},{"@type":"BreadcrumbList","@id":"https:\/\/fundacioseira.coop\/es\/politica-privacidad\/#breadcrumb","itemListElement":[{"@type":"ListItem","position":1,"name":"Inici","item":"https:\/\/fundacioseira.coop\/es\/"},{"@type":"ListItem","position":2,"name":"Pol\u00edtica de Privacidad"}]},{"@type":"WebSite","@id":"https:\/\/fundacioseira.coop\/es\/#website","url":"https:\/\/fundacioseira.coop\/es\/","name":"Fundaci\u00f3 SEIRA","description":"","publisher":{"@id":"https:\/\/fundacioseira.coop\/es\/#organization"},"potentialAction":[{"@type":"SearchAction","target":{"@type":"EntryPoint","urlTemplate":"https:\/\/fundacioseira.coop\/es\/?s={search_term_string}"},"query-input":{"@type":"PropertyValueSpecification","valueRequired":true,"valueName":"search_term_string"}}],"inLanguage":"es"},{"@type":"Organization","@id":"https:\/\/fundacioseira.coop\/es\/#organization","name":"Fundaci\u00f3 SEIRA","url":"https:\/\/fundacioseira.coop\/es\/","logo":{"@type":"ImageObject","inLanguage":"es","@id":"https:\/\/fundacioseira.coop\/es\/#\/schema\/logo\/image\/","url":"https:\/\/fundacioseira.coop\/wp-content\/uploads\/2026\/02\/Seira_IC1_White.png","contentUrl":"https:\/\/fundacioseira.coop\/wp-content\/uploads\/2026\/02\/Seira_IC1_White.png","width":1417,"height":531,"caption":"Fundaci\u00f3 SEIRA"},"image":{"@id":"https:\/\/fundacioseira.coop\/es\/#\/schema\/logo\/image\/"}}]}},"_links":{"self":[{"href":"https:\/\/fundacioseira.coop\/es\/wp-json\/wp\/v2\/pages\/1189","targetHints":{"allow":["GET"]}}],"collection":[{"href":"https:\/\/fundacioseira.coop\/es\/wp-json\/wp\/v2\/pages"}],"about":[{"href":"https:\/\/fundacioseira.coop\/es\/wp-json\/wp\/v2\/types\/page"}],"author":[{"embeddable":true,"href":"https:\/\/fundacioseira.coop\/es\/wp-json\/wp\/v2\/users\/3"}],"replies":[{"embeddable":true,"href":"https:\/\/fundacioseira.coop\/es\/wp-json\/wp\/v2\/comments?post=1189"}],"version-history":[{"count":3,"href":"https:\/\/fundacioseira.coop\/es\/wp-json\/wp\/v2\/pages\/1189\/revisions"}],"predecessor-version":[{"id":1313,"href":"https:\/\/fundacioseira.coop\/es\/wp-json\/wp\/v2\/pages\/1189\/revisions\/1313"}],"wp:attachment":[{"href":"https:\/\/fundacioseira.coop\/es\/wp-json\/wp\/v2\/media?parent=1189"}],"curies":[{"name":"wp","href":"https:\/\/api.w.org\/{rel}","templated":true}]}}