{"id":1185,"date":"2025-10-30T11:28:23","date_gmt":"2025-10-30T10:28:23","guid":{"rendered":"https:\/\/fundacioseira.coop\/orientacio-financera\/"},"modified":"2026-03-11T11:57:01","modified_gmt":"2026-03-11T10:57:01","slug":"orientacion-financiera","status":"publish","type":"page","link":"https:\/\/fundacioseira.coop\/es\/orientacion-financiera\/","title":{"rendered":"Orientaci\u00f3n Financiera \u200b"},"content":{"rendered":"<div class=\"wpb-content-wrapper\"><p>[vc_section][vc_row][vc_column][vc_empty_space height=\u00bb50px\u00bb][vc_column_text css=\u00bb\u00bb el_class=\u00bbtitol-principal etiqueta-principal\u00bb]<\/p>\n<h1>Orientaci\u00f3n Financiera<\/h1>\n<p>[\/vc_column_text][\/vc_column][\/vc_row][\/vc_section][vc_section el_class=\u00bborientacio-financera\u00bb][vc_row][vc_column width=\u00bb1\/2&#8243;][vc_column_text css=\u00bb\u00bb el_class=\u00bbcolor-accent\u00bb]Con el programa de Orientaci\u00f3n Financiera de la Federaci\u00f3n de Cooperativas de Trabajo de Catalu\u00f1a, las empresas federadas reciben un acompa\u00f1amiento profesional para detectar sus necesidades financieras y tomar decisiones al respeto.<\/p>\n<p>Numerosas cooperativas de trabajo en diferentes fases de evoluci\u00f3n se han beneficiado del asesoramiento personalizado y profesional que ofrece Seira Impuls Cooperatiu, ejecutora del programa.[\/vc_column_text][\/vc_column][vc_column width=\u00bb1\/2&#8243;][vc_row_inner el_class=\u00bbbg-accent color-blanco\u00bb][vc_column_inner][vc_column_text css=\u00bb\u00bb el_class=\u00bbbg-accent color-blanco pg-30 mg-bot-0&#8243;]<\/p>\n<h3 style=\"text-align: center;\"><strong>\u00bfQu\u00e9 encontrar\u00e9is en el programa de Orientaci\u00f3n financiera?<\/strong><\/h3>\n<p>[\/vc_column_text][\/vc_column_inner][\/vc_row_inner][vc_empty_space][vc_column_text css=\u00bb\u00bb el_class=\u00bbelement\u00bb]Diagn\u00f3stico de las necesidades financieras de las cooperativas.[\/vc_column_text][vc_column_text css=\u00bb\u00bb el_class=\u00bbelement\u00bb]Identificaci\u00f3n de las soluciones financieras m\u00e1s adecuadas en cada situaci\u00f3n.[\/vc_column_text][vc_column_text css=\u00bb\u00bb el_class=\u00bbelement\u00bb]Apoyo y acompa\u00f1amiento en la negociaci\u00f3n bancaria.[\/vc_column_text][vc_column_text css=\u00bb\u00bb el_class=\u00bbelement\u00bb]Prestaci\u00f3n de garant\u00edas para facilitar el acceso a financiaci\u00f3n.[\/vc_column_text][vc_column_text css=\u00bb\u00bb el_class=\u00bbelement\u00bb]Seguimiento de los resultados obtenidos.[\/vc_column_text][vc_row_inner el_class=\u00bbcolor-blanco bg-accent-3&#8243;][vc_column_inner][vc_column_text css=\u00bb\u00bb el_class=\u00bbbg-accent-3 color-blanco pg-30 mg-bot-0&#8243;]<\/p>\n<h3 style=\"text-align: center;\"><strong>\u00bfC\u00f3mo pod\u00e9is participar?<\/strong><\/h3>\n<p>[\/vc_column_text][\/vc_column_inner][\/vc_row_inner][vc_empty_space][vc_column_text css=\u00bb\u00bb el_class=\u00bbcolor-accent\u00bb]Cualquier cooperativa de trabajo asociada puede pedir una cita con Seira Impuls Cooperatiu y participar en el programa de Orientaci\u00f3n financiera.[\/vc_column_text][vc_column_text css=\u00bb\u00bb el_class=\u00bblink-lila\u00bb]<a href=\"mailto:seira@fundacioseira.coop\" target=\"_blank\" rel=\"noopener\">seira@fundacioseira.coop<\/a>[\/vc_column_text][\/vc_column][\/vc_row][\/vc_section]<\/p>\n<\/div>","protected":false},"excerpt":{"rendered":"<p>[vc_section][vc_row][vc_column][vc_empty_space height=\u00bb50px\u00bb][vc_column_text css=\u00bb\u00bb el_class=\u00bbtitol-principal etiqueta-principal\u00bb] Orientaci\u00f3n Financiera [\/vc_column_text][\/vc_column][\/vc_row][\/vc_section][vc_section el_class=\u00bborientacio-financera\u00bb][vc_row][vc_column width=\u00bb1\/2&#8243;][vc_column_text css=\u00bb\u00bb el_class=\u00bbcolor-accent\u00bb]Con el programa de Orientaci\u00f3n Financiera de la Federaci\u00f3n de Cooperativas de Trabajo de Catalu\u00f1a, las empresas federadas reciben un acompa\u00f1amiento profesional para detectar sus necesidades financieras y tomar decisiones al respeto. Numerosas cooperativas de trabajo en diferentes fases de evoluci\u00f3n se han beneficiado &#8230; <a title=\"Orientaci\u00f3n Financiera \u200b\" class=\"read-more\" href=\"https:\/\/fundacioseira.coop\/es\/orientacion-financiera\/\" aria-label=\"Leer m\u00e1s sobre Orientaci\u00f3n Financiera \u200b\">Leer m\u00e1s<\/a><\/p>\n","protected":false},"author":1,"featured_media":0,"parent":0,"menu_order":0,"comment_status":"closed","ping_status":"closed","template":"","meta":{"_acf_changed":false,"footnotes":""},"class_list":["post-1185","page","type-page","status-publish"],"acf":[],"yoast_head":"<!-- This site is optimized with the Yoast SEO plugin v27.2 - https:\/\/yoast.com\/product\/yoast-seo-wordpress\/ -->\n<title>Orientaci\u00f3n Financiera \u200b - Fundaci\u00f3 SEIRA<\/title>\n<meta name=\"robots\" content=\"index, follow, max-snippet:-1, max-image-preview:large, max-video-preview:-1\" \/>\n<link rel=\"canonical\" href=\"https:\/\/fundacioseira.coop\/es\/orientacion-financiera\/\" \/>\n<meta property=\"og:locale\" content=\"es_ES\" \/>\n<meta property=\"og:type\" content=\"article\" \/>\n<meta property=\"og:title\" content=\"Orientaci\u00f3n Financiera \u200b - Fundaci\u00f3 SEIRA\" \/>\n<meta property=\"og:description\" content=\"[vc_section][vc_row][vc_column][vc_empty_space height=\u00bb50px\u00bb][vc_column_text css=\u00bb\u00bb el_class=\u00bbtitol-principal etiqueta-principal\u00bb] Orientaci\u00f3n Financiera [\/vc_column_text][\/vc_column][\/vc_row][\/vc_section][vc_section el_class=\u00bborientacio-financera\u00bb][vc_row][vc_column width=\u00bb1\/2&#8243;][vc_column_text css=\u00bb\u00bb el_class=\u00bbcolor-accent\u00bb]Con el programa de Orientaci\u00f3n Financiera de la Federaci\u00f3n de Cooperativas de Trabajo de Catalu\u00f1a, las empresas federadas reciben un acompa\u00f1amiento profesional para detectar sus necesidades financieras y tomar decisiones al respeto. Numerosas cooperativas de trabajo en diferentes fases de evoluci\u00f3n se han beneficiado ... Leer m\u00e1s\" \/>\n<meta property=\"og:url\" content=\"https:\/\/fundacioseira.coop\/es\/orientacion-financiera\/\" \/>\n<meta property=\"og:site_name\" content=\"Fundaci\u00f3 SEIRA\" \/>\n<meta property=\"article:modified_time\" content=\"2026-03-11T10:57:01+00:00\" \/>\n<meta name=\"twitter:card\" content=\"summary_large_image\" \/>\n<meta name=\"twitter:label1\" content=\"Tiempo de lectura\" \/>\n\t<meta name=\"twitter:data1\" content=\"1 minuto\" \/>\n<script type=\"application\/ld+json\" class=\"yoast-schema-graph\">{\"@context\":\"https:\/\/schema.org\",\"@graph\":[{\"@type\":\"WebPage\",\"@id\":\"https:\/\/fundacioseira.coop\/es\/orientacion-financiera\/\",\"url\":\"https:\/\/fundacioseira.coop\/es\/orientacion-financiera\/\",\"name\":\"Orientaci\u00f3n Financiera \u200b - Fundaci\u00f3 SEIRA\",\"isPartOf\":{\"@id\":\"https:\/\/fundacioseira.coop\/es\/#website\"},\"datePublished\":\"2025-10-30T10:28:23+00:00\",\"dateModified\":\"2026-03-11T10:57:01+00:00\",\"breadcrumb\":{\"@id\":\"https:\/\/fundacioseira.coop\/es\/orientacion-financiera\/#breadcrumb\"},\"inLanguage\":\"es\",\"potentialAction\":[{\"@type\":\"ReadAction\",\"target\":[\"https:\/\/fundacioseira.coop\/es\/orientacion-financiera\/\"]}]},{\"@type\":\"BreadcrumbList\",\"@id\":\"https:\/\/fundacioseira.coop\/es\/orientacion-financiera\/#breadcrumb\",\"itemListElement\":[{\"@type\":\"ListItem\",\"position\":1,\"name\":\"Inici\",\"item\":\"https:\/\/fundacioseira.coop\/es\/\"},{\"@type\":\"ListItem\",\"position\":2,\"name\":\"Orientaci\u00f3n Financiera \u200b\"}]},{\"@type\":\"WebSite\",\"@id\":\"https:\/\/fundacioseira.coop\/es\/#website\",\"url\":\"https:\/\/fundacioseira.coop\/es\/\",\"name\":\"Fundaci\u00f3 SEIRA\",\"description\":\"\",\"publisher\":{\"@id\":\"https:\/\/fundacioseira.coop\/es\/#organization\"},\"potentialAction\":[{\"@type\":\"SearchAction\",\"target\":{\"@type\":\"EntryPoint\",\"urlTemplate\":\"https:\/\/fundacioseira.coop\/es\/?s={search_term_string}\"},\"query-input\":{\"@type\":\"PropertyValueSpecification\",\"valueRequired\":true,\"valueName\":\"search_term_string\"}}],\"inLanguage\":\"es\"},{\"@type\":\"Organization\",\"@id\":\"https:\/\/fundacioseira.coop\/es\/#organization\",\"name\":\"Fundaci\u00f3 SEIRA\",\"url\":\"https:\/\/fundacioseira.coop\/es\/\",\"logo\":{\"@type\":\"ImageObject\",\"inLanguage\":\"es\",\"@id\":\"https:\/\/fundacioseira.coop\/es\/#\/schema\/logo\/image\/\",\"url\":\"https:\/\/fundacioseira.coop\/wp-content\/uploads\/2026\/02\/Seira_IC1_White.png\",\"contentUrl\":\"https:\/\/fundacioseira.coop\/wp-content\/uploads\/2026\/02\/Seira_IC1_White.png\",\"width\":1417,\"height\":531,\"caption\":\"Fundaci\u00f3 SEIRA\"},\"image\":{\"@id\":\"https:\/\/fundacioseira.coop\/es\/#\/schema\/logo\/image\/\"}}]}<\/script>\n<!-- \/ Yoast SEO plugin. -->","yoast_head_json":{"title":"Orientaci\u00f3n Financiera \u200b - Fundaci\u00f3 SEIRA","robots":{"index":"index","follow":"follow","max-snippet":"max-snippet:-1","max-image-preview":"max-image-preview:large","max-video-preview":"max-video-preview:-1"},"canonical":"https:\/\/fundacioseira.coop\/es\/orientacion-financiera\/","og_locale":"es_ES","og_type":"article","og_title":"Orientaci\u00f3n Financiera \u200b - Fundaci\u00f3 SEIRA","og_description":"[vc_section][vc_row][vc_column][vc_empty_space height=\u00bb50px\u00bb][vc_column_text css=\u00bb\u00bb el_class=\u00bbtitol-principal etiqueta-principal\u00bb] Orientaci\u00f3n Financiera [\/vc_column_text][\/vc_column][\/vc_row][\/vc_section][vc_section el_class=\u00bborientacio-financera\u00bb][vc_row][vc_column width=\u00bb1\/2&#8243;][vc_column_text css=\u00bb\u00bb el_class=\u00bbcolor-accent\u00bb]Con el programa de Orientaci\u00f3n Financiera de la Federaci\u00f3n de Cooperativas de Trabajo de Catalu\u00f1a, las empresas federadas reciben un acompa\u00f1amiento profesional para detectar sus necesidades financieras y tomar decisiones al respeto. Numerosas cooperativas de trabajo en diferentes fases de evoluci\u00f3n se han beneficiado ... Leer m\u00e1s","og_url":"https:\/\/fundacioseira.coop\/es\/orientacion-financiera\/","og_site_name":"Fundaci\u00f3 SEIRA","article_modified_time":"2026-03-11T10:57:01+00:00","twitter_card":"summary_large_image","twitter_misc":{"Tiempo de lectura":"1 minuto"},"schema":{"@context":"https:\/\/schema.org","@graph":[{"@type":"WebPage","@id":"https:\/\/fundacioseira.coop\/es\/orientacion-financiera\/","url":"https:\/\/fundacioseira.coop\/es\/orientacion-financiera\/","name":"Orientaci\u00f3n Financiera \u200b - Fundaci\u00f3 SEIRA","isPartOf":{"@id":"https:\/\/fundacioseira.coop\/es\/#website"},"datePublished":"2025-10-30T10:28:23+00:00","dateModified":"2026-03-11T10:57:01+00:00","breadcrumb":{"@id":"https:\/\/fundacioseira.coop\/es\/orientacion-financiera\/#breadcrumb"},"inLanguage":"es","potentialAction":[{"@type":"ReadAction","target":["https:\/\/fundacioseira.coop\/es\/orientacion-financiera\/"]}]},{"@type":"BreadcrumbList","@id":"https:\/\/fundacioseira.coop\/es\/orientacion-financiera\/#breadcrumb","itemListElement":[{"@type":"ListItem","position":1,"name":"Inici","item":"https:\/\/fundacioseira.coop\/es\/"},{"@type":"ListItem","position":2,"name":"Orientaci\u00f3n Financiera \u200b"}]},{"@type":"WebSite","@id":"https:\/\/fundacioseira.coop\/es\/#website","url":"https:\/\/fundacioseira.coop\/es\/","name":"Fundaci\u00f3 SEIRA","description":"","publisher":{"@id":"https:\/\/fundacioseira.coop\/es\/#organization"},"potentialAction":[{"@type":"SearchAction","target":{"@type":"EntryPoint","urlTemplate":"https:\/\/fundacioseira.coop\/es\/?s={search_term_string}"},"query-input":{"@type":"PropertyValueSpecification","valueRequired":true,"valueName":"search_term_string"}}],"inLanguage":"es"},{"@type":"Organization","@id":"https:\/\/fundacioseira.coop\/es\/#organization","name":"Fundaci\u00f3 SEIRA","url":"https:\/\/fundacioseira.coop\/es\/","logo":{"@type":"ImageObject","inLanguage":"es","@id":"https:\/\/fundacioseira.coop\/es\/#\/schema\/logo\/image\/","url":"https:\/\/fundacioseira.coop\/wp-content\/uploads\/2026\/02\/Seira_IC1_White.png","contentUrl":"https:\/\/fundacioseira.coop\/wp-content\/uploads\/2026\/02\/Seira_IC1_White.png","width":1417,"height":531,"caption":"Fundaci\u00f3 SEIRA"},"image":{"@id":"https:\/\/fundacioseira.coop\/es\/#\/schema\/logo\/image\/"}}]}},"_links":{"self":[{"href":"https:\/\/fundacioseira.coop\/es\/wp-json\/wp\/v2\/pages\/1185","targetHints":{"allow":["GET"]}}],"collection":[{"href":"https:\/\/fundacioseira.coop\/es\/wp-json\/wp\/v2\/pages"}],"about":[{"href":"https:\/\/fundacioseira.coop\/es\/wp-json\/wp\/v2\/types\/page"}],"author":[{"embeddable":true,"href":"https:\/\/fundacioseira.coop\/es\/wp-json\/wp\/v2\/users\/1"}],"replies":[{"embeddable":true,"href":"https:\/\/fundacioseira.coop\/es\/wp-json\/wp\/v2\/comments?post=1185"}],"version-history":[{"count":2,"href":"https:\/\/fundacioseira.coop\/es\/wp-json\/wp\/v2\/pages\/1185\/revisions"}],"predecessor-version":[{"id":1306,"href":"https:\/\/fundacioseira.coop\/es\/wp-json\/wp\/v2\/pages\/1185\/revisions\/1306"}],"wp:attachment":[{"href":"https:\/\/fundacioseira.coop\/es\/wp-json\/wp\/v2\/media?parent=1185"}],"curies":[{"name":"wp","href":"https:\/\/api.w.org\/{rel}","templated":true}]}}