{"id":1182,"date":"2025-10-29T11:55:47","date_gmt":"2025-10-29T10:55:47","guid":{"rendered":"https:\/\/fundacioseira.coop\/nosaltres\/"},"modified":"2026-03-24T16:43:48","modified_gmt":"2026-03-24T15:43:48","slug":"nosotros","status":"publish","type":"page","link":"https:\/\/fundacioseira.coop\/es\/nosotros\/","title":{"rendered":"Nosotros"},"content":{"rendered":"<div class=\"wpb-content-wrapper\"><p>[vc_section el_id=\u00bbqui-som\u00bb][vc_row][vc_column][vc_empty_space height=\u00bb50px\u00bb][vc_column_text css=\u00bb\u00bb el_class=\u00bbtitol-principal etiqueta-principal\u00bb]<\/p>\n<h1>Qui\u00e9nes somos<\/h1>\n<p>[\/vc_column_text][\/vc_column][\/vc_row][\/vc_section][vc_section el_class=\u00bbbg-accent\u00bb][vc_row equal_height=\u00bbyes\u00bb el_class=\u00bbpg-50 color-blanco\u00bb][vc_column width=\u00bb1\/2&#8243; el_class=\u00bbcolumnas-L\u00bb][vc_column_text css=\u00bb\u00bb]Seira Impuls Cooperatiu ofrece a las entidades de la econom\u00eda social y cooperativa de Catalu\u00f1a, y especialmente a las cooperativas de trabajo federadas, claves para acceder a una financiaci\u00f3n. Seira contribuye a generar confianza entre las entidades financieras y las cooperativas a partir de un abanico de herramientas pr\u00e1cticas y propuestas formativas adaptadas a sus necesidades.[\/vc_column_text][vc_single_image image=\u00bb1214&#8243; img_size=\u00bbfull\u00bb alignment=\u00bbcenter\u00bb css=\u00bb\u00bb][vc_column_text css=\u00bb\u00bb el_class=\u00bbmg-bot-15&#8243;]<\/p>\n<h4><span style=\"text-decoration: underline;\">Or\u00edgenes<\/span><\/h4>\n<p>[\/vc_column_text][vc_column_text css=\u00bb\u00bb]La Fundaci\u00f3n Seira se cre\u00f3 en 2008 con la voluntad de preservar y dar sentido colectivo al patrimonio que gener\u00f3 la transformaci\u00f3n de la cooperativa Ecot\u00e8cnia.[\/vc_column_text][vc_column_text css=\u00bb\u00bb]Impulsada por personas exsocias de la cooperativa y la Federaci\u00f3n de Cooperativas de Trabajo de Catalu\u00f1a, la Fundaci\u00f3n Seira naci\u00f3 con la finalidad de apoyar y promocionar el cooperativismo, especialmente el de trabajo asociado.[\/vc_column_text][\/vc_column][vc_column width=\u00bb1\/2&#8243; css=\u00bb.vc_custom_1770733530392{background-image: url(https:\/\/fundacioseira.coop\/wp-content\/uploads\/2025\/10\/seira-1.jpg?id=185) !important;background-position: center !important;background-repeat: no-repeat !important;background-size: cover !important;}\u00bb el_class=\u00bbcolumnas-R\u00bb][\/vc_column][\/vc_row][\/vc_section][vc_section el_id=\u00bbmissio\u00bb][vc_row][vc_column][vc_empty_space height=\u00bb100px\u00bb][vc_column_text css=\u00bb\u00bb el_class=\u00bbtitol-principal etiqueta-principal\u00bb]<\/p>\n<h2>Misi\u00f3n, Visi\u00f3n y Valores<\/h2>\n<p>[\/vc_column_text][\/vc_column][\/vc_row][\/vc_section][vc_section][vc_row][vc_column width=\u00bb1\/2&#8243; el_class=\u00bbcolumnas-L\u00bb]<div class=\"ult-content-box-container bg-accent color-blanco pg-50\" >\t\t<div class=\"ult-content-box\" style=\"box-shadow: px px px px none;-webkit-transition: all 700ms ease;-moz-transition: all 700ms ease;-ms-transition: all 700ms ease;-o-transition: all 700ms ease;transition: all 700ms ease;\"  data-hover_box_shadow=\"none\"    >[vc_column_text css=\u00bb\u00bb]<\/p>\n<h3 style=\"text-align: center;\">Misi\u00f3n<\/h3>\n<p>[\/vc_column_text][vc_column_text css=\u00bb\u00bb el_class=\u00bbmg-bot-0&#8243;]<\/p>\n<p style=\"text-align: center;\">Seira es una fundaci\u00f3n sin \u00e1nimo de lucro que da apoyo financiero a las entidades de la econom\u00eda social y cooperativa catalanas, y especialmente a las cooperativas de trabajo federadas. Act\u00faa con transparencia y accesibilidad para dotarlas de las herramientas y recursos necesarios para mejorar la cultura financiera y el acceso a la financiaci\u00f3n, a la vez que sensibiliza el sector financiero ante la econom\u00eda social y cooperativa.<\/p>\n<p>[\/vc_column_text]\t\t<\/div><\/div>[vc_empty_space]<div class=\"ult-content-box-container bg-accent-3 color-blanco pg-50\" >\t\t<div class=\"ult-content-box\" style=\"box-shadow: px px px px none;-webkit-transition: all 700ms ease;-moz-transition: all 700ms ease;-ms-transition: all 700ms ease;-o-transition: all 700ms ease;transition: all 700ms ease;\"  data-hover_box_shadow=\"none\"    >[vc_column_text css=\u00bb\u00bb]<\/p>\n<h3 style=\"text-align: center;\">Visi\u00f3n<\/h3>\n<p>[\/vc_column_text][vc_column_text css=\u00bb\u00bb el_class=\u00bbmg-bot-0&#8243;]<\/p>\n<p style=\"text-align: center;\">Seira Impuls Cooperatiu quiere ser un referente del conocimiento de la econom\u00eda social y el cooperativismo a nivel financiero en el \u00e1mbito nacional, estatal e internacional. La entidad tambi\u00e9n quiere ser reconocida por su funcionamiento transparente y su proximidad con la realidad de las cooperativas. Seira trabaja en coordinaci\u00f3n con la Federaci\u00f3n de Cooperativas de Trabajo de Catalu\u00f1a y las instituciones que comparten el objetivo de ayudar a las empresas cooperativas y de la econom\u00eda social. Seira treballa coordinadament amb la Federaci\u00f3 de Cooperatives de Treball de Catalunya i amb aquelles institucions que comparteixen l\u2019objectiu d\u2019ajudar a les empreses cooperatives i d\u2019economia social.<\/p>\n<p>[\/vc_column_text]\t\t<\/div><\/div>[\/vc_column][vc_column width=\u00bb1\/2&#8243; el_class=\u00bbcolumnas-R\u00bb]<div class=\"ult-content-box-container bg-accent-2 color-blanco pg-50\" >\t\t<div class=\"ult-content-box\" style=\"box-shadow: px px px px none;-webkit-transition: all 700ms ease;-moz-transition: all 700ms ease;-ms-transition: all 700ms ease;-o-transition: all 700ms ease;transition: all 700ms ease;\"  data-hover_box_shadow=\"none\"    >[vc_column_text css=\u00bb\u00bb]<\/p>\n<h3 style=\"text-align: center;\">Valores<\/h3>\n<p>[\/vc_column_text][vc_column_text css=\u00bb\u00bb el_class=\u00bbmg-bot-0&#8243;]<\/p>\n<p style=\"text-align: center;\">Seira Impuls Cooperatiu desarrolla sus actividades bas\u00e1ndose en los valores y principios propios del cooperativismo, con cinco ejes principales.<\/p>\n<p>[\/vc_column_text]\t\t<\/div><\/div>[vc_empty_space height=\u00bb35px\u00bb][vc_row_inner][vc_column_inner][vc_column_text css=\u00bb\u00bb el_class=\u00bbtxt-17&#8243;]<span style=\"color: #009fff;\">Innovaci\u00f3n:<\/span> af\u00e1n de buscar constantemente nuevas estrategias, metodolog\u00edas o espacios con los cuales articular e impulsar el cooperativismo.<\/p>\n<p><span style=\"color: #009fff;\">Diversidad<\/span>\u00a0de proyectos y focalizaci\u00f3n: Seira Impuls Cooperatiu se abre a intervenir en muchos \u00e1mbitos, siempre con la idea de concretar para obtener resultados tangibles y efectivos.<\/p>\n<p><span style=\"color: #009fff;\">Complementariedad:<\/span>\u00a0la actividad de Seira Impuls Cooperatiu no pretende sustituir o solaparse con la de otros agentes del movimiento cooperativo, sino sumarse a ellos y contribuir a potenciar su efecto.<\/p>\n<p><span style=\"color: #009fff;\">Colaboraci\u00f3n:<\/span> promover alianzas estrat\u00e9gicas para crear y promocionar instrumentos para la financiaci\u00f3n de las empresas cooperativas. Participaci\u00f3n con organizaciones que ofrecen financiaci\u00f3n a cooperativas e impulso de nuevos instrumentos que complementen sus necesidades financieras. Consideramos de especial importancia mejorar la solvencia, la liquidez y las garant\u00edas.<\/p>\n<p><span style=\"color: #009fff;\">Soporte<\/span> a proyectos estrat\u00e9gicos del cooperativismo que cubran necesidades generales (formaci\u00f3n, informaci\u00f3n, creaci\u00f3n, financiaci\u00f3n, comercializaci\u00f3n, innovaci\u00f3n, internacionalizaci\u00f3n, etc.) y se impulsen desde experiencias o entidades representativas.[\/vc_column_text][\/vc_column_inner][\/vc_row_inner][\/vc_column][\/vc_row][\/vc_section][vc_section el_id=\u00bbpatronat\u00bb][vc_row][vc_column][vc_column_text css=\u00bb\u00bb el_class=\u00bbtitol-principal etiqueta-principal\u00bb]<\/p>\n<h2 style=\"text-align: left;\">Patronato<\/h2>\n<p>[\/vc_column_text][\/vc_column][\/vc_row][\/vc_section][vc_section][vc_row][vc_column width=\u00bb1\/2&#8243; el_class=\u00bbcolumnas-L\u00bb][vc_column_text css=\u00bb\u00bb el_class=\u00bbcolor-accent\u00bb]El Patronato es el \u00f3rgano de gobierno de Seira Impuls Cooperatiu. Su tarea consiste en velar por la consecuci\u00f3n de la finalidad fundacional y porque los frutos, ingresos y activos de la fundaci\u00f3n se doten y utilicen realmente en beneficio de los destinatarios.[\/vc_column_text]<div class=\"ult-content-box-container bg-accent-2 color-blanco pg-50\" >\t\t<div class=\"ult-content-box\" style=\"box-shadow: px px px px none;-webkit-transition: all 700ms ease;-moz-transition: all 700ms ease;-ms-transition: all 700ms ease;-o-transition: all 700ms ease;transition: all 700ms ease;\"  data-hover_box_shadow=\"none\"    >[vc_column_text css=\u00bb\u00bb el_class=\u00bbmg-bot-0&#8243;]<\/p>\n<p style=\"text-align: center;\">El Patronato de Seira es elegido por el Consejo Rector de la Federaci\u00f3n de Cooperativas de Trabajo de Catalu\u00f1a.<\/p>\n<p>[\/vc_column_text]\t\t<\/div><\/div>[vc_empty_space][vc_single_image image=\u00bb1215&#8243; img_size=\u00bbfull\u00bb alignment=\u00bbcenter\u00bb css=\u00bb\u00bb]<div class=\"ult-content-box-container box-col-2\" >\t\t<div class=\"ult-content-box\" style=\"box-shadow: px px px px none;-webkit-transition: all 700ms ease;-moz-transition: all 700ms ease;-ms-transition: all 700ms ease;-o-transition: all 700ms ease;transition: all 700ms ease;\"  data-hover_box_shadow=\"none\"    >[vc_column_text css=\u00bb\u00bb el_class=\u00bbtxt-15&#8243;]<span style=\"color: #009fff;\">Presidenta:<\/span> Laia Bonastra Arg\u00fcello<br \/>\n<span style=\"color: #009fff;\">Vicepresidente primero:<\/span> Jaume Oller Rosell<br \/>\n<span style=\"color: #009fff;\">Vicepresidente segundo:<\/span> Miquel Cabr\u00e9 Mallafr\u00e9<br \/>\n<span style=\"color: #009fff;\">Secretario:<\/span> Jes\u00fas Carri\u00f3n Rabasco<br \/>\n<span style=\"color: #009fff;\">Vocal:<\/span> Guernica Facundo Vericat[\/vc_column_text][vc_column_text css=\u00bb\u00bb el_class=\u00bbtxt-15&#8243;]<span style=\"color: #009fff;\">Vocal:<\/span> Raimon Gassiot Ballb\u00e9<br \/>\n<span style=\"color: #009fff;\">Vocal:<\/span> Ariadna Mendieta Sim\u00f3<br \/>\n<span style=\"color: #009fff;\">Vocal:<\/span> Ivone Maritza Henao Arias<br \/>\n<span style=\"color: #009fff;\">Vocal:<\/span> Llu\u00eds Nadal Vidal<br \/>\n<span style=\"color: #009fff;\">Vocal:<\/span> Jordi Manresa Casals[\/vc_column_text]\t\t<\/div><\/div>[vc_column_text css=\u00bb\u00bb el_class=\u00bbcolor-accent txt-15&#8243;]Anteriores directores: Rafael Vidal ( 2018-2020) Joana G\u00f3mez (2013-2017) Miquel Mir\u00f3 (2009-2013) y David P\u00e9rez (2008-2009).[\/vc_column_text][\/vc_column][vc_column width=\u00bb1\/2&#8243; el_class=\u00bbcolumnas-R\u00bb]<div class=\"ult-content-box-container bg-accent-3 color-blanco pg-50\" >\t\t<div class=\"ult-content-box\" style=\"box-shadow: px px px px none;-webkit-transition: all 700ms ease;-moz-transition: all 700ms ease;-ms-transition: all 700ms ease;-o-transition: all 700ms ease;transition: all 700ms ease;\"  data-hover_box_shadow=\"none\"    >[vc_column_text css=\u00bb\u00bb el_class=\u00bbmg-bot-0&#8243;]<\/p>\n<p style=\"text-align: left;\">El equipo que gestiona Seira Impuls Cooperatiu est\u00e1 formado por:<\/p>\n<p>[\/vc_column_text]\t\t<\/div><\/div>[vc_empty_space][vc_row_inner][vc_column_inner width=\u00bb1\/2&#8243;][vc_single_image image=\u00bb1216&#8243; img_size=\u00bbfull\u00bb css=\u00bb\u00bb el_class=\u00bbimg-personal\u00bb][vc_column_text css=\u00bb\u00bb el_class=\u00bbnom-personal\u00bb]Miguel Linde[\/vc_column_text][vc_column_text css=\u00bb\u00bb el_class=\u00bbtext-personal\u00bb]Desde enero 2021, Miguel Linde encabeza la Direcci\u00f3n de la fundaci\u00f3n.[\/vc_column_text][\/vc_column_inner][vc_column_inner width=\u00bb1\/2&#8243;][vc_single_image image=\u00bb1217&#8243; img_size=\u00bbfull\u00bb css=\u00bb\u00bb el_class=\u00bbimg-personal\u00bb][vc_column_text css=\u00bb\u00bb el_class=\u00bbnom-personal\u00bb]Daniel Mar\u00eda[\/vc_column_text][vc_column_text css=\u00bb\u00bb el_class=\u00bbtext-personal\u00bb]En abril 2022 se incorpor\u00f3 Daniel Mar\u00eda como Responsable de proyectos.[\/vc_column_text][\/vc_column_inner][\/vc_row_inner][vc_row_inner][vc_column_inner width=\u00bb1\/2&#8243;][vc_single_image image=\u00bb1218&#8243; img_size=\u00bbfull\u00bb css=\u00bb\u00bb el_class=\u00bbimg-personal\u00bb][vc_column_text css=\u00bb\u00bb el_class=\u00bbnom-personal\u00bb]Lorena Blanco[\/vc_column_text][vc_column_text css=\u00bb\u00bb el_class=\u00bbtext-personal\u00bb]Lorena Blanco forma parte del equipo de Seira desde marzo 2023, como T\u00e9cnica de proyectos.[\/vc_column_text][\/vc_column_inner][vc_column_inner width=\u00bb1\/2&#8243;][vc_single_image image=\u00bb1219&#8243; img_size=\u00bbfull\u00bb css=\u00bb\u00bb el_class=\u00bbimg-personal\u00bb][vc_column_text css=\u00bb\u00bb el_class=\u00bbnom-personal\u00bb]Anna Yuste[\/vc_column_text][vc_column_text css=\u00bb\u00bb el_class=\u00bbtext-personal\u00bb]Anna Yuste forma parte del equipo de Seira desde junio 2024, como T\u00e9cnica de proyectos.[\/vc_column_text][\/vc_column_inner][\/vc_row_inner][vc_row_inner][vc_column_inner width=\u00bb1\/2&#8243;][vc_single_image image=\u00bb1936&#8243; img_size=\u00bbfull\u00bb css=\u00bb\u00bb el_class=\u00bbimg-personal\u00bb][vc_column_text css=\u00bb\u00bb el_class=\u00bbnom-personal\u00bb]Ver\u00f3nica Campos[\/vc_column_text][vc_column_text css=\u00bb\u00bb el_class=\u00bbtext-personal\u00bb]Ver\u00f3nica Campos forma parte del equipo de Seira desde marzo 2026, como Administrativa[\/vc_column_text][\/vc_column_inner][\/vc_row_inner][\/vc_column][\/vc_row][\/vc_section][vc_section el_id=\u00bbtransparencia\u00bb][vc_row][vc_column][vc_column_text css=\u00bb\u00bb el_class=\u00bbtitol-principal etiqueta-principal\u00bb]<\/p>\n<h2>Transparencia<\/h2>\n<p>[\/vc_column_text][\/vc_column][\/vc_row][\/vc_section][vc_section][vc_row][vc_column width=\u00bb1\/2&#8243; el_class=\u00bbcolor-accent columnas-L\u00bb][vc_column_text css=\u00bb\u00bb]La transparencia es un valor fundamental para la Fundaci\u00f3n Seira, ya que permite difundir con claridad la cultura financiera al servicio de la econom\u00eda social y cooperativa, garantizando a la vez la democracia del funcionamiento interno mediante la rendici\u00f3n de cuentas.[\/vc_column_text][vc_row_inner][vc_column_inner width=\u00bb1\/2&#8243;][vc_column_text css=\u00bb\u00bb el_class=\u00bbbtn-center btn-main btn-accent-3&#8243;]<\/p>\n<p style=\"text-align: center;\"><a href=\"https:\/\/fundacioseira.coop\/es\/memorias\/\">Ver memorias<\/a><\/p>\n<p>[\/vc_column_text][\/vc_column_inner][vc_column_inner el_class=\u00bbbutton-accent\u00bb width=\u00bb1\/2&#8243;][vc_column_text css=\u00bb\u00bb el_class=\u00bbbtn-center btn-main btn-accent\u00bb]<\/p>\n<p style=\"text-align: center;\"><a href=\"https:\/\/fundacioseira.coop\/es\/auditorias\/\">Ver auditor\u00edas<\/a><\/p>\n<p>[\/vc_column_text][\/vc_column_inner][\/vc_row_inner][\/vc_column][vc_column width=\u00bb1\/2&#8243; el_class=\u00bbbg-accent-3 color-blanco columnas-R\u00bb]<div class=\"ult-content-box-container bg-accent-3 color-blanco pg-50\" >\t\t<div class=\"ult-content-box\" style=\"box-shadow: px px px px none;-webkit-transition: all 700ms ease;-moz-transition: all 700ms ease;-ms-transition: all 700ms ease;-o-transition: all 700ms ease;transition: all 700ms ease;\"  data-hover_box_shadow=\"none\"    >[vc_column_text css=\u00bb\u00bb el_class=\u00bbmg-bot-0&#8243;]En un ejercicio de transparencia corporativa, Seira publica cada a\u00f1o una memoria social y un informe interno de auditor\u00eda. Pod\u00e9is consultar aqu\u00ed la documentaci\u00f3n de los \u00faltimos a\u00f1os.[\/vc_column_text]\t\t<\/div><\/div>[\/vc_column][\/vc_row][vc_row content_placement=\u00bbmiddle\u00bb][vc_column][vc_empty_space]<div class=\"ult-content-box-container bg-accent-2 color-blanco pg-10\" >\t\t<div class=\"ult-content-box\" style=\"box-shadow: px px px px none;-webkit-transition: all 700ms ease;-moz-transition: all 700ms ease;-ms-transition: all 700ms ease;-o-transition: all 700ms ease;transition: all 700ms ease;\"  data-hover_box_shadow=\"none\"    >[vc_column_text css=\u00bb\u00bb el_class=\u00bbmg-bot-0&#8243;]<\/p>\n<p style=\"text-align: center;\"><a href=\"https:\/\/fundacioseira.coop\/wp-content\/uploads\/2026\/03\/Carta_fundacional_i_estatuts_ordenat.pdf\">Estatutos de Seira<\/a><\/p>\n<p>[\/vc_column_text]\t\t<\/div><\/div>[vc_empty_space]<div class=\"ult-content-box-container bg-accent-2 color-blanco pg-10\" >\t\t<div class=\"ult-content-box\" style=\"box-shadow: px px px px none;-webkit-transition: all 700ms ease;-moz-transition: all 700ms ease;-ms-transition: all 700ms ease;-o-transition: all 700ms ease;transition: all 700ms ease;\"  data-hover_box_shadow=\"none\"    >[vc_column_text css=\u00bb\u00bb el_class=\u00bbmg-bot-0&#8243;]<\/p>\n<p style=\"text-align: center;\"><a href=\"https:\/\/fundacioseira.coop\/wp-content\/uploads\/2026\/02\/Signature-FEI_rotated.pdf\" target=\"_blank\" rel=\"noopener\">Signatura FEI<\/a><\/p>\n<p>[\/vc_column_text]\t\t<\/div><\/div>[\/vc_column][\/vc_row][\/vc_section]<\/p>\n<\/div>","protected":false},"excerpt":{"rendered":"<p>[vc_section el_id=\u00bbqui-som\u00bb][vc_row][vc_column][vc_empty_space height=\u00bb50px\u00bb][vc_column_text css=\u00bb\u00bb el_class=\u00bbtitol-principal etiqueta-principal\u00bb] Qui\u00e9nes somos [\/vc_column_text][\/vc_column][\/vc_row][\/vc_section][vc_section el_class=\u00bbbg-accent\u00bb][vc_row equal_height=\u00bbyes\u00bb el_class=\u00bbpg-50 color-blanco\u00bb][vc_column width=\u00bb1\/2&#8243; el_class=\u00bbcolumnas-L\u00bb][vc_column_text css=\u00bb\u00bb]Seira Impuls Cooperatiu ofrece a las entidades de la econom\u00eda social y cooperativa de Catalu\u00f1a, y especialmente a las cooperativas de trabajo federadas, claves para acceder a una financiaci\u00f3n. Seira contribuye a generar confianza entre las entidades financieras y las &#8230; <a title=\"Nosotros\" class=\"read-more\" href=\"https:\/\/fundacioseira.coop\/es\/nosotros\/\" aria-label=\"Leer m\u00e1s sobre Nosotros\">Leer m\u00e1s<\/a><\/p>\n","protected":false},"author":1,"featured_media":0,"parent":0,"menu_order":0,"comment_status":"closed","ping_status":"closed","template":"","meta":{"_acf_changed":false,"footnotes":""},"class_list":["post-1182","page","type-page","status-publish"],"acf":[],"yoast_head":"<!-- This site is optimized with the Yoast SEO plugin v27.2 - https:\/\/yoast.com\/product\/yoast-seo-wordpress\/ -->\n<title>Nosotros - Fundaci\u00f3 SEIRA<\/title>\n<meta name=\"robots\" content=\"index, follow, max-snippet:-1, max-image-preview:large, max-video-preview:-1\" \/>\n<link rel=\"canonical\" href=\"https:\/\/fundacioseira.coop\/es\/nosotros\/\" \/>\n<meta property=\"og:locale\" content=\"es_ES\" \/>\n<meta property=\"og:type\" content=\"article\" \/>\n<meta property=\"og:title\" content=\"Nosotros - Fundaci\u00f3 SEIRA\" \/>\n<meta property=\"og:description\" content=\"[vc_section el_id=\u00bbqui-som\u00bb][vc_row][vc_column][vc_empty_space height=\u00bb50px\u00bb][vc_column_text css=\u00bb\u00bb el_class=\u00bbtitol-principal etiqueta-principal\u00bb] Qui\u00e9nes somos [\/vc_column_text][\/vc_column][\/vc_row][\/vc_section][vc_section el_class=\u00bbbg-accent\u00bb][vc_row equal_height=\u00bbyes\u00bb el_class=\u00bbpg-50 color-blanco\u00bb][vc_column width=\u00bb1\/2&#8243; el_class=\u00bbcolumnas-L\u00bb][vc_column_text css=\u00bb\u00bb]Seira Impuls Cooperatiu ofrece a las entidades de la econom\u00eda social y cooperativa de Catalu\u00f1a, y especialmente a las cooperativas de trabajo federadas, claves para acceder a una financiaci\u00f3n. Seira contribuye a generar confianza entre las entidades financieras y las ... Leer m\u00e1s\" \/>\n<meta property=\"og:url\" content=\"https:\/\/fundacioseira.coop\/es\/nosotros\/\" \/>\n<meta property=\"og:site_name\" content=\"Fundaci\u00f3 SEIRA\" \/>\n<meta property=\"article:modified_time\" content=\"2026-03-24T15:43:48+00:00\" \/>\n<meta name=\"twitter:card\" content=\"summary_large_image\" \/>\n<meta name=\"twitter:label1\" content=\"Tiempo de lectura\" \/>\n\t<meta name=\"twitter:data1\" content=\"7 minutos\" \/>\n<script type=\"application\/ld+json\" class=\"yoast-schema-graph\">{\"@context\":\"https:\/\/schema.org\",\"@graph\":[{\"@type\":\"WebPage\",\"@id\":\"https:\/\/fundacioseira.coop\/es\/nosotros\/\",\"url\":\"https:\/\/fundacioseira.coop\/es\/nosotros\/\",\"name\":\"Nosotros - Fundaci\u00f3 SEIRA\",\"isPartOf\":{\"@id\":\"https:\/\/fundacioseira.coop\/es\/#website\"},\"datePublished\":\"2025-10-29T10:55:47+00:00\",\"dateModified\":\"2026-03-24T15:43:48+00:00\",\"breadcrumb\":{\"@id\":\"https:\/\/fundacioseira.coop\/es\/nosotros\/#breadcrumb\"},\"inLanguage\":\"es\",\"potentialAction\":[{\"@type\":\"ReadAction\",\"target\":[\"https:\/\/fundacioseira.coop\/es\/nosotros\/\"]}]},{\"@type\":\"BreadcrumbList\",\"@id\":\"https:\/\/fundacioseira.coop\/es\/nosotros\/#breadcrumb\",\"itemListElement\":[{\"@type\":\"ListItem\",\"position\":1,\"name\":\"Inici\",\"item\":\"https:\/\/fundacioseira.coop\/es\/\"},{\"@type\":\"ListItem\",\"position\":2,\"name\":\"Nosotros\"}]},{\"@type\":\"WebSite\",\"@id\":\"https:\/\/fundacioseira.coop\/es\/#website\",\"url\":\"https:\/\/fundacioseira.coop\/es\/\",\"name\":\"Fundaci\u00f3 SEIRA\",\"description\":\"\",\"publisher\":{\"@id\":\"https:\/\/fundacioseira.coop\/es\/#organization\"},\"potentialAction\":[{\"@type\":\"SearchAction\",\"target\":{\"@type\":\"EntryPoint\",\"urlTemplate\":\"https:\/\/fundacioseira.coop\/es\/?s={search_term_string}\"},\"query-input\":{\"@type\":\"PropertyValueSpecification\",\"valueRequired\":true,\"valueName\":\"search_term_string\"}}],\"inLanguage\":\"es\"},{\"@type\":\"Organization\",\"@id\":\"https:\/\/fundacioseira.coop\/es\/#organization\",\"name\":\"Fundaci\u00f3 SEIRA\",\"url\":\"https:\/\/fundacioseira.coop\/es\/\",\"logo\":{\"@type\":\"ImageObject\",\"inLanguage\":\"es\",\"@id\":\"https:\/\/fundacioseira.coop\/es\/#\/schema\/logo\/image\/\",\"url\":\"https:\/\/fundacioseira.coop\/wp-content\/uploads\/2026\/02\/Seira_IC1_White.png\",\"contentUrl\":\"https:\/\/fundacioseira.coop\/wp-content\/uploads\/2026\/02\/Seira_IC1_White.png\",\"width\":1417,\"height\":531,\"caption\":\"Fundaci\u00f3 SEIRA\"},\"image\":{\"@id\":\"https:\/\/fundacioseira.coop\/es\/#\/schema\/logo\/image\/\"}}]}<\/script>\n<!-- \/ Yoast SEO plugin. -->","yoast_head_json":{"title":"Nosotros - Fundaci\u00f3 SEIRA","robots":{"index":"index","follow":"follow","max-snippet":"max-snippet:-1","max-image-preview":"max-image-preview:large","max-video-preview":"max-video-preview:-1"},"canonical":"https:\/\/fundacioseira.coop\/es\/nosotros\/","og_locale":"es_ES","og_type":"article","og_title":"Nosotros - Fundaci\u00f3 SEIRA","og_description":"[vc_section el_id=\u00bbqui-som\u00bb][vc_row][vc_column][vc_empty_space height=\u00bb50px\u00bb][vc_column_text css=\u00bb\u00bb el_class=\u00bbtitol-principal etiqueta-principal\u00bb] Qui\u00e9nes somos [\/vc_column_text][\/vc_column][\/vc_row][\/vc_section][vc_section el_class=\u00bbbg-accent\u00bb][vc_row equal_height=\u00bbyes\u00bb el_class=\u00bbpg-50 color-blanco\u00bb][vc_column width=\u00bb1\/2&#8243; el_class=\u00bbcolumnas-L\u00bb][vc_column_text css=\u00bb\u00bb]Seira Impuls Cooperatiu ofrece a las entidades de la econom\u00eda social y cooperativa de Catalu\u00f1a, y especialmente a las cooperativas de trabajo federadas, claves para acceder a una financiaci\u00f3n. Seira contribuye a generar confianza entre las entidades financieras y las ... Leer m\u00e1s","og_url":"https:\/\/fundacioseira.coop\/es\/nosotros\/","og_site_name":"Fundaci\u00f3 SEIRA","article_modified_time":"2026-03-24T15:43:48+00:00","twitter_card":"summary_large_image","twitter_misc":{"Tiempo de lectura":"7 minutos"},"schema":{"@context":"https:\/\/schema.org","@graph":[{"@type":"WebPage","@id":"https:\/\/fundacioseira.coop\/es\/nosotros\/","url":"https:\/\/fundacioseira.coop\/es\/nosotros\/","name":"Nosotros - Fundaci\u00f3 SEIRA","isPartOf":{"@id":"https:\/\/fundacioseira.coop\/es\/#website"},"datePublished":"2025-10-29T10:55:47+00:00","dateModified":"2026-03-24T15:43:48+00:00","breadcrumb":{"@id":"https:\/\/fundacioseira.coop\/es\/nosotros\/#breadcrumb"},"inLanguage":"es","potentialAction":[{"@type":"ReadAction","target":["https:\/\/fundacioseira.coop\/es\/nosotros\/"]}]},{"@type":"BreadcrumbList","@id":"https:\/\/fundacioseira.coop\/es\/nosotros\/#breadcrumb","itemListElement":[{"@type":"ListItem","position":1,"name":"Inici","item":"https:\/\/fundacioseira.coop\/es\/"},{"@type":"ListItem","position":2,"name":"Nosotros"}]},{"@type":"WebSite","@id":"https:\/\/fundacioseira.coop\/es\/#website","url":"https:\/\/fundacioseira.coop\/es\/","name":"Fundaci\u00f3 SEIRA","description":"","publisher":{"@id":"https:\/\/fundacioseira.coop\/es\/#organization"},"potentialAction":[{"@type":"SearchAction","target":{"@type":"EntryPoint","urlTemplate":"https:\/\/fundacioseira.coop\/es\/?s={search_term_string}"},"query-input":{"@type":"PropertyValueSpecification","valueRequired":true,"valueName":"search_term_string"}}],"inLanguage":"es"},{"@type":"Organization","@id":"https:\/\/fundacioseira.coop\/es\/#organization","name":"Fundaci\u00f3 SEIRA","url":"https:\/\/fundacioseira.coop\/es\/","logo":{"@type":"ImageObject","inLanguage":"es","@id":"https:\/\/fundacioseira.coop\/es\/#\/schema\/logo\/image\/","url":"https:\/\/fundacioseira.coop\/wp-content\/uploads\/2026\/02\/Seira_IC1_White.png","contentUrl":"https:\/\/fundacioseira.coop\/wp-content\/uploads\/2026\/02\/Seira_IC1_White.png","width":1417,"height":531,"caption":"Fundaci\u00f3 SEIRA"},"image":{"@id":"https:\/\/fundacioseira.coop\/es\/#\/schema\/logo\/image\/"}}]}},"_links":{"self":[{"href":"https:\/\/fundacioseira.coop\/es\/wp-json\/wp\/v2\/pages\/1182","targetHints":{"allow":["GET"]}}],"collection":[{"href":"https:\/\/fundacioseira.coop\/es\/wp-json\/wp\/v2\/pages"}],"about":[{"href":"https:\/\/fundacioseira.coop\/es\/wp-json\/wp\/v2\/types\/page"}],"author":[{"embeddable":true,"href":"https:\/\/fundacioseira.coop\/es\/wp-json\/wp\/v2\/users\/1"}],"replies":[{"embeddable":true,"href":"https:\/\/fundacioseira.coop\/es\/wp-json\/wp\/v2\/comments?post=1182"}],"version-history":[{"count":6,"href":"https:\/\/fundacioseira.coop\/es\/wp-json\/wp\/v2\/pages\/1182\/revisions"}],"predecessor-version":[{"id":1963,"href":"https:\/\/fundacioseira.coop\/es\/wp-json\/wp\/v2\/pages\/1182\/revisions\/1963"}],"wp:attachment":[{"href":"https:\/\/fundacioseira.coop\/es\/wp-json\/wp\/v2\/media?parent=1182"}],"curies":[{"name":"wp","href":"https:\/\/api.w.org\/{rel}","templated":true}]}}