{"id":1172,"date":"2025-10-30T11:01:41","date_gmt":"2025-10-30T10:01:41","guid":{"rendered":"https:\/\/fundacioseira.coop\/mes-espais\/"},"modified":"2026-03-11T11:52:55","modified_gmt":"2026-03-11T10:52:55","slug":"mes-espais","status":"publish","type":"page","link":"https:\/\/fundacioseira.coop\/es\/mes-espais\/","title":{"rendered":"M\u00e9s Espais"},"content":{"rendered":"<div class=\"wpb-content-wrapper\"><p>[vc_section][vc_row][vc_column][vc_empty_space height=\u00bb50px\u00bb][vc_column_text css=\u00bb\u00bb el_class=\u00bbtitol-principal etiqueta-principal\u00bb]<\/p>\n<h1>M\u00e9s Espais<\/h1>\n<p>[\/vc_column_text][\/vc_column][\/vc_row][\/vc_section][vc_section][vc_row][vc_column width=\u00bb1\/2&#8243;][vc_column_text css=\u00bb\u00bb el_class=\u00bbbg-accent color-blanco pg-30&#8243;]<\/p>\n<h3 style=\"text-align: center;\">\u00bfQu\u00e9 es M\u00e9s Espais?<\/h3>\n<p>[\/vc_column_text][vc_column_text css=\u00bb\u00bb el_class=\u00bbcolor-accent\u00bb]Un nuevo instrumento para financiar inversiones en equipamientos destinados a empresas sociales de Catalu\u00f1a.<\/p>\n<p>\u00bfQuieres ampliar la informaci\u00f3n?[\/vc_column_text][vc_column_text css=\u00bb\u00bb el_class=\u00bblink-lila\u00bb]<a href=\"https:\/\/mesespais.org\/es\/\">mesespais.org<\/a>[\/vc_column_text][\/vc_column][vc_column width=\u00bb1\/2&#8243;][vc_column_text css=\u00bb\u00bb]Ayudamos a las <strong>organizaciones<\/strong> que se dedican a los servicios de <strong>atenci\u00f3n a las personas, la salud y la educaci\u00f3n<\/strong> a conseguir financiaci\u00f3n para impulsar sus proyectos de mejora y crecimiento.<\/p>\n<p>Promovemos <strong>equipamientos sociales<\/strong> a trav\u00e9s de la construcci\u00f3n, la reforma o la adquisici\u00f3n de inmuebles, que se ponen a disposici\u00f3n de la entidad gestora mediante un <strong>alquiler a largo plazo con opci\u00f3n a compra.<\/strong><\/p>\n<p>Acompa\u00f1amos a cada empresa social, ayud\u00e1ndola a <strong>conseguir los objetivos planteados.<\/strong><\/p>\n<p>Aportamos los <strong>recursos<\/strong> necesarios para que la entidad se pueda concentrar en su objeto social.<\/p>\n<p>Impulsamos la econom\u00eda social y solidaria haciendo part\u00edcipes del proyecto a <strong>entidades financieras \u00e9ticas<\/strong>, inversores sociales, empresas y entidades sociales.[\/vc_column_text][\/vc_column][\/vc_row][\/vc_section][vc_section][vc_row el_class=\u00bbimatges-3&#8243;][vc_column width=\u00bb1\/3&#8243;][vc_single_image image=\u00bb1173&#8243; img_size=\u00bbfull\u00bb alignment=\u00bbcenter\u00bb css=\u00bb\u00bb][\/vc_column][vc_column width=\u00bb1\/3&#8243;][vc_single_image image=\u00bb1177&#8243; img_size=\u00bbfull\u00bb alignment=\u00bbcenter\u00bb css=\u00bb\u00bb][\/vc_column][vc_column width=\u00bb1\/3&#8243;][vc_single_image image=\u00bb1178&#8243; img_size=\u00bbfull\u00bb alignment=\u00bbcenter\u00bb css=\u00bb\u00bb][\/vc_column][\/vc_row][\/vc_section]<\/p>\n<\/div>","protected":false},"excerpt":{"rendered":"<p>[vc_section][vc_row][vc_column][vc_empty_space height=\u00bb50px\u00bb][vc_column_text css=\u00bb\u00bb el_class=\u00bbtitol-principal etiqueta-principal\u00bb] M\u00e9s Espais [\/vc_column_text][\/vc_column][\/vc_row][\/vc_section][vc_section][vc_row][vc_column width=\u00bb1\/2&#8243;][vc_column_text css=\u00bb\u00bb el_class=\u00bbbg-accent color-blanco pg-30&#8243;] \u00bfQu\u00e9 es M\u00e9s Espais? [\/vc_column_text][vc_column_text css=\u00bb\u00bb el_class=\u00bbcolor-accent\u00bb]Un nuevo instrumento para financiar inversiones en equipamientos destinados a empresas sociales de Catalu\u00f1a. \u00bfQuieres ampliar la informaci\u00f3n?[\/vc_column_text][vc_column_text css=\u00bb\u00bb el_class=\u00bblink-lila\u00bb]mesespais.org[\/vc_column_text][\/vc_column][vc_column width=\u00bb1\/2&#8243;][vc_column_text css=\u00bb\u00bb]Ayudamos a las organizaciones que se dedican a los servicios de atenci\u00f3n a las personas, &#8230; <a title=\"M\u00e9s Espais\" class=\"read-more\" href=\"https:\/\/fundacioseira.coop\/es\/mes-espais\/\" aria-label=\"Leer m\u00e1s sobre M\u00e9s Espais\">Leer m\u00e1s<\/a><\/p>\n","protected":false},"author":1,"featured_media":0,"parent":0,"menu_order":0,"comment_status":"closed","ping_status":"closed","template":"","meta":{"_acf_changed":false,"footnotes":""},"class_list":["post-1172","page","type-page","status-publish"],"acf":[],"yoast_head":"<!-- This site is optimized with the Yoast SEO plugin v27.2 - https:\/\/yoast.com\/product\/yoast-seo-wordpress\/ -->\n<title>M\u00e9s Espais - Fundaci\u00f3 SEIRA<\/title>\n<meta name=\"robots\" content=\"index, follow, max-snippet:-1, max-image-preview:large, max-video-preview:-1\" \/>\n<link rel=\"canonical\" href=\"https:\/\/fundacioseira.coop\/es\/mes-espais\/\" \/>\n<meta property=\"og:locale\" content=\"es_ES\" \/>\n<meta property=\"og:type\" content=\"article\" \/>\n<meta property=\"og:title\" content=\"M\u00e9s Espais - Fundaci\u00f3 SEIRA\" \/>\n<meta property=\"og:description\" content=\"[vc_section][vc_row][vc_column][vc_empty_space height=\u00bb50px\u00bb][vc_column_text css=\u00bb\u00bb el_class=\u00bbtitol-principal etiqueta-principal\u00bb] M\u00e9s Espais [\/vc_column_text][\/vc_column][\/vc_row][\/vc_section][vc_section][vc_row][vc_column width=\u00bb1\/2&#8243;][vc_column_text css=\u00bb\u00bb el_class=\u00bbbg-accent color-blanco pg-30&#8243;] \u00bfQu\u00e9 es M\u00e9s Espais? [\/vc_column_text][vc_column_text css=\u00bb\u00bb el_class=\u00bbcolor-accent\u00bb]Un nuevo instrumento para financiar inversiones en equipamientos destinados a empresas sociales de Catalu\u00f1a. \u00bfQuieres ampliar la informaci\u00f3n?[\/vc_column_text][vc_column_text css=\u00bb\u00bb el_class=\u00bblink-lila\u00bb]mesespais.org[\/vc_column_text][\/vc_column][vc_column width=\u00bb1\/2&#8243;][vc_column_text css=\u00bb\u00bb]Ayudamos a las organizaciones que se dedican a los servicios de atenci\u00f3n a las personas, ... Leer m\u00e1s\" \/>\n<meta property=\"og:url\" content=\"https:\/\/fundacioseira.coop\/es\/mes-espais\/\" \/>\n<meta property=\"og:site_name\" content=\"Fundaci\u00f3 SEIRA\" \/>\n<meta property=\"article:modified_time\" content=\"2026-03-11T10:52:55+00:00\" \/>\n<meta name=\"twitter:card\" content=\"summary_large_image\" \/>\n<meta name=\"twitter:label1\" content=\"Tiempo de lectura\" \/>\n\t<meta name=\"twitter:data1\" content=\"2 minutos\" \/>\n<script type=\"application\/ld+json\" class=\"yoast-schema-graph\">{\"@context\":\"https:\/\/schema.org\",\"@graph\":[{\"@type\":\"WebPage\",\"@id\":\"https:\/\/fundacioseira.coop\/es\/mes-espais\/\",\"url\":\"https:\/\/fundacioseira.coop\/es\/mes-espais\/\",\"name\":\"M\u00e9s Espais - Fundaci\u00f3 SEIRA\",\"isPartOf\":{\"@id\":\"https:\/\/fundacioseira.coop\/es\/#website\"},\"datePublished\":\"2025-10-30T10:01:41+00:00\",\"dateModified\":\"2026-03-11T10:52:55+00:00\",\"breadcrumb\":{\"@id\":\"https:\/\/fundacioseira.coop\/es\/mes-espais\/#breadcrumb\"},\"inLanguage\":\"es\",\"potentialAction\":[{\"@type\":\"ReadAction\",\"target\":[\"https:\/\/fundacioseira.coop\/es\/mes-espais\/\"]}]},{\"@type\":\"BreadcrumbList\",\"@id\":\"https:\/\/fundacioseira.coop\/es\/mes-espais\/#breadcrumb\",\"itemListElement\":[{\"@type\":\"ListItem\",\"position\":1,\"name\":\"Inici\",\"item\":\"https:\/\/fundacioseira.coop\/es\/\"},{\"@type\":\"ListItem\",\"position\":2,\"name\":\"M\u00e9s Espais\"}]},{\"@type\":\"WebSite\",\"@id\":\"https:\/\/fundacioseira.coop\/es\/#website\",\"url\":\"https:\/\/fundacioseira.coop\/es\/\",\"name\":\"Fundaci\u00f3 SEIRA\",\"description\":\"\",\"publisher\":{\"@id\":\"https:\/\/fundacioseira.coop\/es\/#organization\"},\"potentialAction\":[{\"@type\":\"SearchAction\",\"target\":{\"@type\":\"EntryPoint\",\"urlTemplate\":\"https:\/\/fundacioseira.coop\/es\/?s={search_term_string}\"},\"query-input\":{\"@type\":\"PropertyValueSpecification\",\"valueRequired\":true,\"valueName\":\"search_term_string\"}}],\"inLanguage\":\"es\"},{\"@type\":\"Organization\",\"@id\":\"https:\/\/fundacioseira.coop\/es\/#organization\",\"name\":\"Fundaci\u00f3 SEIRA\",\"url\":\"https:\/\/fundacioseira.coop\/es\/\",\"logo\":{\"@type\":\"ImageObject\",\"inLanguage\":\"es\",\"@id\":\"https:\/\/fundacioseira.coop\/es\/#\/schema\/logo\/image\/\",\"url\":\"https:\/\/fundacioseira.coop\/wp-content\/uploads\/2026\/02\/Seira_IC1_White.png\",\"contentUrl\":\"https:\/\/fundacioseira.coop\/wp-content\/uploads\/2026\/02\/Seira_IC1_White.png\",\"width\":1417,\"height\":531,\"caption\":\"Fundaci\u00f3 SEIRA\"},\"image\":{\"@id\":\"https:\/\/fundacioseira.coop\/es\/#\/schema\/logo\/image\/\"}}]}<\/script>\n<!-- \/ Yoast SEO plugin. -->","yoast_head_json":{"title":"M\u00e9s Espais - Fundaci\u00f3 SEIRA","robots":{"index":"index","follow":"follow","max-snippet":"max-snippet:-1","max-image-preview":"max-image-preview:large","max-video-preview":"max-video-preview:-1"},"canonical":"https:\/\/fundacioseira.coop\/es\/mes-espais\/","og_locale":"es_ES","og_type":"article","og_title":"M\u00e9s Espais - Fundaci\u00f3 SEIRA","og_description":"[vc_section][vc_row][vc_column][vc_empty_space height=\u00bb50px\u00bb][vc_column_text css=\u00bb\u00bb el_class=\u00bbtitol-principal etiqueta-principal\u00bb] M\u00e9s Espais [\/vc_column_text][\/vc_column][\/vc_row][\/vc_section][vc_section][vc_row][vc_column width=\u00bb1\/2&#8243;][vc_column_text css=\u00bb\u00bb el_class=\u00bbbg-accent color-blanco pg-30&#8243;] \u00bfQu\u00e9 es M\u00e9s Espais? [\/vc_column_text][vc_column_text css=\u00bb\u00bb el_class=\u00bbcolor-accent\u00bb]Un nuevo instrumento para financiar inversiones en equipamientos destinados a empresas sociales de Catalu\u00f1a. \u00bfQuieres ampliar la informaci\u00f3n?[\/vc_column_text][vc_column_text css=\u00bb\u00bb el_class=\u00bblink-lila\u00bb]mesespais.org[\/vc_column_text][\/vc_column][vc_column width=\u00bb1\/2&#8243;][vc_column_text css=\u00bb\u00bb]Ayudamos a las organizaciones que se dedican a los servicios de atenci\u00f3n a las personas, ... Leer m\u00e1s","og_url":"https:\/\/fundacioseira.coop\/es\/mes-espais\/","og_site_name":"Fundaci\u00f3 SEIRA","article_modified_time":"2026-03-11T10:52:55+00:00","twitter_card":"summary_large_image","twitter_misc":{"Tiempo de lectura":"2 minutos"},"schema":{"@context":"https:\/\/schema.org","@graph":[{"@type":"WebPage","@id":"https:\/\/fundacioseira.coop\/es\/mes-espais\/","url":"https:\/\/fundacioseira.coop\/es\/mes-espais\/","name":"M\u00e9s Espais - Fundaci\u00f3 SEIRA","isPartOf":{"@id":"https:\/\/fundacioseira.coop\/es\/#website"},"datePublished":"2025-10-30T10:01:41+00:00","dateModified":"2026-03-11T10:52:55+00:00","breadcrumb":{"@id":"https:\/\/fundacioseira.coop\/es\/mes-espais\/#breadcrumb"},"inLanguage":"es","potentialAction":[{"@type":"ReadAction","target":["https:\/\/fundacioseira.coop\/es\/mes-espais\/"]}]},{"@type":"BreadcrumbList","@id":"https:\/\/fundacioseira.coop\/es\/mes-espais\/#breadcrumb","itemListElement":[{"@type":"ListItem","position":1,"name":"Inici","item":"https:\/\/fundacioseira.coop\/es\/"},{"@type":"ListItem","position":2,"name":"M\u00e9s Espais"}]},{"@type":"WebSite","@id":"https:\/\/fundacioseira.coop\/es\/#website","url":"https:\/\/fundacioseira.coop\/es\/","name":"Fundaci\u00f3 SEIRA","description":"","publisher":{"@id":"https:\/\/fundacioseira.coop\/es\/#organization"},"potentialAction":[{"@type":"SearchAction","target":{"@type":"EntryPoint","urlTemplate":"https:\/\/fundacioseira.coop\/es\/?s={search_term_string}"},"query-input":{"@type":"PropertyValueSpecification","valueRequired":true,"valueName":"search_term_string"}}],"inLanguage":"es"},{"@type":"Organization","@id":"https:\/\/fundacioseira.coop\/es\/#organization","name":"Fundaci\u00f3 SEIRA","url":"https:\/\/fundacioseira.coop\/es\/","logo":{"@type":"ImageObject","inLanguage":"es","@id":"https:\/\/fundacioseira.coop\/es\/#\/schema\/logo\/image\/","url":"https:\/\/fundacioseira.coop\/wp-content\/uploads\/2026\/02\/Seira_IC1_White.png","contentUrl":"https:\/\/fundacioseira.coop\/wp-content\/uploads\/2026\/02\/Seira_IC1_White.png","width":1417,"height":531,"caption":"Fundaci\u00f3 SEIRA"},"image":{"@id":"https:\/\/fundacioseira.coop\/es\/#\/schema\/logo\/image\/"}}]}},"_links":{"self":[{"href":"https:\/\/fundacioseira.coop\/es\/wp-json\/wp\/v2\/pages\/1172","targetHints":{"allow":["GET"]}}],"collection":[{"href":"https:\/\/fundacioseira.coop\/es\/wp-json\/wp\/v2\/pages"}],"about":[{"href":"https:\/\/fundacioseira.coop\/es\/wp-json\/wp\/v2\/types\/page"}],"author":[{"embeddable":true,"href":"https:\/\/fundacioseira.coop\/es\/wp-json\/wp\/v2\/users\/1"}],"replies":[{"embeddable":true,"href":"https:\/\/fundacioseira.coop\/es\/wp-json\/wp\/v2\/comments?post=1172"}],"version-history":[{"count":4,"href":"https:\/\/fundacioseira.coop\/es\/wp-json\/wp\/v2\/pages\/1172\/revisions"}],"predecessor-version":[{"id":1301,"href":"https:\/\/fundacioseira.coop\/es\/wp-json\/wp\/v2\/pages\/1172\/revisions\/1301"}],"wp:attachment":[{"href":"https:\/\/fundacioseira.coop\/es\/wp-json\/wp\/v2\/media?parent=1172"}],"curies":[{"name":"wp","href":"https:\/\/api.w.org\/{rel}","templated":true}]}}