{"id":1150,"date":"2025-02-28T00:22:23","date_gmt":"2025-02-27T23:22:23","guid":{"rendered":"https:\/\/fundacioseira.coop\/inici\/"},"modified":"2026-03-11T14:55:11","modified_gmt":"2026-03-11T13:55:11","slug":"inici","status":"publish","type":"page","link":"https:\/\/fundacioseira.coop\/es\/","title":{"rendered":"Inicio"},"content":{"rendered":"<div class=\"wpb-content-wrapper\"><p>[vc_section el_class=\u00bbsection-top-0 subir-section-home\u00bb][vc_row][vc_column]\n\t\t\t\t<p class=\"rs-p-wp-fix\"><\/p>\n\t\t\t\t<sr7-module data-alias=\"home-es\" data-id=\"2\" id=\"SR7_2_1\" class=\"rs-ov-hidden\" data-version=\"6.7.51\">\n\t\t\t\t\t<sr7-adjuster><\/sr7-adjuster>\n\t\t\t\t\t<sr7-content>\n\t\t\t\t\t\t<sr7-slide id=\"SR7_2_1-5\" data-key=\"5\">\n\t\t\t\t\t\t\t<sr7-bg id=\"SR7_2_1-5-1\" class=\"sr7-layer\"><noscript><img decoding=\"async\" src=\"https:\/\/fundacioseira.coop\/wp-content\/uploads\/2026\/02\/slide1.jpg\" alt=\"\" title=\"slide1\"><\/noscript><\/sr7-bg>\n\t\t\t\t\t\t\t<sr7-txt id=\"SR7_2_1-5-0\" class=\"sr7-layer\">Las finanzas al servicio de<br \/> las personas y las cooperativas<\/sr7-txt>\n\t\t\t\t\t\t<\/sr7-slide>\n\t\t\t\t\t\t<sr7-slide id=\"SR7_2_1-6\" data-key=\"6\">\n\t\t\t\t\t\t\t<sr7-bg id=\"SR7_2_1-6-2\" class=\"sr7-layer\"><noscript><img decoding=\"async\" src=\"https:\/\/fundacioseira.coop\/wp-content\/uploads\/2026\/02\/slide2.jpg\" alt=\"\" title=\"slide2\"><\/noscript><\/sr7-bg>\n\t\t\t\t\t\t\t<sr7-txt id=\"SR7_2_1-6-1\" class=\"sr7-layer\">La inversi\u00f3n de impacto por las entidades que forman parte de<br \/> la Econom\u00eda Social y Cooperativa es posible<\/sr7-txt>\n\t\t\t\t\t\t<\/sr7-slide>\n\t\t\t\t\t\t<sr7-slide id=\"SR7_2_1-7\" data-key=\"7\">\n\t\t\t\t\t\t\t<sr7-bg id=\"SR7_2_1-7-3\" class=\"sr7-layer\"><noscript><img decoding=\"async\" src=\"https:\/\/fundacioseira.coop\/wp-content\/uploads\/2026\/02\/slide3.jpg\" alt=\"\" title=\"slide3\"><\/noscript><\/sr7-bg>\n\t\t\t\t\t\t\t<sr7-txt id=\"SR7_2_1-7-2\" class=\"sr7-layer\">Trabajamos para impulsar proyectos y entidades <br \/>que fomentan un cambio en el modelo social<\/sr7-txt>\n\t\t\t\t\t\t<\/sr7-slide>\n\t\t\t\t\t\t<sr7-slide id=\"SR7_2_1-11\" data-key=\"11\">\n\t\t\t\t\t\t<\/sr7-slide>\n\t\t\t\t\t<\/sr7-content>\n\t\t\t\t\t<image_lists style=\"display:none\">\n\t\t\t\t\t\t<img data-src=\"\/\/fundacioseira.coop\/wp-content\/uploads\/2026\/02\/slide1.jpg\" data-libid=\"713\" data-lib=\"medialibrary\" title=\"slide1\" width=\"0\" height=\"0\" data-dbsrc=\"Ly9mdW5kYWNpb3NlaXJhLmNvb3Avd3AtY29udGVudC91cGxvYWRzLzIwMjYvMDIvc2xpZGUxLmpwZw==\"\/>\n\t\t\t\t\t\t<img data-src=\"\/\/fundacioseira.coop\/wp-content\/uploads\/2026\/02\/slide2.jpg\" data-libid=\"714\" data-lib=\"medialibrary\" title=\"slide2\" width=\"0\" height=\"0\" data-dbsrc=\"Ly9mdW5kYWNpb3NlaXJhLmNvb3Avd3AtY29udGVudC91cGxvYWRzLzIwMjYvMDIvc2xpZGUyLmpwZw==\"\/>\n\t\t\t\t\t\t<img data-src=\"\/\/fundacioseira.coop\/wp-content\/uploads\/2026\/02\/slide3.jpg\" data-libid=\"715\" data-lib=\"medialibrary\" title=\"slide3\" width=\"0\" height=\"0\" data-dbsrc=\"Ly9mdW5kYWNpb3NlaXJhLmNvb3Avd3AtY29udGVudC91cGxvYWRzLzIwMjYvMDIvc2xpZGUzLmpwZw==\"\/>\n\t\t\t\t\t<\/image_lists>\n\t\t\t\t<\/sr7-module>\n\t\t\t\t<script>\n\t\t\t\t\twindow.SR7 ??={};SR7.PMH ??={}; SR7.PMH[\"SR7_2_1\"] = {cn:100,state:false,fn: function() { if (window._tpt!==undefined && window._tpt.prepareModuleHeight !== undefined) {  _tpt.prepareModuleHeight({id:\"SR7_2_1\",el:[500,500,500,500,720],type:'standard',shdw:'0',gh:[500,500,500,500,720],gw:[1240,1240,1240,1240,480],vpt:['-100px&#039;,&#039;-100px&#039;,&#039;-100px&#039;,&#039;-100px&#039;,&#039;-100px'],size:{fullWidth:true, fullHeight:true},fho:'',mh:'0',onh:0,onw:0,bg:{color:'{\"orig\":\"transparent\",\"type\":\"solid\",\"string\":\"transparent\"}'}});   SR7.PMH[\"SR7_2_1\"].state=true;} else if(SR7.PMH[\"SR7_2_1\"].cn-->0)\tsetTimeout( SR7.PMH[\"SR7_2_1\"].fn,19);}};SR7.PMH[\"SR7_2_1\" ].fn();\n\t\t\t\t<\/script>\n[\/vc_column][\/vc_row][\/vc_section][vc_section][vc_row el_class=\u00bbcolor-accent\u00bb][vc_column][vc_empty_space height=\u00bb50px\u00bb][vc_column_text css=\u00bb\u00bb]<\/p>\n<h3 style=\"text-align: center;\">Somos la entidad de referencia en <strong>finanzas sociales y cooperativas<\/strong>.<br \/>\nInvertimos sin especular para la transformaci\u00f3n social. Contamos con el impulso y el respaldo de la Federaci\u00f3n de Cooperativa de Trabajo de Catalu\u00f1a.<\/h3>\n<p>[\/vc_column_text][vc_column_text css=\u00bb\u00bb el_class=\u00bbbtn-center btn-main btn-accent\u00bb]<\/p>\n<p style=\"text-align: center;\"><a href=\"https:\/\/fundacioseira.coop\/es\/nosotros\/\">M\u00e1s informaci\u00f3n<\/a><\/p>\n<p>[\/vc_column_text][vc_empty_space height=\u00bb25px\u00bb][vc_column_text css=\u00bb\u00bb]<\/p>\n<h3 style=\"text-align: center;\">\u00bfQuieres estar al d\u00eda de todas las novedades de las finanzas \u00e9ticas y las oportunidades que te ofrece Seira Impuls Cooperatiu?<\/h3>\n<p>[\/vc_column_text][vc_column_text css=\u00bb\u00bb el_class=\u00bbbtn-center btn-main btn-accent-2&#8243;]<a href=\"https:\/\/forms.office.com\/Pages\/ResponsePage.aspx?id=nd7qbJaoOkWfDepwCYsWEyNGyDDeM-lKi7reABVUo6RUN0tTQVg1Q0I4RVdQQlVHRE5QSVI2UE9MRy4u\">Suscr\u00edbete a nuestro bolet\u00edn<\/a>[\/vc_column_text][vc_empty_space height=\u00bb15px\u00bb][\/vc_column][\/vc_row][\/vc_section][vc_section el_class=\u00bbsection-mov-bot-0&#8243;][vc_row equal_height=\u00bbyes\u00bb][vc_column width=\u00bb1\/3&#8243; el_class=\u00bbimg-overlay imatge-inici-1&#8243;][\/vc_column][vc_column width=\u00bb2\/3&#8243;]<div class=\"ult-content-box-container padding-20-5\" >\t\t<div class=\"ult-content-box\" style=\"box-shadow: px px px px none;-webkit-transition: all 700ms ease;-moz-transition: all 700ms ease;-ms-transition: all 700ms ease;-o-transition: all 700ms ease;transition: all 700ms ease;\"  data-hover_box_shadow=\"none\"    >[vc_single_image image=\u00bb1151&#8243; img_size=\u00bbfull\u00bb css=\u00bb\u00bb el_class=\u00bbimg-icones\u00bb][vc_column_text css=\u00bb\u00bb]<\/p>\n<h2>Instrumentos de Inversi\u00f3n<\/h2>\n<p>[\/vc_column_text][vc_column_text css=\u00bb\u00bb]<strong>Seira Inversi\u00f3 Social<\/strong><br \/>\nLa primera soluci\u00f3n de financiaci\u00f3n paciente y sostenible, dise\u00f1ada para consolidar las entidades de la Econom\u00eda Social y Cooperativa.[\/vc_column_text][vc_column_text css=\u00bb\u00bb el_class=\u00bbbtn-main btn-accent\u00bb]<a href=\"https:\/\/fundacioseira.coop\/es\/seira-inversio-social\/\">M\u00e1s informaci\u00f3n<\/a>[\/vc_column_text][vc_column_text css=\u00bb\u00bb]<strong>M\u00e9s Espais<\/strong><br \/>\nPromoci\u00f3n de equipamientos sociales dedicados a los servicios de atenci\u00f3n a las personas. Un nuevo modelo de financiaci\u00f3n para proyectos de impacto social y ambiental.[\/vc_column_text][vc_column_text css=\u00bb\u00bb el_class=\u00bbbtn-main btn-accent mg-bot-0&#8243;]<a href=\"https:\/\/fundacioseira.coop\/es\/mes-espais\/\">M\u00e1s informaci\u00f3n<\/a>[\/vc_column_text]\t\t<\/div><\/div>[\/vc_column][\/vc_row][vc_row equal_height=\u00bbyes\u00bb][vc_column width=\u00bb1\/2&#8243; el_class=\u00bbimg-overlay imatge-inici-2 width-55&#8243; offset=\u00bbvc_hidden-lg vc_hidden-md\u00bb][\/vc_column][\/vc_row][vc_row][vc_column][vc_empty_space height=\u00bb50px\u00bb][\/vc_column][\/vc_row][vc_row equal_height=\u00bbyes\u00bb][vc_column width=\u00bb2\/3&#8243;]<div class=\"ult-content-box-container padding-20-5\" >\t\t<div class=\"ult-content-box\" style=\"box-shadow: px px px px none;-webkit-transition: all 700ms ease;-moz-transition: all 700ms ease;-ms-transition: all 700ms ease;-o-transition: all 700ms ease;transition: all 700ms ease;\"  data-hover_box_shadow=\"none\"    >[vc_single_image image=\u00bb1160&#8243; img_size=\u00bbfull\u00bb css=\u00bb\u00bb el_class=\u00bbimg-icones\u00bb][vc_column_text css=\u00bb\u00bb]<\/p>\n<h2>Formaci\u00f3n<\/h2>\n<p>[\/vc_column_text][vc_column_text css=\u00bb\u00bb]Mejorar la cultura financiera de las empresas es clave para el \u00e9xito de las iniciativas de la econom\u00eda cooperativa.<\/p>\n<p>Por su proximidad con las cooperativas de trabajo, la Fundaci\u00f3n Seira sabe identificar las necesidades m\u00e1s recurrentes en el \u00e1mbito de las finanzas y aportar las respuestas m\u00e1s adecuadas.[\/vc_column_text][vc_column_text css=\u00bb\u00bb el_class=\u00bbbtn-main btn-accent mg-bot-0&#8243;]<a href=\"https:\/\/fundacioseira.coop\/es\/formacion\/\">M\u00e1s informaci\u00f3n<\/a>[\/vc_column_text]\t\t<\/div><\/div>[\/vc_column][vc_column width=\u00bb1\/3&#8243; el_class=\u00bbimg-overlay imatge-inici-2&#8243; offset=\u00bbvc_hidden-sm vc_hidden-xs\u00bb][\/vc_column][\/vc_row][vc_row][vc_column][vc_empty_space height=\u00bb50px\u00bb][\/vc_column][\/vc_row][vc_row equal_height=\u00bbyes\u00bb][vc_column width=\u00bb1\/3&#8243; el_class=\u00bbimg-overlay imatge-inici-3&#8243;][\/vc_column][vc_column width=\u00bb2\/3&#8243;]<div class=\"ult-content-box-container padding-20-5\" >\t\t<div class=\"ult-content-box\" style=\"box-shadow: px px px px none;-webkit-transition: all 700ms ease;-moz-transition: all 700ms ease;-ms-transition: all 700ms ease;-o-transition: all 700ms ease;transition: all 700ms ease;\"  data-hover_box_shadow=\"none\"    >[vc_single_image image=\u00bb1161&#8243; css=\u00bb\u00bb][vc_column_text css=\u00bb\u00bb]<\/p>\n<h2>Orientaci\u00f3n financiera<\/h2>\n<p>[\/vc_column_text][vc_column_text css=\u00bb\u00bb]Con el programa de Orientaci\u00f3n Financiera de la Federaci\u00f3n de Cooperativas de Trabajo de Catalu\u00f1a, las empresas federadas reciben un acompa\u00f1amiento profesional para detectar sus necesidades financieras y tomar decisiones al respeto.<\/p>\n<p>Numerosas cooperativas de trabajo en diferentes fases de evoluci\u00f3n se han beneficiado del asesoramiento personalizado y profesional que ofrece Seira Impuls Cooperatiu, ejecutora del programa.[\/vc_column_text][vc_column_text css=\u00bb\u00bb el_class=\u00bbbtn-main btn-accent mg-bot-0&#8243;]<a href=\"https:\/\/fundacioseira.coop\/es\/orientacion-financiera\/\">M\u00e1s informaci\u00f3n<\/a>[\/vc_column_text]\t\t<\/div><\/div>[\/vc_column][\/vc_row][vc_row][vc_column][vc_empty_space height=\u00bb50px\u00bb el_class=\u00bbvc_hidden-sm vc_hidden-xs\u00bb][\/vc_column][\/vc_row][\/vc_section][vc_section full_width=\u00bbstretch_row\u00bb parallax=\u00bbcontent-moving\u00bb parallax_image=\u00bb698&#8243; parallax_speed_bg=\u00bb5&#8243;][vc_row][vc_column][vc_empty_space height=\u00bb100px\u00bb el_class=\u00bbvc_hidden-sm vc_hidden-xs\u00bb][\/vc_column][\/vc_row][vc_row equal_height=\u00bbyes\u00bb content_placement=\u00bbmiddle\u00bb][vc_column width=\u00bb1\/2&#8243;][vc_column_text css=\u00bb\u00bb el_class=\u00bbcolor-blanco\u00bb]<\/p>\n<h2>Qu\u00e9 es Seira y c\u00f3mo puede ayudar a las cooperativas<\/h2>\n<p>[\/vc_column_text][vc_column_text css=\u00bb\u00bb]Seira es una fundaci\u00f3n sin \u00e1nimo de lucro que da apoyo financiero a las entidades de la econom\u00eda social y las cooperativas de trabajo federadas en Catalu\u00f1a.[\/vc_column_text][\/vc_column][vc_column width=\u00bb1\/2&#8243;]<div id=\"ultimate-video-708969e77071e2723\" class=\"ult-video  ult-adjust-bottom-margin ultimate-video-708969e77071e2723 ultv-5147 video-home\"><div class=\"ultv-video ultv-aspect-ratio-16_9 ultv-subscribe-responsive-none\" data-videotype=\"uv_iframe\">\n\t\t\t\t\t\t<div class=\"ultv-video__outer-wrap\" data-autoplay=\"0\" data-device=\"false\"  data-iconbg=\"#3A3A3A\" data-overcolor=\"\" data-defaultbg=\"#1f1f1e\" data-defaultplay=\"defaulticon\"><div class=\"ultv-video__play\" data-src=\"https:\/\/www.youtube.com\/embed\/zMgVQYJJqIw?rel=0&#038;start&#038;end&#038;controls=1&#038;mute=1&#038;modestbranding=1&#038;autoplay=1\">\n\t\t\t\t\t\t\t\t<img decoding=\"async\" class=\"ultv-video__thumb\" src=\"https:\/\/i.ytimg.com\/vi\/zMgVQYJJqIw\/maxresdefault.jpg\"\/>\n\t\t\t\t\t\t\t\t<div class=\"ultv-video__play-icon  ultv-animation-none\" style=\"width:75px\"><svg height=\"100%\" version=\"1.1\" viewBox=\"0 0 68 48\" width=\"100%\"><path class=\"ultv-youtube-icon-bg\" d=\"m .66,37.62 c 0,0 .66,4.70 2.70,6.77 2.58,2.71 5.98,2.63 7.49,2.91 5.43,.52 23.10,.68 23.12,.68 .00,-1.3e-5 14.29,-0.02 23.81,-0.71 1.32,-0.15 4.22,-0.17 6.81,-2.89 2.03,-2.07 2.70,-6.77 2.70,-6.77 0,0 .67,-5.52 .67,-11.04 l 0,-5.17 c 0,-5.52 -0.67,-11.04 -0.67,-11.04 0,0 -0.66,-4.70 -2.70,-6.77 C 62.03,.86 59.13,.84 57.80,.69 48.28,0 34.00,0 34.00,0 33.97,0 19.69,0 10.18,.69 8.85,.84 5.95,.86 3.36,3.58 1.32,5.65 .66,10.35 .66,10.35 c 0,0 -0.55,4.50 -0.66,9.45 l 0,8.36 c .10,4.94 .66,9.45 .66,9.45 z\" fill=\"#1f1f1e\" ><\/path><path d=\"m 26.96,13.67 18.37,9.62 -18.37,9.55 -0.00,-19.17 z\" fill=\"#fff\"><\/path><path d=\"M 45.02,23.46 45.32,23.28 26.96,13.67 43.32,22.34 45.02,23.46 z\" fill=\"#ccc\"><\/path><\/svg><\/div> <\/div> <\/div><\/div><\/div>[\/vc_column][\/vc_row][vc_row][vc_column][vc_empty_space height=\u00bb50px\u00bb el_class=\u00bbvc_hidden-sm vc_hidden-xs\u00bb][\/vc_column][\/vc_row][\/vc_section]<\/p>\n<\/div>","protected":false},"excerpt":{"rendered":"<p>[vc_section el_class=\u00bbsection-top-0 subir-section-home\u00bb][vc_row][vc_column][\/vc_column][\/vc_row][\/vc_section][vc_section][vc_row el_class=\u00bbcolor-accent\u00bb][vc_column][vc_empty_space height=\u00bb50px\u00bb][vc_column_text css=\u00bb\u00bb] Somos la entidad de referencia en finanzas sociales y cooperativas. Invertimos sin especular para la transformaci\u00f3n social. Contamos con el impulso y el respaldo de la Federaci\u00f3n de Cooperativa de Trabajo de Catalu\u00f1a. [\/vc_column_text][vc_column_text css=\u00bb\u00bb el_class=\u00bbbtn-center btn-main btn-accent\u00bb] M\u00e1s informaci\u00f3n [\/vc_column_text][vc_empty_space height=\u00bb25px\u00bb][vc_column_text css=\u00bb\u00bb] \u00bfQuieres estar al d\u00eda de todas &#8230; <a title=\"Inicio\" class=\"read-more\" href=\"https:\/\/fundacioseira.coop\/es\/\" aria-label=\"Leer m\u00e1s sobre Inicio\">Leer m\u00e1s<\/a><\/p>\n","protected":false},"author":3,"featured_media":0,"parent":0,"menu_order":0,"comment_status":"closed","ping_status":"closed","template":"","meta":{"_acf_changed":false,"footnotes":""},"class_list":["post-1150","page","type-page","status-publish"],"acf":[],"yoast_head":"<!-- This site is optimized with the Yoast SEO plugin v27.2 - https:\/\/yoast.com\/product\/yoast-seo-wordpress\/ -->\n<title>Inicio - Fundaci\u00f3 SEIRA<\/title>\n<meta name=\"robots\" content=\"index, follow, max-snippet:-1, max-image-preview:large, max-video-preview:-1\" \/>\n<link rel=\"canonical\" href=\"https:\/\/fundacioseira.coop\/es\/\" \/>\n<meta property=\"og:locale\" content=\"es_ES\" \/>\n<meta property=\"og:type\" content=\"article\" \/>\n<meta property=\"og:title\" content=\"Inicio - Fundaci\u00f3 SEIRA\" \/>\n<meta property=\"og:description\" content=\"[vc_section el_class=\u00bbsection-top-0 subir-section-home\u00bb][vc_row][vc_column][\/vc_column][\/vc_row][\/vc_section][vc_section][vc_row el_class=\u00bbcolor-accent\u00bb][vc_column][vc_empty_space height=\u00bb50px\u00bb][vc_column_text css=\u00bb\u00bb] Somos la entidad de referencia en finanzas sociales y cooperativas. Invertimos sin especular para la transformaci\u00f3n social. Contamos con el impulso y el respaldo de la Federaci\u00f3n de Cooperativa de Trabajo de Catalu\u00f1a. [\/vc_column_text][vc_column_text css=\u00bb\u00bb el_class=\u00bbbtn-center btn-main btn-accent\u00bb] M\u00e1s informaci\u00f3n [\/vc_column_text][vc_empty_space height=\u00bb25px\u00bb][vc_column_text css=\u00bb\u00bb] \u00bfQuieres estar al d\u00eda de todas ... Leer m\u00e1s\" \/>\n<meta property=\"og:url\" content=\"https:\/\/fundacioseira.coop\/es\/\" \/>\n<meta property=\"og:site_name\" content=\"Fundaci\u00f3 SEIRA\" \/>\n<meta property=\"article:modified_time\" content=\"2026-03-11T13:55:11+00:00\" \/>\n<meta name=\"twitter:card\" content=\"summary_large_image\" \/>\n<meta name=\"twitter:label1\" content=\"Tiempo de lectura\" \/>\n\t<meta name=\"twitter:data1\" content=\"3 minutos\" \/>\n<script type=\"application\/ld+json\" class=\"yoast-schema-graph\">{\"@context\":\"https:\/\/schema.org\",\"@graph\":[{\"@type\":\"WebPage\",\"@id\":\"https:\/\/fundacioseira.coop\/es\/\",\"url\":\"https:\/\/fundacioseira.coop\/es\/\",\"name\":\"Inicio - Fundaci\u00f3 SEIRA\",\"isPartOf\":{\"@id\":\"https:\/\/fundacioseira.coop\/es\/#website\"},\"datePublished\":\"2025-02-27T23:22:23+00:00\",\"dateModified\":\"2026-03-11T13:55:11+00:00\",\"breadcrumb\":{\"@id\":\"https:\/\/fundacioseira.coop\/es\/#breadcrumb\"},\"inLanguage\":\"es\",\"potentialAction\":[{\"@type\":\"ReadAction\",\"target\":[\"https:\/\/fundacioseira.coop\/es\/\"]}]},{\"@type\":\"BreadcrumbList\",\"@id\":\"https:\/\/fundacioseira.coop\/es\/#breadcrumb\",\"itemListElement\":[{\"@type\":\"ListItem\",\"position\":1,\"name\":\"Inici\",\"item\":\"https:\/\/fundacioseira.coop\/es\/\"},{\"@type\":\"ListItem\",\"position\":2,\"name\":\"Inicio\"}]},{\"@type\":\"WebSite\",\"@id\":\"https:\/\/fundacioseira.coop\/es\/#website\",\"url\":\"https:\/\/fundacioseira.coop\/es\/\",\"name\":\"Fundaci\u00f3 SEIRA\",\"description\":\"\",\"publisher\":{\"@id\":\"https:\/\/fundacioseira.coop\/es\/#organization\"},\"potentialAction\":[{\"@type\":\"SearchAction\",\"target\":{\"@type\":\"EntryPoint\",\"urlTemplate\":\"https:\/\/fundacioseira.coop\/es\/?s={search_term_string}\"},\"query-input\":{\"@type\":\"PropertyValueSpecification\",\"valueRequired\":true,\"valueName\":\"search_term_string\"}}],\"inLanguage\":\"es\"},{\"@type\":\"Organization\",\"@id\":\"https:\/\/fundacioseira.coop\/es\/#organization\",\"name\":\"Fundaci\u00f3 SEIRA\",\"url\":\"https:\/\/fundacioseira.coop\/es\/\",\"logo\":{\"@type\":\"ImageObject\",\"inLanguage\":\"es\",\"@id\":\"https:\/\/fundacioseira.coop\/es\/#\/schema\/logo\/image\/\",\"url\":\"https:\/\/fundacioseira.coop\/wp-content\/uploads\/2026\/02\/Seira_IC1_White.png\",\"contentUrl\":\"https:\/\/fundacioseira.coop\/wp-content\/uploads\/2026\/02\/Seira_IC1_White.png\",\"width\":1417,\"height\":531,\"caption\":\"Fundaci\u00f3 SEIRA\"},\"image\":{\"@id\":\"https:\/\/fundacioseira.coop\/es\/#\/schema\/logo\/image\/\"}}]}<\/script>\n<!-- \/ Yoast SEO plugin. -->","yoast_head_json":{"title":"Inicio - Fundaci\u00f3 SEIRA","robots":{"index":"index","follow":"follow","max-snippet":"max-snippet:-1","max-image-preview":"max-image-preview:large","max-video-preview":"max-video-preview:-1"},"canonical":"https:\/\/fundacioseira.coop\/es\/","og_locale":"es_ES","og_type":"article","og_title":"Inicio - Fundaci\u00f3 SEIRA","og_description":"[vc_section el_class=\u00bbsection-top-0 subir-section-home\u00bb][vc_row][vc_column][\/vc_column][\/vc_row][\/vc_section][vc_section][vc_row el_class=\u00bbcolor-accent\u00bb][vc_column][vc_empty_space height=\u00bb50px\u00bb][vc_column_text css=\u00bb\u00bb] Somos la entidad de referencia en finanzas sociales y cooperativas. Invertimos sin especular para la transformaci\u00f3n social. Contamos con el impulso y el respaldo de la Federaci\u00f3n de Cooperativa de Trabajo de Catalu\u00f1a. [\/vc_column_text][vc_column_text css=\u00bb\u00bb el_class=\u00bbbtn-center btn-main btn-accent\u00bb] M\u00e1s informaci\u00f3n [\/vc_column_text][vc_empty_space height=\u00bb25px\u00bb][vc_column_text css=\u00bb\u00bb] \u00bfQuieres estar al d\u00eda de todas ... Leer m\u00e1s","og_url":"https:\/\/fundacioseira.coop\/es\/","og_site_name":"Fundaci\u00f3 SEIRA","article_modified_time":"2026-03-11T13:55:11+00:00","twitter_card":"summary_large_image","twitter_misc":{"Tiempo de lectura":"3 minutos"},"schema":{"@context":"https:\/\/schema.org","@graph":[{"@type":"WebPage","@id":"https:\/\/fundacioseira.coop\/es\/","url":"https:\/\/fundacioseira.coop\/es\/","name":"Inicio - Fundaci\u00f3 SEIRA","isPartOf":{"@id":"https:\/\/fundacioseira.coop\/es\/#website"},"datePublished":"2025-02-27T23:22:23+00:00","dateModified":"2026-03-11T13:55:11+00:00","breadcrumb":{"@id":"https:\/\/fundacioseira.coop\/es\/#breadcrumb"},"inLanguage":"es","potentialAction":[{"@type":"ReadAction","target":["https:\/\/fundacioseira.coop\/es\/"]}]},{"@type":"BreadcrumbList","@id":"https:\/\/fundacioseira.coop\/es\/#breadcrumb","itemListElement":[{"@type":"ListItem","position":1,"name":"Inici","item":"https:\/\/fundacioseira.coop\/es\/"},{"@type":"ListItem","position":2,"name":"Inicio"}]},{"@type":"WebSite","@id":"https:\/\/fundacioseira.coop\/es\/#website","url":"https:\/\/fundacioseira.coop\/es\/","name":"Fundaci\u00f3 SEIRA","description":"","publisher":{"@id":"https:\/\/fundacioseira.coop\/es\/#organization"},"potentialAction":[{"@type":"SearchAction","target":{"@type":"EntryPoint","urlTemplate":"https:\/\/fundacioseira.coop\/es\/?s={search_term_string}"},"query-input":{"@type":"PropertyValueSpecification","valueRequired":true,"valueName":"search_term_string"}}],"inLanguage":"es"},{"@type":"Organization","@id":"https:\/\/fundacioseira.coop\/es\/#organization","name":"Fundaci\u00f3 SEIRA","url":"https:\/\/fundacioseira.coop\/es\/","logo":{"@type":"ImageObject","inLanguage":"es","@id":"https:\/\/fundacioseira.coop\/es\/#\/schema\/logo\/image\/","url":"https:\/\/fundacioseira.coop\/wp-content\/uploads\/2026\/02\/Seira_IC1_White.png","contentUrl":"https:\/\/fundacioseira.coop\/wp-content\/uploads\/2026\/02\/Seira_IC1_White.png","width":1417,"height":531,"caption":"Fundaci\u00f3 SEIRA"},"image":{"@id":"https:\/\/fundacioseira.coop\/es\/#\/schema\/logo\/image\/"}}]}},"_links":{"self":[{"href":"https:\/\/fundacioseira.coop\/es\/wp-json\/wp\/v2\/pages\/1150","targetHints":{"allow":["GET"]}}],"collection":[{"href":"https:\/\/fundacioseira.coop\/es\/wp-json\/wp\/v2\/pages"}],"about":[{"href":"https:\/\/fundacioseira.coop\/es\/wp-json\/wp\/v2\/types\/page"}],"author":[{"embeddable":true,"href":"https:\/\/fundacioseira.coop\/es\/wp-json\/wp\/v2\/users\/3"}],"replies":[{"embeddable":true,"href":"https:\/\/fundacioseira.coop\/es\/wp-json\/wp\/v2\/comments?post=1150"}],"version-history":[{"count":5,"href":"https:\/\/fundacioseira.coop\/es\/wp-json\/wp\/v2\/pages\/1150\/revisions"}],"predecessor-version":[{"id":1565,"href":"https:\/\/fundacioseira.coop\/es\/wp-json\/wp\/v2\/pages\/1150\/revisions\/1565"}],"wp:attachment":[{"href":"https:\/\/fundacioseira.coop\/es\/wp-json\/wp\/v2\/media?parent=1150"}],"curies":[{"name":"wp","href":"https:\/\/api.w.org\/{rel}","templated":true}]}}