{"id":1147,"date":"2025-10-30T11:52:25","date_gmt":"2025-10-30T10:52:25","guid":{"rendered":"https:\/\/fundacioseira.coop\/formacio\/"},"modified":"2026-03-11T10:41:22","modified_gmt":"2026-03-11T09:41:22","slug":"formacion","status":"publish","type":"page","link":"https:\/\/fundacioseira.coop\/es\/formacion\/","title":{"rendered":"Formaci\u00f3\u200bn"},"content":{"rendered":"<div class=\"wpb-content-wrapper\"><p>[vc_section][vc_row][vc_column width=\u00bb1\/2&#8243;][vc_row_inner][vc_column_inner][vc_column_text css=\u00bb\u00bb el_class=\u00bbbg-accent color-blanco mg-bot-0 pg-30&#8243;]<\/p>\n<h3 style=\"text-align: center;\"><strong>Formaci\u00f3n<\/strong><\/h3>\n<p>[\/vc_column_text][\/vc_column_inner][\/vc_row_inner][vc_empty_space][vc_column_text css=\u00bb\u00bb el_class=\u00bbcolor-accent\u00bb]Mejorar la cultura financiera de las empresas es clave para el \u00e9xito de las iniciativas de la econom\u00eda cooperativa.<\/p>\n<p>Por su proximidad con las cooperativas de trabajo, la Fundaci\u00f3n Seira sabe identificar las necesidades m\u00e1s recurrentes en el \u00e1mbito de las finanzas y aportar las respuestas m\u00e1s adecuadas.[\/vc_column_text][\/vc_column][vc_column width=\u00bb1\/2&#8243; el_class=\u00bbbg-accent color-blanco\u00bb][vc_column_text css=\u00bb\u00bb el_class=\u00bbbg-accent color-blanco mg-bot-0 pg-30&#8243;]<strong>Les propostes formatives de la Fundaci\u00f3 Seira s\u00f3n:<\/strong><\/p>\n<p><strong><span style=\"text-decoration: underline;\">Manuales de finanzas:<\/span> <\/strong>Gu\u00edas dedicadas a profundizar en temas concretos como los pr\u00e9stamos participativos o la preparaci\u00f3n de la negociaci\u00f3n bancaria, entre otros.<\/p>\n<p><strong><span style=\"text-decoration: underline;\">Programa CuEmE:<\/span><\/strong> (Cultura emprendedora en la escuela) El programa fomenta la cultura emprendedora y las competencias b\u00e1sicas en el ciclo superior de educaci\u00f3n primaria. Durante un curso escolar, el alumnado crea y gestiona una cooperativa escolar con el apoyo de la escuela, la administraci\u00f3n local, las empresas y otras entidades de la localidad.[\/vc_column_text][\/vc_column][\/vc_row][\/vc_section][vc_section disable_element=\u00bbyes\u00bb][vc_row][vc_column width=\u00bb1\/2&#8243;][vc_row_inner][vc_column_inner][vc_column_text css=\u00bb\u00bb el_class=\u00bbbg-accent-3 color-blanco mg-bot-0 pg-30&#8243;]<\/p>\n<h3 style=\"text-align: center;\"><strong>FemPla<\/strong><\/h3>\n<p>[\/vc_column_text][\/vc_column_inner][\/vc_row_inner][vc_empty_space][vc_column_text css=\u00bb\u00bb el_class=\u00bbcolor-accent\u00bb]Seira Impuls Cooperatiu ha desenvolupat una eina que s\u2019afegeix al ventall d\u2019opcions disponibles per a les cooperatives de treball federades de cara a millorar el seu acc\u00e9s al finan\u00e7ament.<br \/>\nL\u2019eina FemPla t\u00e9 per objectiu facilitar la presa de decisions i identificar les necessitats de finan\u00e7ament en l\u2019\u00e0mbit de les inversions i el circulant.<br \/>\nLes cooperatives que utilitzen FemPla poden validar la seva capacitat per generar beneficis a futur i, d\u2019aquesta manera, optimitzar els recursos financers existents per tal de complir els seus objectius empresarials.[\/vc_column_text][\/vc_column][vc_column width=\u00bb1\/2&#8243;][vc_column_text css=\u00bb\u00bb el_class=\u00bbbg-accent color-blanco mg-bot-0 pg-30&#8243;]Les propostes formatives de la Fundaci\u00f3 Seira s\u00f3n:<br \/>\nFemPla: Eina de planificaci\u00f3 econ\u00f2mica i financera. Dissenyada amb l\u2019objectiu de facilitar la presa de decisions en l\u2019\u00e0mbit econ\u00f2mic i financer per identificar necessitats de finan\u00e7ament i optimitzar els recursos existents.<br \/>\nManuals de finances: Guies dedicades a aprofundir en temes concrets com els pr\u00e9stecs participatius o la preparaci\u00f3 de la negociaci\u00f3 banc\u00e0ria, entre d\u2019altres.<br \/>\nPrograma CuEmE: (Cultura emprenedora a l\u2019escola) El programa fomenta la cultura emprenedora i els compet\u00e8ncies b\u00e0siques en el cicle superior d\u2019educaci\u00f3 prim\u00e0ria. Durant un curs escolar, l\u2019alumnat crea i gestiona una cooperativa escolar amb el suport de l\u2019escola, l\u2019administraci\u00f3 local, els empreses i altres entitats de la seva localitat[\/vc_column_text][\/vc_column][\/vc_row][\/vc_section][vc_section disable_element=\u00bbyes\u00bb el_class=\u00bbcolor-accent\u00bb][vc_row][vc_column width=\u00bb1\/2&#8243;][vc_column_text css=\u00bb\u00bb el_class=\u00bbcolor-accent-3&#8243;]<\/p>\n<h3 style=\"text-align: center;\">Per a qui \u00e9s FemPla?<\/h3>\n<p>[\/vc_column_text][vc_column_text css=\u00bb\u00bb]FemPla \u00e9s una eina gratu\u00efta i de lliure acc\u00e9s, pensada per a les cooperatives de treball consolidades i per a aquelles en proc\u00e9s de creaci\u00f3 que desitgen fer una projecci\u00f3 del seu negoci.[\/vc_column_text][vc_column_text css=\u00bb\u00bb]L\u2019eina \u00e9s intu\u00eftiva i disposa d\u2019un tutorial online. El primer que cal fer \u00e9s crear un usuari i a, continuaci\u00f3, seguir les instruccions per crear el vostre propi projecte. Si teniu dubtes poseu-vos en contacte amb la Fundaci\u00f3.<br \/>\nA m\u00e9s, regularment la Federaci\u00f3 de Cooperatives de Treball de Catalunya organitza tallers presencials per aprendre a dominar FemPla. Si hi esteu interessats, poseu-vos-hi en contacte:[\/vc_column_text][vc_column_text css=\u00bb\u00bb]federacio@cooperativestreball.coop[\/vc_column_text][\/vc_column][vc_column width=\u00bb1\/2&#8243;][vc_column_text css=\u00bb\u00bb el_class=\u00bbcolor-accent-3&#8243;]<\/p>\n<h3 style=\"text-align: center;\">Qu\u00e8 permet FemPla?<\/h3>\n<p>[\/vc_column_text][vc_column_text css=\u00bb\u00bb]El programa FemPla permet realitzar projeccions del compte de resultats a tres anys, de l\u2019estat de tresoreria a dotze mesos, balan\u00e7os de situaci\u00f3 a dotze mesos, aix\u00ed com generar ratis d\u2019an\u00e0lisi econ\u00f2mico-financera. Es tracta d\u2019instruments essencials per a generar confian\u00e7a entre les entitats financeres i inversores.<br \/>\nA m\u00e9s, l\u2019eina facilita la desc\u00e0rrega de fitxers i incorporar-los en la negociaci\u00f3 banc\u00e0ria.<br \/>\nLes cooperatives que utilitzen FemPla poden validar la seva capacitat per generar beneficis a futur i, d\u2019aquesta manera, optimitzar els recursos financers existents per tal de complir els seus objectius empresarials.[\/vc_column_text][\/vc_column][\/vc_row][\/vc_section]<\/p>\n<\/div>","protected":false},"excerpt":{"rendered":"<p>[vc_section][vc_row][vc_column width=\u00bb1\/2&#8243;][vc_row_inner][vc_column_inner][vc_column_text css=\u00bb\u00bb el_class=\u00bbbg-accent color-blanco mg-bot-0 pg-30&#8243;] Formaci\u00f3n [\/vc_column_text][\/vc_column_inner][\/vc_row_inner][vc_empty_space][vc_column_text css=\u00bb\u00bb el_class=\u00bbcolor-accent\u00bb]Mejorar la cultura financiera de las empresas es clave para el \u00e9xito de las iniciativas de la econom\u00eda cooperativa. Por su proximidad con las cooperativas de trabajo, la Fundaci\u00f3n Seira sabe identificar las necesidades m\u00e1s recurrentes en el \u00e1mbito de las finanzas y aportar las &#8230; <a title=\"Formaci\u00f3\u200bn\" class=\"read-more\" href=\"https:\/\/fundacioseira.coop\/es\/formacion\/\" aria-label=\"Leer m\u00e1s sobre Formaci\u00f3\u200bn\">Leer m\u00e1s<\/a><\/p>\n","protected":false},"author":1,"featured_media":0,"parent":0,"menu_order":0,"comment_status":"closed","ping_status":"closed","template":"","meta":{"_acf_changed":false,"footnotes":""},"class_list":["post-1147","page","type-page","status-publish"],"acf":[],"yoast_head":"<!-- This site is optimized with the Yoast SEO plugin v27.2 - https:\/\/yoast.com\/product\/yoast-seo-wordpress\/ -->\n<title>Formaci\u00f3\u200bn - Fundaci\u00f3 SEIRA<\/title>\n<meta name=\"robots\" content=\"index, follow, max-snippet:-1, max-image-preview:large, max-video-preview:-1\" \/>\n<link rel=\"canonical\" href=\"https:\/\/fundacioseira.coop\/es\/formacion\/\" \/>\n<meta property=\"og:locale\" content=\"es_ES\" \/>\n<meta property=\"og:type\" content=\"article\" \/>\n<meta property=\"og:title\" content=\"Formaci\u00f3\u200bn - Fundaci\u00f3 SEIRA\" \/>\n<meta property=\"og:description\" content=\"[vc_section][vc_row][vc_column width=\u00bb1\/2&#8243;][vc_row_inner][vc_column_inner][vc_column_text css=\u00bb\u00bb el_class=\u00bbbg-accent color-blanco mg-bot-0 pg-30&#8243;] Formaci\u00f3n [\/vc_column_text][\/vc_column_inner][\/vc_row_inner][vc_empty_space][vc_column_text css=\u00bb\u00bb el_class=\u00bbcolor-accent\u00bb]Mejorar la cultura financiera de las empresas es clave para el \u00e9xito de las iniciativas de la econom\u00eda cooperativa. Por su proximidad con las cooperativas de trabajo, la Fundaci\u00f3n Seira sabe identificar las necesidades m\u00e1s recurrentes en el \u00e1mbito de las finanzas y aportar las ... Leer m\u00e1s\" \/>\n<meta property=\"og:url\" content=\"https:\/\/fundacioseira.coop\/es\/formacion\/\" \/>\n<meta property=\"og:site_name\" content=\"Fundaci\u00f3 SEIRA\" \/>\n<meta property=\"article:modified_time\" content=\"2026-03-11T09:41:22+00:00\" \/>\n<meta name=\"twitter:card\" content=\"summary_large_image\" \/>\n<meta name=\"twitter:label1\" content=\"Tiempo de lectura\" \/>\n\t<meta name=\"twitter:data1\" content=\"4 minutos\" \/>\n<script type=\"application\/ld+json\" class=\"yoast-schema-graph\">{\"@context\":\"https:\/\/schema.org\",\"@graph\":[{\"@type\":\"WebPage\",\"@id\":\"https:\/\/fundacioseira.coop\/es\/formacion\/\",\"url\":\"https:\/\/fundacioseira.coop\/es\/formacion\/\",\"name\":\"Formaci\u00f3\u200bn - Fundaci\u00f3 SEIRA\",\"isPartOf\":{\"@id\":\"https:\/\/fundacioseira.coop\/es\/#website\"},\"datePublished\":\"2025-10-30T10:52:25+00:00\",\"dateModified\":\"2026-03-11T09:41:22+00:00\",\"breadcrumb\":{\"@id\":\"https:\/\/fundacioseira.coop\/es\/formacion\/#breadcrumb\"},\"inLanguage\":\"es\",\"potentialAction\":[{\"@type\":\"ReadAction\",\"target\":[\"https:\/\/fundacioseira.coop\/es\/formacion\/\"]}]},{\"@type\":\"BreadcrumbList\",\"@id\":\"https:\/\/fundacioseira.coop\/es\/formacion\/#breadcrumb\",\"itemListElement\":[{\"@type\":\"ListItem\",\"position\":1,\"name\":\"Inici\",\"item\":\"https:\/\/fundacioseira.coop\/es\/\"},{\"@type\":\"ListItem\",\"position\":2,\"name\":\"Formaci\u00f3\u200bn\"}]},{\"@type\":\"WebSite\",\"@id\":\"https:\/\/fundacioseira.coop\/es\/#website\",\"url\":\"https:\/\/fundacioseira.coop\/es\/\",\"name\":\"Fundaci\u00f3 SEIRA\",\"description\":\"\",\"publisher\":{\"@id\":\"https:\/\/fundacioseira.coop\/es\/#organization\"},\"potentialAction\":[{\"@type\":\"SearchAction\",\"target\":{\"@type\":\"EntryPoint\",\"urlTemplate\":\"https:\/\/fundacioseira.coop\/es\/?s={search_term_string}\"},\"query-input\":{\"@type\":\"PropertyValueSpecification\",\"valueRequired\":true,\"valueName\":\"search_term_string\"}}],\"inLanguage\":\"es\"},{\"@type\":\"Organization\",\"@id\":\"https:\/\/fundacioseira.coop\/es\/#organization\",\"name\":\"Fundaci\u00f3 SEIRA\",\"url\":\"https:\/\/fundacioseira.coop\/es\/\",\"logo\":{\"@type\":\"ImageObject\",\"inLanguage\":\"es\",\"@id\":\"https:\/\/fundacioseira.coop\/es\/#\/schema\/logo\/image\/\",\"url\":\"https:\/\/fundacioseira.coop\/wp-content\/uploads\/2026\/02\/Seira_IC1_White.png\",\"contentUrl\":\"https:\/\/fundacioseira.coop\/wp-content\/uploads\/2026\/02\/Seira_IC1_White.png\",\"width\":1417,\"height\":531,\"caption\":\"Fundaci\u00f3 SEIRA\"},\"image\":{\"@id\":\"https:\/\/fundacioseira.coop\/es\/#\/schema\/logo\/image\/\"}}]}<\/script>\n<!-- \/ Yoast SEO plugin. -->","yoast_head_json":{"title":"Formaci\u00f3\u200bn - Fundaci\u00f3 SEIRA","robots":{"index":"index","follow":"follow","max-snippet":"max-snippet:-1","max-image-preview":"max-image-preview:large","max-video-preview":"max-video-preview:-1"},"canonical":"https:\/\/fundacioseira.coop\/es\/formacion\/","og_locale":"es_ES","og_type":"article","og_title":"Formaci\u00f3\u200bn - Fundaci\u00f3 SEIRA","og_description":"[vc_section][vc_row][vc_column width=\u00bb1\/2&#8243;][vc_row_inner][vc_column_inner][vc_column_text css=\u00bb\u00bb el_class=\u00bbbg-accent color-blanco mg-bot-0 pg-30&#8243;] Formaci\u00f3n [\/vc_column_text][\/vc_column_inner][\/vc_row_inner][vc_empty_space][vc_column_text css=\u00bb\u00bb el_class=\u00bbcolor-accent\u00bb]Mejorar la cultura financiera de las empresas es clave para el \u00e9xito de las iniciativas de la econom\u00eda cooperativa. Por su proximidad con las cooperativas de trabajo, la Fundaci\u00f3n Seira sabe identificar las necesidades m\u00e1s recurrentes en el \u00e1mbito de las finanzas y aportar las ... Leer m\u00e1s","og_url":"https:\/\/fundacioseira.coop\/es\/formacion\/","og_site_name":"Fundaci\u00f3 SEIRA","article_modified_time":"2026-03-11T09:41:22+00:00","twitter_card":"summary_large_image","twitter_misc":{"Tiempo de lectura":"4 minutos"},"schema":{"@context":"https:\/\/schema.org","@graph":[{"@type":"WebPage","@id":"https:\/\/fundacioseira.coop\/es\/formacion\/","url":"https:\/\/fundacioseira.coop\/es\/formacion\/","name":"Formaci\u00f3\u200bn - Fundaci\u00f3 SEIRA","isPartOf":{"@id":"https:\/\/fundacioseira.coop\/es\/#website"},"datePublished":"2025-10-30T10:52:25+00:00","dateModified":"2026-03-11T09:41:22+00:00","breadcrumb":{"@id":"https:\/\/fundacioseira.coop\/es\/formacion\/#breadcrumb"},"inLanguage":"es","potentialAction":[{"@type":"ReadAction","target":["https:\/\/fundacioseira.coop\/es\/formacion\/"]}]},{"@type":"BreadcrumbList","@id":"https:\/\/fundacioseira.coop\/es\/formacion\/#breadcrumb","itemListElement":[{"@type":"ListItem","position":1,"name":"Inici","item":"https:\/\/fundacioseira.coop\/es\/"},{"@type":"ListItem","position":2,"name":"Formaci\u00f3\u200bn"}]},{"@type":"WebSite","@id":"https:\/\/fundacioseira.coop\/es\/#website","url":"https:\/\/fundacioseira.coop\/es\/","name":"Fundaci\u00f3 SEIRA","description":"","publisher":{"@id":"https:\/\/fundacioseira.coop\/es\/#organization"},"potentialAction":[{"@type":"SearchAction","target":{"@type":"EntryPoint","urlTemplate":"https:\/\/fundacioseira.coop\/es\/?s={search_term_string}"},"query-input":{"@type":"PropertyValueSpecification","valueRequired":true,"valueName":"search_term_string"}}],"inLanguage":"es"},{"@type":"Organization","@id":"https:\/\/fundacioseira.coop\/es\/#organization","name":"Fundaci\u00f3 SEIRA","url":"https:\/\/fundacioseira.coop\/es\/","logo":{"@type":"ImageObject","inLanguage":"es","@id":"https:\/\/fundacioseira.coop\/es\/#\/schema\/logo\/image\/","url":"https:\/\/fundacioseira.coop\/wp-content\/uploads\/2026\/02\/Seira_IC1_White.png","contentUrl":"https:\/\/fundacioseira.coop\/wp-content\/uploads\/2026\/02\/Seira_IC1_White.png","width":1417,"height":531,"caption":"Fundaci\u00f3 SEIRA"},"image":{"@id":"https:\/\/fundacioseira.coop\/es\/#\/schema\/logo\/image\/"}}]}},"_links":{"self":[{"href":"https:\/\/fundacioseira.coop\/es\/wp-json\/wp\/v2\/pages\/1147","targetHints":{"allow":["GET"]}}],"collection":[{"href":"https:\/\/fundacioseira.coop\/es\/wp-json\/wp\/v2\/pages"}],"about":[{"href":"https:\/\/fundacioseira.coop\/es\/wp-json\/wp\/v2\/types\/page"}],"author":[{"embeddable":true,"href":"https:\/\/fundacioseira.coop\/es\/wp-json\/wp\/v2\/users\/1"}],"replies":[{"embeddable":true,"href":"https:\/\/fundacioseira.coop\/es\/wp-json\/wp\/v2\/comments?post=1147"}],"version-history":[{"count":2,"href":"https:\/\/fundacioseira.coop\/es\/wp-json\/wp\/v2\/pages\/1147\/revisions"}],"predecessor-version":[{"id":1262,"href":"https:\/\/fundacioseira.coop\/es\/wp-json\/wp\/v2\/pages\/1147\/revisions\/1262"}],"wp:attachment":[{"href":"https:\/\/fundacioseira.coop\/es\/wp-json\/wp\/v2\/media?parent=1147"}],"curies":[{"name":"wp","href":"https:\/\/api.w.org\/{rel}","templated":true}]}}