{"id":1140,"date":"2025-10-30T12:37:47","date_gmt":"2025-10-30T11:37:47","guid":{"rendered":"https:\/\/fundacioseira.coop\/financoop\/"},"modified":"2026-03-11T10:36:33","modified_gmt":"2026-03-11T09:36:33","slug":"financoop","status":"publish","type":"page","link":"https:\/\/fundacioseira.coop\/es\/financoop\/","title":{"rendered":"Financoop"},"content":{"rendered":"<div class=\"wpb-content-wrapper\"><p>[vc_section parallax=\u00bbcontent-moving\u00bb parallax_speed_bg=\u00bb2&#8243; el_class=\u00bbfinancoop\u00bb][vc_row][vc_column][vc_empty_space height=\u00bb50px\u00bb][vc_column_text el_class=\u00bbtitol-principal etiqueta-principal\u00bb]<\/p>\n<h1>Financoop<\/h1>\n<p>[\/vc_column_text][vc_empty_space height=\u00bb50px\u00bb][\/vc_column][\/vc_row][vc_row el_class=\u00bbcolor-accent\u00bb][vc_column width=\u00bb1\/2&#8243;][vc_row_inner][vc_column_inner][vc_column_text css=\u00bb\u00bb el_class=\u00bbbg-accent color-blanco pg-30 mg-bot-0&#8243;]<\/p>\n<h3 style=\"text-align: center;\"><strong>Financoop<\/strong><\/h3>\n<p>[\/vc_column_text][\/vc_column_inner][\/vc_row_inner][vc_empty_space][vc_column_text css=\u00bb\u00bb]Financoop es una red de catorce entidades p\u00fablicas y privadas que promueve el acceso al capital y los servicios financieros para las empresas cooperativas. La red Financoop est\u00e1 coordinada por Seira.<\/p>\n<p>Contacta directamente con nosotros para obtener m\u00e1s informaci\u00f3n o deja un mensaje a continuaci\u00f3n y nos pondremos en contacto lo m\u00e1s pronto posible[\/vc_column_text][vc_column_text css=\u00bb\u00bb el_class=\u00bblink-lila\u00bb]<a href=\"mailto:seira@fundacioseira.coop\" target=\"_blank\" rel=\"noopener\">seira@fundacioseira.coop<\/a>[\/vc_column_text][\/vc_column][vc_column width=\u00bb1\/2&#8243;][vc_row_inner el_class=\u00bbbg-accent-3 color-blanco\u00bb][vc_column_inner][vc_column_text css=\u00bb\u00bb el_class=\u00bbbg-accent-3 color-blanco pg-30 mg-bot-0&#8243;]<\/p>\n<h3 style=\"text-align: center;\"><strong>Objetivos de la red Financoop<\/strong><\/h3>\n<p>[\/vc_column_text][\/vc_column_inner][\/vc_row_inner][vc_empty_space][vc_column_text css=\u00bb\u00bb el_class=\u00bbelement\u00bb]Incentivar la cooperaci\u00f3n de entidades financieras, agentes p\u00fablicos y empresas de la econom\u00eda social y cooperativa.[\/vc_column_text][vc_column_text css=\u00bb\u00bb el_class=\u00bbelement\u00bb]Potenciar un sistema financiero al servicio de las cooperativas.[\/vc_column_text][vc_column_text css=\u00bb\u00bb el_class=\u00bbelement\u00bb]Integrar en el sistema financiero convencional las finanzas al servicio de la econom\u00eda social y cooperativa.[\/vc_column_text][vc_column_text css=\u00bb\u00bb el_class=\u00bbelement\u00bb]Idear nuevos instrumentos financieros para la creaci\u00f3n, el crecimiento y la consolidaci\u00f3n de las empresas cooperativas.[\/vc_column_text][vc_column_text css=\u00bb\u00bb el_class=\u00bbelement\u00bb]Cooperar y crear sinergias entre los miembros de la red para mejorar la eficacia y la eficiencia del sistema de finanzas cooperativas.[\/vc_column_text][\/vc_column][\/vc_row][\/vc_section]<\/p>\n<\/div>","protected":false},"excerpt":{"rendered":"<p>[vc_section parallax=\u00bbcontent-moving\u00bb parallax_speed_bg=\u00bb2&#8243; el_class=\u00bbfinancoop\u00bb][vc_row][vc_column][vc_empty_space height=\u00bb50px\u00bb][vc_column_text el_class=\u00bbtitol-principal etiqueta-principal\u00bb] Financoop [\/vc_column_text][vc_empty_space height=\u00bb50px\u00bb][\/vc_column][\/vc_row][vc_row el_class=\u00bbcolor-accent\u00bb][vc_column width=\u00bb1\/2&#8243;][vc_row_inner][vc_column_inner][vc_column_text css=\u00bb\u00bb el_class=\u00bbbg-accent color-blanco pg-30 mg-bot-0&#8243;] Financoop [\/vc_column_text][\/vc_column_inner][\/vc_row_inner][vc_empty_space][vc_column_text css=\u00bb\u00bb]Financoop es una red de catorce entidades p\u00fablicas y privadas que promueve el acceso al capital y los servicios financieros para las empresas cooperativas. La red Financoop est\u00e1 coordinada por Seira. Contacta directamente con nosotros para &#8230; <a title=\"Financoop\" class=\"read-more\" href=\"https:\/\/fundacioseira.coop\/es\/financoop\/\" aria-label=\"Leer m\u00e1s sobre Financoop\">Leer m\u00e1s<\/a><\/p>\n","protected":false},"author":1,"featured_media":0,"parent":0,"menu_order":0,"comment_status":"closed","ping_status":"closed","template":"","meta":{"_acf_changed":false,"footnotes":""},"class_list":["post-1140","page","type-page","status-publish"],"acf":[],"yoast_head":"<!-- This site is optimized with the Yoast SEO plugin v27.2 - https:\/\/yoast.com\/product\/yoast-seo-wordpress\/ -->\n<title>Financoop - Fundaci\u00f3 SEIRA<\/title>\n<meta name=\"robots\" content=\"index, follow, max-snippet:-1, max-image-preview:large, max-video-preview:-1\" \/>\n<link rel=\"canonical\" href=\"https:\/\/fundacioseira.coop\/es\/financoop\/\" \/>\n<meta property=\"og:locale\" content=\"es_ES\" \/>\n<meta property=\"og:type\" content=\"article\" \/>\n<meta property=\"og:title\" content=\"Financoop - Fundaci\u00f3 SEIRA\" \/>\n<meta property=\"og:description\" content=\"[vc_section parallax=\u00bbcontent-moving\u00bb parallax_speed_bg=\u00bb2&#8243; el_class=\u00bbfinancoop\u00bb][vc_row][vc_column][vc_empty_space height=\u00bb50px\u00bb][vc_column_text el_class=\u00bbtitol-principal etiqueta-principal\u00bb] Financoop [\/vc_column_text][vc_empty_space height=\u00bb50px\u00bb][\/vc_column][\/vc_row][vc_row el_class=\u00bbcolor-accent\u00bb][vc_column width=\u00bb1\/2&#8243;][vc_row_inner][vc_column_inner][vc_column_text css=\u00bb\u00bb el_class=\u00bbbg-accent color-blanco pg-30 mg-bot-0&#8243;] Financoop [\/vc_column_text][\/vc_column_inner][\/vc_row_inner][vc_empty_space][vc_column_text css=\u00bb\u00bb]Financoop es una red de catorce entidades p\u00fablicas y privadas que promueve el acceso al capital y los servicios financieros para las empresas cooperativas. La red Financoop est\u00e1 coordinada por Seira. Contacta directamente con nosotros para ... Leer m\u00e1s\" \/>\n<meta property=\"og:url\" content=\"https:\/\/fundacioseira.coop\/es\/financoop\/\" \/>\n<meta property=\"og:site_name\" content=\"Fundaci\u00f3 SEIRA\" \/>\n<meta property=\"article:modified_time\" content=\"2026-03-11T09:36:33+00:00\" \/>\n<meta name=\"twitter:card\" content=\"summary_large_image\" \/>\n<meta name=\"twitter:label1\" content=\"Tiempo de lectura\" \/>\n\t<meta name=\"twitter:data1\" content=\"1 minuto\" \/>\n<script type=\"application\/ld+json\" class=\"yoast-schema-graph\">{\"@context\":\"https:\/\/schema.org\",\"@graph\":[{\"@type\":\"WebPage\",\"@id\":\"https:\/\/fundacioseira.coop\/es\/financoop\/\",\"url\":\"https:\/\/fundacioseira.coop\/es\/financoop\/\",\"name\":\"Financoop - Fundaci\u00f3 SEIRA\",\"isPartOf\":{\"@id\":\"https:\/\/fundacioseira.coop\/es\/#website\"},\"datePublished\":\"2025-10-30T11:37:47+00:00\",\"dateModified\":\"2026-03-11T09:36:33+00:00\",\"breadcrumb\":{\"@id\":\"https:\/\/fundacioseira.coop\/es\/financoop\/#breadcrumb\"},\"inLanguage\":\"es\",\"potentialAction\":[{\"@type\":\"ReadAction\",\"target\":[\"https:\/\/fundacioseira.coop\/es\/financoop\/\"]}]},{\"@type\":\"BreadcrumbList\",\"@id\":\"https:\/\/fundacioseira.coop\/es\/financoop\/#breadcrumb\",\"itemListElement\":[{\"@type\":\"ListItem\",\"position\":1,\"name\":\"Inici\",\"item\":\"https:\/\/fundacioseira.coop\/es\/\"},{\"@type\":\"ListItem\",\"position\":2,\"name\":\"Financoop\"}]},{\"@type\":\"WebSite\",\"@id\":\"https:\/\/fundacioseira.coop\/es\/#website\",\"url\":\"https:\/\/fundacioseira.coop\/es\/\",\"name\":\"Fundaci\u00f3 SEIRA\",\"description\":\"\",\"publisher\":{\"@id\":\"https:\/\/fundacioseira.coop\/es\/#organization\"},\"potentialAction\":[{\"@type\":\"SearchAction\",\"target\":{\"@type\":\"EntryPoint\",\"urlTemplate\":\"https:\/\/fundacioseira.coop\/es\/?s={search_term_string}\"},\"query-input\":{\"@type\":\"PropertyValueSpecification\",\"valueRequired\":true,\"valueName\":\"search_term_string\"}}],\"inLanguage\":\"es\"},{\"@type\":\"Organization\",\"@id\":\"https:\/\/fundacioseira.coop\/es\/#organization\",\"name\":\"Fundaci\u00f3 SEIRA\",\"url\":\"https:\/\/fundacioseira.coop\/es\/\",\"logo\":{\"@type\":\"ImageObject\",\"inLanguage\":\"es\",\"@id\":\"https:\/\/fundacioseira.coop\/es\/#\/schema\/logo\/image\/\",\"url\":\"https:\/\/fundacioseira.coop\/wp-content\/uploads\/2026\/02\/Seira_IC1_White.png\",\"contentUrl\":\"https:\/\/fundacioseira.coop\/wp-content\/uploads\/2026\/02\/Seira_IC1_White.png\",\"width\":1417,\"height\":531,\"caption\":\"Fundaci\u00f3 SEIRA\"},\"image\":{\"@id\":\"https:\/\/fundacioseira.coop\/es\/#\/schema\/logo\/image\/\"}}]}<\/script>\n<!-- \/ Yoast SEO plugin. -->","yoast_head_json":{"title":"Financoop - Fundaci\u00f3 SEIRA","robots":{"index":"index","follow":"follow","max-snippet":"max-snippet:-1","max-image-preview":"max-image-preview:large","max-video-preview":"max-video-preview:-1"},"canonical":"https:\/\/fundacioseira.coop\/es\/financoop\/","og_locale":"es_ES","og_type":"article","og_title":"Financoop - Fundaci\u00f3 SEIRA","og_description":"[vc_section parallax=\u00bbcontent-moving\u00bb parallax_speed_bg=\u00bb2&#8243; el_class=\u00bbfinancoop\u00bb][vc_row][vc_column][vc_empty_space height=\u00bb50px\u00bb][vc_column_text el_class=\u00bbtitol-principal etiqueta-principal\u00bb] Financoop [\/vc_column_text][vc_empty_space height=\u00bb50px\u00bb][\/vc_column][\/vc_row][vc_row el_class=\u00bbcolor-accent\u00bb][vc_column width=\u00bb1\/2&#8243;][vc_row_inner][vc_column_inner][vc_column_text css=\u00bb\u00bb el_class=\u00bbbg-accent color-blanco pg-30 mg-bot-0&#8243;] Financoop [\/vc_column_text][\/vc_column_inner][\/vc_row_inner][vc_empty_space][vc_column_text css=\u00bb\u00bb]Financoop es una red de catorce entidades p\u00fablicas y privadas que promueve el acceso al capital y los servicios financieros para las empresas cooperativas. La red Financoop est\u00e1 coordinada por Seira. Contacta directamente con nosotros para ... Leer m\u00e1s","og_url":"https:\/\/fundacioseira.coop\/es\/financoop\/","og_site_name":"Fundaci\u00f3 SEIRA","article_modified_time":"2026-03-11T09:36:33+00:00","twitter_card":"summary_large_image","twitter_misc":{"Tiempo de lectura":"1 minuto"},"schema":{"@context":"https:\/\/schema.org","@graph":[{"@type":"WebPage","@id":"https:\/\/fundacioseira.coop\/es\/financoop\/","url":"https:\/\/fundacioseira.coop\/es\/financoop\/","name":"Financoop - Fundaci\u00f3 SEIRA","isPartOf":{"@id":"https:\/\/fundacioseira.coop\/es\/#website"},"datePublished":"2025-10-30T11:37:47+00:00","dateModified":"2026-03-11T09:36:33+00:00","breadcrumb":{"@id":"https:\/\/fundacioseira.coop\/es\/financoop\/#breadcrumb"},"inLanguage":"es","potentialAction":[{"@type":"ReadAction","target":["https:\/\/fundacioseira.coop\/es\/financoop\/"]}]},{"@type":"BreadcrumbList","@id":"https:\/\/fundacioseira.coop\/es\/financoop\/#breadcrumb","itemListElement":[{"@type":"ListItem","position":1,"name":"Inici","item":"https:\/\/fundacioseira.coop\/es\/"},{"@type":"ListItem","position":2,"name":"Financoop"}]},{"@type":"WebSite","@id":"https:\/\/fundacioseira.coop\/es\/#website","url":"https:\/\/fundacioseira.coop\/es\/","name":"Fundaci\u00f3 SEIRA","description":"","publisher":{"@id":"https:\/\/fundacioseira.coop\/es\/#organization"},"potentialAction":[{"@type":"SearchAction","target":{"@type":"EntryPoint","urlTemplate":"https:\/\/fundacioseira.coop\/es\/?s={search_term_string}"},"query-input":{"@type":"PropertyValueSpecification","valueRequired":true,"valueName":"search_term_string"}}],"inLanguage":"es"},{"@type":"Organization","@id":"https:\/\/fundacioseira.coop\/es\/#organization","name":"Fundaci\u00f3 SEIRA","url":"https:\/\/fundacioseira.coop\/es\/","logo":{"@type":"ImageObject","inLanguage":"es","@id":"https:\/\/fundacioseira.coop\/es\/#\/schema\/logo\/image\/","url":"https:\/\/fundacioseira.coop\/wp-content\/uploads\/2026\/02\/Seira_IC1_White.png","contentUrl":"https:\/\/fundacioseira.coop\/wp-content\/uploads\/2026\/02\/Seira_IC1_White.png","width":1417,"height":531,"caption":"Fundaci\u00f3 SEIRA"},"image":{"@id":"https:\/\/fundacioseira.coop\/es\/#\/schema\/logo\/image\/"}}]}},"_links":{"self":[{"href":"https:\/\/fundacioseira.coop\/es\/wp-json\/wp\/v2\/pages\/1140","targetHints":{"allow":["GET"]}}],"collection":[{"href":"https:\/\/fundacioseira.coop\/es\/wp-json\/wp\/v2\/pages"}],"about":[{"href":"https:\/\/fundacioseira.coop\/es\/wp-json\/wp\/v2\/types\/page"}],"author":[{"embeddable":true,"href":"https:\/\/fundacioseira.coop\/es\/wp-json\/wp\/v2\/users\/1"}],"replies":[{"embeddable":true,"href":"https:\/\/fundacioseira.coop\/es\/wp-json\/wp\/v2\/comments?post=1140"}],"version-history":[{"count":2,"href":"https:\/\/fundacioseira.coop\/es\/wp-json\/wp\/v2\/pages\/1140\/revisions"}],"predecessor-version":[{"id":1253,"href":"https:\/\/fundacioseira.coop\/es\/wp-json\/wp\/v2\/pages\/1140\/revisions\/1253"}],"wp:attachment":[{"href":"https:\/\/fundacioseira.coop\/es\/wp-json\/wp\/v2\/media?parent=1140"}],"curies":[{"name":"wp","href":"https:\/\/api.w.org\/{rel}","templated":true}]}}