{"id":1131,"date":"2025-02-27T21:57:33","date_gmt":"2025-02-27T20:57:33","guid":{"rendered":"https:\/\/fundacioseira.coop\/avis-legal\/"},"modified":"2026-03-11T10:24:28","modified_gmt":"2026-03-11T09:24:28","slug":"aviso-legal","status":"publish","type":"page","link":"https:\/\/fundacioseira.coop\/es\/aviso-legal\/","title":{"rendered":"Aviso Legal"},"content":{"rendered":"<div class=\"wpb-content-wrapper\"><p>[vc_section][vc_row equal_height=\u00bbyes\u00bb content_placement=\u00bbmiddle\u00bb][vc_column width=\u00bb1\/2&#8243;][vc_column_text css_animation=\u00bbslideInRight\u00bb css=\u00bb\u00bb el_class=\u00bbcolor-accent mg-bot-0 txt-18&#8243;]<\/p>\n<p class=\"elementor-heading-title elementor-size-default\">SEIRA IMPULS COOPERATIU<\/p>\n<p>[\/vc_column_text][vc_column_text css_animation=\u00bbslideInRight\u00bb css=\u00bb\u00bb el_class=\u00bbtitol-legals\u00bb]<\/p>\n<h1>Aviso Legal<\/h1>\n<p>[\/vc_column_text][\/vc_column][vc_column width=\u00bb1\/2&#8243;][vc_single_image image=\u00bb1160&#8243; img_size=\u00bbfull\u00bb css_animation=\u00bbfadeIn\u00bb css=\u00bb\u00bb el_class=\u00bbdeco-titol-legals\u00bb][\/vc_column][\/vc_row][vc_row][vc_column][vc_column_text css=\u00bb\u00bb el_class=\u00bbtxt-16&#8243;]www.fundacioseira.coop es un sitio web, cuyo nombre de dominio se encuentra registrado y es propiedad de la entidad \u00abFundaci\u00f3 Seira per a la innovaci\u00f3 i projecci\u00f3 del cooperativisme\u00bb\u00a0(de aqu\u00ed en adelante, indistintamente, Fundaci\u00f3 Seira).<\/p>\n<p>La finalidad de www.fundacioseira.coop es la de informar sobre la actividad de Fundaci\u00f3 Seira, as\u00ed como de sus productos y servicios, ofertas, promociones y otras informaciones de relevancia sobre Fundaci\u00f3 Seira.<\/p>\n<p>El acceso a www.fundacioseira.coop es gratuito y no est\u00e1 prevista la prestaci\u00f3n de servicios de comercio y\/o contrataci\u00f3n electr\u00f3nica. El uso del sitio web supone la aceptaci\u00f3n plena y sin reservas de todas y cada una de las disposiciones incluidas en este Aviso Legal. En consecuencia, el usuario del sitio web debe leer atentamente el presente Aviso Legal en cada una de las ocasiones que se proponga utilizar la web, puesto que el texto puede sufrir modificaciones a criterio del titular de la web o a causa de un cambio en la legislaci\u00f3n, la jurisprudencia o la pr\u00e1ctica empresarial.<\/p>\n<p><strong>1. Datos del Responsable titular del sitio web<\/strong><\/p>\n<p>Nombre del titular: Fundaci\u00f3 Seira per a la innovaci\u00f3 i projecci\u00f3 del cooperativisme<\/p>\n<p>Domicilio social: Carrer Premi\u00e0, 15 1a Planta (08014) Barcelona<\/p>\n<p>CIF: G 64818297<\/p>\n<p>Tel\u00e9fono de contacto: 933324181<\/p>\n<p>Correo electr\u00f3nico: projectes@fundacioseira.coop<\/p>\n<p>Datos registrales:<\/p>\n<p>Fundaci\u00f3 Seira es responsable del sitio web y se compromete a cumplir con todos los requisitos nacionales y europeos que regulan el uso de los datos personales de los usuarios.<\/p>\n<p>Este Sitio web garantiza la protecci\u00f3n y confidencialidad de los datos personales que nos proporcionen de acuerdo con lo dispuesto en el Reglamento (UE) 2016\/679 del Parlamento Europeo y del Consejo, de 27 de abril de 2016, (Reglamento general de protecci\u00f3n de datos, RGPD), la Ley Org\u00e1nica 3\/2018, de 5 de diciembre, de Protecci\u00f3n de Datos Personales y garant\u00eda de los derechos digitales (LOPDGDD) y la Ley 32\/2002, de 11 de julio, de servicios de la sociedad de la informaci\u00f3n y de comercio electr\u00f3nico (LSSI-CE).<\/p>\n<p><strong>2. Objeto<\/strong><\/p>\n<p>El sitio web facilita a los usuarios del mismo el acceso a la informaci\u00f3n y los servicios prestados por Fundaci\u00f3 Seira a aquellas personas u organizaciones interesadas en estos.<\/p>\n<p>El acceso y la utilizaci\u00f3n del sitio web atribuye la condici\u00f3n de usuario del sitio web (en adelante, el \u00abUsuario\u00bb) e implica la aceptaci\u00f3n de todas las condiciones incluidas en este Aviso Legal, as\u00ed como de sus modificaciones. La prestaci\u00f3n del servicio del sitio web tiene una duraci\u00f3n limitada al momento en el que el Usuario se encuentre conectado al sitio web.<\/p>\n<p>Por tanto, el Usuario debe leer atentamente el presente Aviso Legal en cada una de las ocasiones en que se proponga utilizar el sitio web, ya que \u00e9ste y sus condiciones de uso recogidas en el presente Aviso Legal pueden sufrir modificaciones.<\/p>\n<p><strong>3. Acceso y utilizaci\u00f3n de la web<\/strong><\/p>\n<p>Car\u00e1cter gratuito del acceso y utilizaci\u00f3n de la web. El acceso a la web es gratuito para los usuarios de esta, salvo en lo relativo al coste de la conexi\u00f3n a trav\u00e9s de la red de telecomunicaciones suministrada por el proveedor de acceso contratado por los Usuarios.<\/p>\n<p>Registro de usuarios. Con car\u00e1cter general, el acceso y utilizaci\u00f3n de la web no exige la previa suscripci\u00f3n o registro de los Usuarios de esta.<\/p>\n<p>Los Usuarios garantizan y responden, en cualquier caso, de la exactitud, vigencia y autenticidad de los datos personales facilitados, y se comprometen a mantenerlos debidamente actualizados El Usuario acepta proporcionar informaci\u00f3n completa y correcta en el formulario de contacto o suscripci\u00f3n. En el caso de menores de trece (13) a\u00f1os, se requiere el consentimiento de los padres o tutores para el tratamiento de sus datos personales. En ning\u00fan caso se recaudar\u00e1n del menor de edad datos relativos a la situaci\u00f3n profesional, econ\u00f3mica o en la intimidad de los dem\u00e1s miembros de la familia, sin el consentimiento de estos. Si eres menor de trece (13) a\u00f1os y has accedido a este sitio web sin avisar a tus padres, no tienes que registrarte como Usuario. En esta web se respetan y cuidan los datos personales de los Usuarios. Como Usuario tienes que saber que tus derechos est\u00e1n garantizados.<\/p>\n<p>En particular, el Usuario se compromete a:<\/p>\n<p>Actuar lealmente y de buena fe en todas sus relaciones con Fundaci\u00f3\u00a0Seira.<\/p>\n<p>Proporcionar datos veraces y exactos durante su relaci\u00f3n contractual con Fundaci\u00f3\u00a0Seira.<\/p>\n<p>Utilizar de forma correcta y de conformidad con la legislaci\u00f3n vigente, la moral o el orden p\u00fablico, respetando el presente Aviso Legal y, en su caso, las Condiciones de Uso y Contrataci\u00f3n, establecidas, as\u00ed como no permitir el uso por terceros no autorizados de las herramientas y servicios prestados.<\/p>\n<p>Colaborar y poner en conocimiento de Fundaci\u00f3\u00a0Seira aquellas informaciones, en especial de tipo t\u00e9cnico, a las que tenga acceso en el ejercicio de sus operaciones y que pudieren afectar o perjudicar de forma alguna a la integridad del sitio Web www.fundacioseira.coop, el servicio prestado por Fundaci\u00f3\u00a0Seira, sus socios, colaboradores, proveedores, otros usuarios u otros terceros; as\u00ed como a las estipulaciones del presente Aviso Legal, o en su caso, las Condiciones de Uso y Contrataci\u00f3n.<\/p>\n<p>Navegaci\u00f3n:<\/p>\n<p>Los servidores de Internet pueden recoger datos no identificables, que puedan incluir direcciones IP, y otros datos que no pueden ser utilizados para identificar al usuario. Su direcci\u00f3n IP se almacenar\u00e1 autom\u00e1ticamente en los registros de acceso, con el \u00fanico fin de permitir el tr\u00e1nsito por Internet, y es necesario que su equipo facilite esta direcci\u00f3n IP cuando navegue por Internet para que puedan producirse las comunicaciones. Del mismo modo, la direcci\u00f3n IP podr\u00e1 utilizarse para elaborar estad\u00edsticas an\u00f3nimas sobre el n\u00famero de visitantes de este sitio web y su procedencia, de forma totalmente transparente a su navegaci\u00f3n.<\/p>\n<p><strong>4. Contenidos del sitio web y enlaces a terceros<\/strong><\/p>\n<p>El idioma utilizado por el titular en la web ser\u00e1 el catal\u00e1n. Fundaci\u00f3\u00a0Seira no se responsabiliza de la no comprensi\u00f3n o entendimiento del idioma de la web por el usuario, ni de sus consecuencias. Fundaci\u00f3\u00a0Seira podr\u00e1 modificar los contenidos sin previo aviso, as\u00ed como suprimir y cambiar estos dentro de la web, como la forma en que se accede a estos, sin justificaci\u00f3n alguna y libremente, no responsabiliz\u00e1ndose de las consecuencias que los mismos puedan ocasionar a los Usuarios.<\/p>\n<p>Fundaci\u00f3\u00a0Seira se reserva el derecho a suspender temporalmente la accesibilidad al sitio web cuando sea necesario, sin previo aviso, por motivos de mantenimiento y actualizaci\u00f3n.<\/p>\n<p>Se proh\u00edbe el uso de los contenidos de la web para promocionar, contratar o divulgar publicidad o informaci\u00f3n propia o de terceras personas sin la autorizaci\u00f3n de Fundaci\u00f3\u00a0Seira, ni remitir publicidad o informaci\u00f3n vali\u00e9ndose para ello de los servicios o informaci\u00f3n que se ponen a disposici\u00f3n de los usuarios, independientemente de si la utilizaci\u00f3n es gratuita o no.<\/p>\n<p>El sitio web puede contener enlaces y\/o v\u00ednculos (links) a sitios web externos de terceros cuyo contenido no es atribuible ni exigible a Fundaci\u00f3\u00a0Seira, siendo responsable el titular de cada uno de los espacios web accedidos.<\/p>\n<p>El establecimiento de cualquier hiperv\u00ednculo desde un sitio web al de www.fundacioseira.coop deber\u00e1 realizarse siempre a la p\u00e1gina principal, estando prohibida la reproducci\u00f3n total y\/o parcial de los servicios contenidos en Fundaci\u00f3\u00a0Seira, sin previa autorizaci\u00f3n.<\/p>\n<p><strong>5. Responsabilidad y medidas de seguridad<\/strong><\/p>\n<p>Puede que la informaci\u00f3n contenida en el sitio web est\u00e9 actualizada en todo momento, en cuyo caso Fundaci\u00f3\u00a0Seira no ser\u00e1 responsable de los posibles da\u00f1os derivados de un uso externo y\/o por terceros de la informaci\u00f3n facilitada.<\/p>\n<p>El acceso al sitio web y cualquier uso no consentido de la informaci\u00f3n que contiene son responsabilidad exclusiva de quien lo realiza.<\/p>\n<p>Fundaci\u00f3\u00a0Seira no podr\u00e1 ser considerada responsable de los posibles da\u00f1os o perjuicios que se derivaren del mal funcionamiento de las redes telem\u00e1ticas que facilitan el acceso a www.fundacioseira.coop, as\u00ed como tampoco de las posibles interrupciones de acceso, virus, conexiones y sistemas operativos de acceso a la red de Internet. As\u00ed mismo, Fundaci\u00f3\u00a0Seira tampoco podr\u00e1 ser considerada responsable de los posibles da\u00f1os derivados de actuaciones il\u00edcitas e ileg\u00edtimas de terceros ajenos a Fundaci\u00f3\u00a0Seira, en la transmisi\u00f3n de datos a trav\u00e9s de las redes telem\u00e1ticas.<\/p>\n<p>Fundaci\u00f3\u00a0Seira no se hace responsable de la fiabilidad y rapidez de los enlaces que se incorporen en la web para la apertura de otras. Fundaci\u00f3\u00a0Seira no garantiza la utilidad de estos enlaces, ni se responsabiliza de los contenidos o servicios a los que pueda acceder el usuario por medio de estos enlaces, ni del buen funcionamiento de estas webs.<\/p>\n<p>Los datos personales comunicados por el usuario podr\u00e1n ser almacenados en bases de datos automatizadas o no, cuya titularidad corresponde en exclusiva a Fundaci\u00f3\u00a0Seira, asumiendo todas las medidas de \u00edndole t\u00e9cnica, organizativa y de seguridad que garanticen la confidencialidad, integridad y calidad de la informaci\u00f3n contenida en las mismas de acuerdo con lo establecido en las normativas vigentes en materia de protecci\u00f3n de datos de car\u00e1cter personal.<\/p>\n<p><strong>6. Empleo de la tecnolog\u00eda Cookies<\/strong><\/p>\n<p>El sitio web puede emplear cookies o tecnolog\u00edas similares que se regir\u00e1n por lo establecido en la Pol\u00edtica de Cookies, accesible en todo momento y respetando la confidencialidad e intimidad del usuario, siendo parte integrante del presente Aviso Legal.<\/p>\n<p><strong>7. Propiedad industrial e intelectual<\/strong><\/p>\n<p>El Usuario sabe y acepta que todos los contenidos (incluyendo, sin car\u00e1cter limitativo, textos, logotipos, im\u00e1genes, dibujos, dise\u00f1o web, marcas, c\u00f3digo fuente y software) y\/o cualesquiera otros elementos del sitio web son propiedad de Fundaci\u00f3\u00a0Seira y est\u00e1n protegidos por la legislaci\u00f3n vigente en materia de propiedad industrial e intelectual y por cualquier otra norma aplicable. El Usuario se compromete a respetar los derechos de propiedad intelectual e industrial titularidad de Fundaci\u00f3\u00a0Seira.<\/p>\n<p>La explotaci\u00f3n leg\u00edtima de los mismos corresponde exclusivamente a Fundaci\u00f3\u00a0Seira o a sus licenciadores, quedando terminantemente prohibida la reproducci\u00f3n y\/o distribuci\u00f3n total o parcial de cualquier tipo de contenido por parte del usuario y\/o de terceros sin la autorizaci\u00f3n expresa de Fundaci\u00f3\u00a0Seira facultando o permitiendo su difusi\u00f3n. Cualquier uso del sitio web o sus contenidos deber\u00e1 tener un car\u00e1cter exclusivamente particular.<\/p>\n<p>Cualquier otro uso que suponga la copia, reproducci\u00f3n, distribuci\u00f3n, transformaci\u00f3n, comunicaci\u00f3n p\u00fablica o cualquier otra acci\u00f3n similar, de todo o parte de los contenidos del sitio web est\u00e1 reservado exclusivamente a la Fundaci\u00f3\u00a0Seira, por lo que ning\u00fan usuario podr\u00e1 llevar a cabo estas acciones sin la autorizaci\u00f3n previa y por escrito de la Fundaci\u00f3\u00a0Seira.<\/p>\n<p>En ning\u00fan caso el acceso al sitio web www.fundacioseira.coop implica permiso, renuncia, transmisi\u00f3n, licencia o cesi\u00f3n total ni parcial de dichos derechos por parte de sus titulares ni ning\u00fan otro derecho de utilizaci\u00f3n, alteraci\u00f3n, explotaci\u00f3n, reproducci\u00f3n, distribuci\u00f3n o comunicaci\u00f3n p\u00fablica, salvo que Fundaci\u00f3\u00a0Seira autorice de forma expresa lo contrario.<\/p>\n<p>Los contenidos. Sin perjuicio de todo lo anterior, si el usuario o un tercero considera que alg\u00fan contenido del sitio web www.fundacioseira.coop puede vulnerar derechos de terceros, rogamos que nos lo comunique con la mayor brevedad posible.<\/p>\n<p><strong>8. Modificaci\u00f3n del Aviso Legal<\/strong><\/p>\n<p>El contenido de este aviso legal tiene una duraci\u00f3n indefinida y podr\u00e1 ser modificado en cualquier momento de acuerdo con la normativa vigente y con los cambios que puedan derivarse de la actividad de la Fundaci\u00f3\u00a0Seira.<\/p>\n<p><strong>9. Legislaci\u00f3n y jurisdicci\u00f3n aplicables<\/strong><\/p>\n<p>El presente Aviso Legal se interpretar\u00e1 y regir\u00e1 de conformidad con la legislaci\u00f3n espa\u00f1ola. Fundaci\u00f3\u00a0Seira y los usuarios, con renuncia expresa a cualquier otro fuero que pudiera corresponderles, se someten al de los juzgados y tribunales del domicilio del usuario para cualquier controversia que pudiera derivarse del acceso o uso del sitio web. En el caso de que el usuario tenga su domicilio fuera de Espa\u00f1a, Fundaci\u00f3\u00a0Seira y el usuario se someten, con renuncia expresa a cualquier otro fuero, a los juzgados y tribunales de Barcelona.<\/p>\n<p>Si las partes consideran necesario recurrir a sistemas alternativos de resoluci\u00f3n de controversias, como el arbitraje o la mediaci\u00f3n, deber\u00e1n proponerlo y aceptarlo expresamente por escrito en el momento en que surja la controversia, y siempre sobre la base de lo dispuesto en la normativa aplicable.<\/p>\n<p><strong>10. Comentarios y sugerencias<\/strong><\/p>\n<p>Agradecemos sus comentarios y sugerencias. Le rogamos que nos env\u00ede tales comentarios y sugerencias a trav\u00e9s de nuestro formulario de contacto.[\/vc_column_text][\/vc_column][\/vc_row][\/vc_section]<\/p>\n<\/div>","protected":false},"excerpt":{"rendered":"<p>[vc_section][vc_row equal_height=\u00bbyes\u00bb content_placement=\u00bbmiddle\u00bb][vc_column width=\u00bb1\/2&#8243;][vc_column_text css_animation=\u00bbslideInRight\u00bb css=\u00bb\u00bb el_class=\u00bbcolor-accent mg-bot-0 txt-18&#8243;] SEIRA IMPULS COOPERATIU [\/vc_column_text][vc_column_text css_animation=\u00bbslideInRight\u00bb css=\u00bb\u00bb el_class=\u00bbtitol-legals\u00bb] Aviso Legal [\/vc_column_text][\/vc_column][vc_column width=\u00bb1\/2&#8243;][vc_single_image image=\u00bb1160&#8243; img_size=\u00bbfull\u00bb css_animation=\u00bbfadeIn\u00bb css=\u00bb\u00bb el_class=\u00bbdeco-titol-legals\u00bb][\/vc_column][\/vc_row][vc_row][vc_column][vc_column_text css=\u00bb\u00bb el_class=\u00bbtxt-16&#8243;]www.fundacioseira.coop es un sitio web, cuyo nombre de dominio se encuentra registrado y es propiedad de la entidad \u00abFundaci\u00f3 Seira per a la innovaci\u00f3 i projecci\u00f3 del cooperativisme\u00bb\u00a0(de aqu\u00ed &#8230; <a title=\"Aviso Legal\" class=\"read-more\" href=\"https:\/\/fundacioseira.coop\/es\/aviso-legal\/\" aria-label=\"Leer m\u00e1s sobre Aviso Legal\">Leer m\u00e1s<\/a><\/p>\n","protected":false},"author":3,"featured_media":0,"parent":0,"menu_order":0,"comment_status":"closed","ping_status":"closed","template":"","meta":{"_acf_changed":false,"footnotes":""},"class_list":["post-1131","page","type-page","status-publish"],"acf":[],"yoast_head":"<!-- This site is optimized with the Yoast SEO plugin v27.2 - https:\/\/yoast.com\/product\/yoast-seo-wordpress\/ -->\n<title>Aviso Legal - Fundaci\u00f3 SEIRA<\/title>\n<meta name=\"robots\" content=\"noindex, follow\" \/>\n<meta property=\"og:locale\" content=\"es_ES\" \/>\n<meta property=\"og:type\" content=\"article\" \/>\n<meta property=\"og:title\" content=\"Aviso Legal - Fundaci\u00f3 SEIRA\" \/>\n<meta property=\"og:description\" content=\"[vc_section][vc_row equal_height=\u00bbyes\u00bb content_placement=\u00bbmiddle\u00bb][vc_column width=\u00bb1\/2&#8243;][vc_column_text css_animation=\u00bbslideInRight\u00bb css=\u00bb\u00bb el_class=\u00bbcolor-accent mg-bot-0 txt-18&#8243;] SEIRA IMPULS COOPERATIU [\/vc_column_text][vc_column_text css_animation=\u00bbslideInRight\u00bb css=\u00bb\u00bb el_class=\u00bbtitol-legals\u00bb] Aviso Legal [\/vc_column_text][\/vc_column][vc_column width=\u00bb1\/2&#8243;][vc_single_image image=\u00bb1160&#8243; img_size=\u00bbfull\u00bb css_animation=\u00bbfadeIn\u00bb css=\u00bb\u00bb el_class=\u00bbdeco-titol-legals\u00bb][\/vc_column][\/vc_row][vc_row][vc_column][vc_column_text css=\u00bb\u00bb el_class=\u00bbtxt-16&#8243;]www.fundacioseira.coop es un sitio web, cuyo nombre de dominio se encuentra registrado y es propiedad de la entidad \u00abFundaci\u00f3 Seira per a la innovaci\u00f3 i projecci\u00f3 del cooperativisme\u00bb\u00a0(de aqu\u00ed ... Leer m\u00e1s\" \/>\n<meta property=\"og:url\" content=\"https:\/\/fundacioseira.coop\/es\/aviso-legal\/\" \/>\n<meta property=\"og:site_name\" content=\"Fundaci\u00f3 SEIRA\" \/>\n<meta property=\"article:modified_time\" content=\"2026-03-11T09:24:28+00:00\" \/>\n<meta name=\"twitter:card\" content=\"summary_large_image\" \/>\n<meta name=\"twitter:label1\" content=\"Tiempo de lectura\" \/>\n\t<meta name=\"twitter:data1\" content=\"12 minutos\" \/>\n<script type=\"application\/ld+json\" class=\"yoast-schema-graph\">{\"@context\":\"https:\/\/schema.org\",\"@graph\":[{\"@type\":\"WebPage\",\"@id\":\"https:\/\/fundacioseira.coop\/es\/aviso-legal\/\",\"url\":\"https:\/\/fundacioseira.coop\/es\/aviso-legal\/\",\"name\":\"Aviso Legal - Fundaci\u00f3 SEIRA\",\"isPartOf\":{\"@id\":\"https:\/\/fundacioseira.coop\/es\/#website\"},\"datePublished\":\"2025-02-27T20:57:33+00:00\",\"dateModified\":\"2026-03-11T09:24:28+00:00\",\"breadcrumb\":{\"@id\":\"https:\/\/fundacioseira.coop\/es\/aviso-legal\/#breadcrumb\"},\"inLanguage\":\"es\",\"potentialAction\":[{\"@type\":\"ReadAction\",\"target\":[\"https:\/\/fundacioseira.coop\/es\/aviso-legal\/\"]}]},{\"@type\":\"BreadcrumbList\",\"@id\":\"https:\/\/fundacioseira.coop\/es\/aviso-legal\/#breadcrumb\",\"itemListElement\":[{\"@type\":\"ListItem\",\"position\":1,\"name\":\"Inici\",\"item\":\"https:\/\/fundacioseira.coop\/es\/\"},{\"@type\":\"ListItem\",\"position\":2,\"name\":\"Aviso Legal\"}]},{\"@type\":\"WebSite\",\"@id\":\"https:\/\/fundacioseira.coop\/es\/#website\",\"url\":\"https:\/\/fundacioseira.coop\/es\/\",\"name\":\"Fundaci\u00f3 SEIRA\",\"description\":\"\",\"publisher\":{\"@id\":\"https:\/\/fundacioseira.coop\/es\/#organization\"},\"potentialAction\":[{\"@type\":\"SearchAction\",\"target\":{\"@type\":\"EntryPoint\",\"urlTemplate\":\"https:\/\/fundacioseira.coop\/es\/?s={search_term_string}\"},\"query-input\":{\"@type\":\"PropertyValueSpecification\",\"valueRequired\":true,\"valueName\":\"search_term_string\"}}],\"inLanguage\":\"es\"},{\"@type\":\"Organization\",\"@id\":\"https:\/\/fundacioseira.coop\/es\/#organization\",\"name\":\"Fundaci\u00f3 SEIRA\",\"url\":\"https:\/\/fundacioseira.coop\/es\/\",\"logo\":{\"@type\":\"ImageObject\",\"inLanguage\":\"es\",\"@id\":\"https:\/\/fundacioseira.coop\/es\/#\/schema\/logo\/image\/\",\"url\":\"https:\/\/fundacioseira.coop\/wp-content\/uploads\/2026\/02\/Seira_IC1_White.png\",\"contentUrl\":\"https:\/\/fundacioseira.coop\/wp-content\/uploads\/2026\/02\/Seira_IC1_White.png\",\"width\":1417,\"height\":531,\"caption\":\"Fundaci\u00f3 SEIRA\"},\"image\":{\"@id\":\"https:\/\/fundacioseira.coop\/es\/#\/schema\/logo\/image\/\"}}]}<\/script>\n<!-- \/ Yoast SEO plugin. -->","yoast_head_json":{"title":"Aviso Legal - Fundaci\u00f3 SEIRA","robots":{"index":"noindex","follow":"follow"},"og_locale":"es_ES","og_type":"article","og_title":"Aviso Legal - Fundaci\u00f3 SEIRA","og_description":"[vc_section][vc_row equal_height=\u00bbyes\u00bb content_placement=\u00bbmiddle\u00bb][vc_column width=\u00bb1\/2&#8243;][vc_column_text css_animation=\u00bbslideInRight\u00bb css=\u00bb\u00bb el_class=\u00bbcolor-accent mg-bot-0 txt-18&#8243;] SEIRA IMPULS COOPERATIU [\/vc_column_text][vc_column_text css_animation=\u00bbslideInRight\u00bb css=\u00bb\u00bb el_class=\u00bbtitol-legals\u00bb] Aviso Legal [\/vc_column_text][\/vc_column][vc_column width=\u00bb1\/2&#8243;][vc_single_image image=\u00bb1160&#8243; img_size=\u00bbfull\u00bb css_animation=\u00bbfadeIn\u00bb css=\u00bb\u00bb el_class=\u00bbdeco-titol-legals\u00bb][\/vc_column][\/vc_row][vc_row][vc_column][vc_column_text css=\u00bb\u00bb el_class=\u00bbtxt-16&#8243;]www.fundacioseira.coop es un sitio web, cuyo nombre de dominio se encuentra registrado y es propiedad de la entidad \u00abFundaci\u00f3 Seira per a la innovaci\u00f3 i projecci\u00f3 del cooperativisme\u00bb\u00a0(de aqu\u00ed ... Leer m\u00e1s","og_url":"https:\/\/fundacioseira.coop\/es\/aviso-legal\/","og_site_name":"Fundaci\u00f3 SEIRA","article_modified_time":"2026-03-11T09:24:28+00:00","twitter_card":"summary_large_image","twitter_misc":{"Tiempo de lectura":"12 minutos"},"schema":{"@context":"https:\/\/schema.org","@graph":[{"@type":"WebPage","@id":"https:\/\/fundacioseira.coop\/es\/aviso-legal\/","url":"https:\/\/fundacioseira.coop\/es\/aviso-legal\/","name":"Aviso Legal - Fundaci\u00f3 SEIRA","isPartOf":{"@id":"https:\/\/fundacioseira.coop\/es\/#website"},"datePublished":"2025-02-27T20:57:33+00:00","dateModified":"2026-03-11T09:24:28+00:00","breadcrumb":{"@id":"https:\/\/fundacioseira.coop\/es\/aviso-legal\/#breadcrumb"},"inLanguage":"es","potentialAction":[{"@type":"ReadAction","target":["https:\/\/fundacioseira.coop\/es\/aviso-legal\/"]}]},{"@type":"BreadcrumbList","@id":"https:\/\/fundacioseira.coop\/es\/aviso-legal\/#breadcrumb","itemListElement":[{"@type":"ListItem","position":1,"name":"Inici","item":"https:\/\/fundacioseira.coop\/es\/"},{"@type":"ListItem","position":2,"name":"Aviso Legal"}]},{"@type":"WebSite","@id":"https:\/\/fundacioseira.coop\/es\/#website","url":"https:\/\/fundacioseira.coop\/es\/","name":"Fundaci\u00f3 SEIRA","description":"","publisher":{"@id":"https:\/\/fundacioseira.coop\/es\/#organization"},"potentialAction":[{"@type":"SearchAction","target":{"@type":"EntryPoint","urlTemplate":"https:\/\/fundacioseira.coop\/es\/?s={search_term_string}"},"query-input":{"@type":"PropertyValueSpecification","valueRequired":true,"valueName":"search_term_string"}}],"inLanguage":"es"},{"@type":"Organization","@id":"https:\/\/fundacioseira.coop\/es\/#organization","name":"Fundaci\u00f3 SEIRA","url":"https:\/\/fundacioseira.coop\/es\/","logo":{"@type":"ImageObject","inLanguage":"es","@id":"https:\/\/fundacioseira.coop\/es\/#\/schema\/logo\/image\/","url":"https:\/\/fundacioseira.coop\/wp-content\/uploads\/2026\/02\/Seira_IC1_White.png","contentUrl":"https:\/\/fundacioseira.coop\/wp-content\/uploads\/2026\/02\/Seira_IC1_White.png","width":1417,"height":531,"caption":"Fundaci\u00f3 SEIRA"},"image":{"@id":"https:\/\/fundacioseira.coop\/es\/#\/schema\/logo\/image\/"}}]}},"_links":{"self":[{"href":"https:\/\/fundacioseira.coop\/es\/wp-json\/wp\/v2\/pages\/1131","targetHints":{"allow":["GET"]}}],"collection":[{"href":"https:\/\/fundacioseira.coop\/es\/wp-json\/wp\/v2\/pages"}],"about":[{"href":"https:\/\/fundacioseira.coop\/es\/wp-json\/wp\/v2\/types\/page"}],"author":[{"embeddable":true,"href":"https:\/\/fundacioseira.coop\/es\/wp-json\/wp\/v2\/users\/3"}],"replies":[{"embeddable":true,"href":"https:\/\/fundacioseira.coop\/es\/wp-json\/wp\/v2\/comments?post=1131"}],"version-history":[{"count":3,"href":"https:\/\/fundacioseira.coop\/es\/wp-json\/wp\/v2\/pages\/1131\/revisions"}],"predecessor-version":[{"id":1227,"href":"https:\/\/fundacioseira.coop\/es\/wp-json\/wp\/v2\/pages\/1131\/revisions\/1227"}],"wp:attachment":[{"href":"https:\/\/fundacioseira.coop\/es\/wp-json\/wp\/v2\/media?parent=1131"}],"curies":[{"name":"wp","href":"https:\/\/api.w.org\/{rel}","templated":true}]}}