{"id":1180,"date":"2025-10-29T11:55:47","date_gmt":"2025-10-29T10:55:47","guid":{"rendered":"https:\/\/fundacioseira.coop\/nosaltres\/"},"modified":"2026-03-24T16:41:50","modified_gmt":"2026-03-24T15:41:50","slug":"about-us","status":"publish","type":"page","link":"https:\/\/fundacioseira.coop\/en\/about-us\/","title":{"rendered":"About us"},"content":{"rendered":"<div class=\"wpb-content-wrapper\"><p>[vc_section el_id=&#8221;qui-som&#8221;][vc_row][vc_column][vc_empty_space height=&#8221;50px&#8221;][vc_column_text css=&#8221;&#8221; el_class=&#8221;titol-principal etiqueta-principal&#8221;]<\/p>\n<h1>About us<\/h1>\n<p>[\/vc_column_text][\/vc_column][\/vc_row][\/vc_section][vc_section el_class=&#8221;bg-accent&#8221;][vc_row equal_height=&#8221;yes&#8221; el_class=&#8221;pg-50 color-blanco&#8221;][vc_column width=&#8221;1\/2&#8243; el_class=&#8221;columnas-L&#8221;][vc_column_text css=&#8221;&#8221;]Seira Impuls Cooperatiu helps local social economy and cooperative organizations to access funds. We are especially aimed at workers&#8217; cooperatives member of the Catalan Worker Cooperatives Federation. Seira contributes to building trust between financial institutions and cooperatives through several practical tools and training proposals tailored to their needs.[\/vc_column_text][vc_single_image image=&#8221;1287&#8243; img_size=&#8221;full&#8221; alignment=&#8221;center&#8221; css=&#8221;&#8221;][vc_column_text css=&#8221;&#8221; el_class=&#8221;mg-bot-15&#8243;]<\/p>\n<h4><span style=\"text-decoration: underline;\">History<\/span><\/h4>\n<p>[\/vc_column_text][vc_column_text css=&#8221;&#8221;]The Seira Foundation was established in 2008 to preserve and find a collective solution to the assets generated by the transformation of the Ecot\u00e8cnia cooperative.[\/vc_column_text][vc_column_text css=&#8221;&#8221;]Launched by former members of the cooperative and by the Catalan Worker Cooperatives Federation, the Seira Foundation was born to support and promote cooperativism, in particular, worker&#8217;s cooperatives.[\/vc_column_text][\/vc_column][vc_column width=&#8221;1\/2&#8243; css=&#8221;.vc_custom_1770733530392{background-image: url(https:\/\/fundacioseira.coop\/wp-content\/uploads\/2025\/10\/seira-1.jpg?id=185) !important;background-position: center !important;background-repeat: no-repeat !important;background-size: cover !important;}&#8221; el_class=&#8221;columnas-R&#8221;][\/vc_column][\/vc_row][\/vc_section][vc_section el_id=&#8221;missio&#8221;][vc_row][vc_column][vc_empty_space height=&#8221;100px&#8221;][vc_column_text css=&#8221;&#8221; el_class=&#8221;titol-principal etiqueta-principal&#8221;]<\/p>\n<h2>Mission, Vision and Values<\/h2>\n<p>[\/vc_column_text][\/vc_column][\/vc_row][\/vc_section][vc_section][vc_row][vc_column width=&#8221;1\/2&#8243; el_class=&#8221;columnas-L&#8221;]<div class=\"ult-content-box-container bg-accent color-blanco pg-50\" >\t\t<div class=\"ult-content-box\" style=\"box-shadow: px px px px none;-webkit-transition: all 700ms ease;-moz-transition: all 700ms ease;-ms-transition: all 700ms ease;-o-transition: all 700ms ease;transition: all 700ms ease;\"  data-hover_box_shadow=\"none\"    >[vc_column_text css=&#8221;&#8221;]<\/p>\n<h3 style=\"text-align: center;\">Mission<\/h3>\n<p>[\/vc_column_text][vc_column_text css=&#8221;&#8221; el_class=&#8221;mg-bot-0&#8243;]<\/p>\n<p style=\"text-align: center;\">Seira is a not-for-profit foundation that offers financial support to Catalan social economy and cooperative organizations, particularly to those who are members of the Catalan Worker Cooperatives Federation. Seira operates with transparency and accessibility to provide tools and resources to improve the financing culture and access to funds of cooperatives and raise the awareness of financial institutions towards the social and cooperative economy.<\/p>\n<p>[\/vc_column_text]\t\t<\/div><\/div>[vc_empty_space]<div class=\"ult-content-box-container bg-accent-3 color-blanco pg-50\" >\t\t<div class=\"ult-content-box\" style=\"box-shadow: px px px px none;-webkit-transition: all 700ms ease;-moz-transition: all 700ms ease;-ms-transition: all 700ms ease;-o-transition: all 700ms ease;transition: all 700ms ease;\"  data-hover_box_shadow=\"none\"    >[vc_column_text css=&#8221;&#8221;]<\/p>\n<h3 style=\"text-align: center;\">Vision<\/h3>\n<p>[\/vc_column_text][vc_column_text css=&#8221;&#8221; el_class=&#8221;mg-bot-0&#8243;]<\/p>\n<p style=\"text-align: center;\">Seira Impuls Cooperatiu strives to be a leading source of knowledge on financial issues of the social economy and cooperativism at the local, national, and international levels. Likewise, it seeks recognition for its transparency approach and closeness to the reality of cooperative businesses. Seira works with the Catalan Worker Cooperatives Federation and other institutions that share the goal of helping cooperative and social economy initiatives.<\/p>\n<p>[\/vc_column_text]\t\t<\/div><\/div>[\/vc_column][vc_column width=&#8221;1\/2&#8243; el_class=&#8221;columnas-R&#8221;]<div class=\"ult-content-box-container bg-accent-2 color-blanco pg-50\" >\t\t<div class=\"ult-content-box\" style=\"box-shadow: px px px px none;-webkit-transition: all 700ms ease;-moz-transition: all 700ms ease;-ms-transition: all 700ms ease;-o-transition: all 700ms ease;transition: all 700ms ease;\"  data-hover_box_shadow=\"none\"    >[vc_column_text css=&#8221;&#8221;]<\/p>\n<h3 style=\"text-align: center;\">Values<\/h3>\n<p>[\/vc_column_text][vc_column_text css=&#8221;&#8221; el_class=&#8221;mg-bot-0&#8243;]<\/p>\n<p style=\"text-align: center;\">Seira Impuls Cooperatiu draws inspiration from the values and principles of cooperativism to develop its activities. We want to highlight five of them<\/p>\n<p>[\/vc_column_text]\t\t<\/div><\/div>[vc_empty_space height=&#8221;35px&#8221;][vc_row_inner][vc_column_inner][vc_column_text css=&#8221;&#8221; el_class=&#8221;txt-17&#8243;]<span style=\"color: #009fff;\">Innovation:<\/span> the constant pursuit of new strategies, methodologies or places to articulate and promote cooperatives.<\/p>\n<p><span style=\"color: #009fff;\">Project diversity and targeting:<\/span> Seira Impuls Cooperatiu action\u2019s span a range of fields, but they must be specific enough to obtain tangible and effective results.<\/p>\n<p><span style=\"color: #009fff;\">Complementarity:<\/span> the activities of Seira Impuls Cooperatiu do not aim to replace or overlap with those of other cooperative organizations but rather, contribute to growing the effects of the actions carried out.<\/p>\n<p><span style=\"color: #009fff;\">Collaboration: <\/span> we foster strategic alliances to create and promote instruments for financing cooperative businesses. We participate with organizations that offer financing to cooperatives and promote new instruments to complement their financing needs. We believe it is crucial to improve their financial solvency, liquidity and guarantee funds.<\/p>\n<p><span style=\"color: #009fff;\">Support to strategic cooperative projects:<\/span> we back proposals that satisfy broad needs (education, information, creation, financing, commercialization, innovation, internationalization&#8230;) led by real experiences or representative organizations.[\/vc_column_text][\/vc_column_inner][\/vc_row_inner][\/vc_column][\/vc_row][\/vc_section][vc_section el_id=&#8221;patronat&#8221;][vc_row][vc_column][vc_column_text css=&#8221;&#8221; el_class=&#8221;titol-principal etiqueta-principal&#8221;]<\/p>\n<h2 style=\"text-align: left;\">Board of Trustees<\/h2>\n<p>[\/vc_column_text][\/vc_column][\/vc_row][\/vc_section][vc_section][vc_row][vc_column width=&#8221;1\/2&#8243; el_class=&#8221;columnas-L&#8221;][vc_column_text css=&#8221;&#8221; el_class=&#8221;color-accent&#8221;]The Board of Trustees of Seira Impuls Cooperatiu is the governing body. It aims to oversee the pursuit of the Foundation\u2019s mission, ensure proper management of its endowment, and monitor the use of its income and assets for the benefit of the beneficiaries.[\/vc_column_text]<div class=\"ult-content-box-container bg-accent-2 color-blanco pg-50\" >\t\t<div class=\"ult-content-box\" style=\"box-shadow: px px px px none;-webkit-transition: all 700ms ease;-moz-transition: all 700ms ease;-ms-transition: all 700ms ease;-o-transition: all 700ms ease;transition: all 700ms ease;\"  data-hover_box_shadow=\"none\"    >[vc_column_text css=&#8221;&#8221; el_class=&#8221;mg-bot-0&#8243;]<\/p>\n<p style=\"text-align: center;\">Seira\u2019s Board of Trustees is chosen by the Executive Council of the Catalan Worker Cooperatives Federation.<\/p>\n<p>[\/vc_column_text]\t\t<\/div><\/div>[vc_empty_space][vc_single_image image=&#8221;1288&#8243; img_size=&#8221;full&#8221; alignment=&#8221;center&#8221; css=&#8221;&#8221;]<div class=\"ult-content-box-container box-col-2\" >\t\t<div class=\"ult-content-box\" style=\"box-shadow: px px px px none;-webkit-transition: all 700ms ease;-moz-transition: all 700ms ease;-ms-transition: all 700ms ease;-o-transition: all 700ms ease;transition: all 700ms ease;\"  data-hover_box_shadow=\"none\"    >[vc_column_text css=&#8221;&#8221; el_class=&#8221;txt-15&#8243;]<span style=\"color: #009fff;\">President:<\/span> Laia Bonastra Arg\u00fcello<br \/>\n<span style=\"color: #009fff;\">First Vicepresident:<\/span> Jaume Oller Rosell<br \/>\n<span style=\"color: #009fff;\">Second Vicepresident:<\/span> Miquel Cabr\u00e9 Mallafr\u00e9<br \/>\n<span style=\"color: #009fff;\">Secretary:<\/span> Jes\u00fas Carri\u00f3n Rabasco<br \/>\n<span style=\"color: #009fff;\">Trustee:<\/span> Guernica Facundo Vericat[\/vc_column_text][vc_column_text css=&#8221;&#8221; el_class=&#8221;txt-15&#8243;]<span style=\"color: #009fff;\">Trustee:<\/span> Raimon Gassiot Ballb\u00e9<br \/>\n<span style=\"color: #009fff;\">Trustee:<\/span> Ariadna Mendieta Sim\u00f3<br \/>\n<span style=\"color: #009fff;\">Trustee:<\/span> Ivone Maritza Henao Arias<br \/>\n<span style=\"color: #009fff;\">Trustee:<\/span> Llu\u00eds Nadal Vidal<br \/>\n<span style=\"color: #009fff;\">Trustee:<\/span> Jordi Manresa Casals[\/vc_column_text]\t\t<\/div><\/div>[vc_column_text css=&#8221;&#8221; el_class=&#8221;color-accent txt-15&#8243;]Former directors: Rafael Vidal (2018-2020) Joana G\u00f3mez (2013-2017) Miquel Mir\u00f3 (2009-2013) and David P\u00e9rez (2008-2009).[\/vc_column_text][\/vc_column][vc_column width=&#8221;1\/2&#8243; el_class=&#8221;columnas-R&#8221;]<div class=\"ult-content-box-container bg-accent-3 color-blanco pg-50\" >\t\t<div class=\"ult-content-box\" style=\"box-shadow: px px px px none;-webkit-transition: all 700ms ease;-moz-transition: all 700ms ease;-ms-transition: all 700ms ease;-o-transition: all 700ms ease;transition: all 700ms ease;\"  data-hover_box_shadow=\"none\"    >[vc_column_text css=&#8221;&#8221; el_class=&#8221;mg-bot-0&#8243;]<\/p>\n<p style=\"text-align: left;\">The team that manages Seira Impuls Cooperatiu includes:<\/p>\n<p>[\/vc_column_text]\t\t<\/div><\/div>[vc_empty_space][vc_row_inner][vc_column_inner width=&#8221;1\/2&#8243;][vc_single_image image=&#8221;1289&#8243; img_size=&#8221;full&#8221; css=&#8221;&#8221; el_class=&#8221;img-personal&#8221;][vc_column_text css=&#8221;&#8221; el_class=&#8221;nom-personal&#8221;]Miguel Linde[\/vc_column_text][vc_column_text css=&#8221;&#8221; el_class=&#8221;text-personal&#8221;]Since January 2021, Miguel Linde is the Foundation\u2019s Director.[\/vc_column_text][\/vc_column_inner][vc_column_inner width=&#8221;1\/2&#8243;][vc_single_image image=&#8221;1290&#8243; img_size=&#8221;full&#8221; css=&#8221;&#8221; el_class=&#8221;img-personal&#8221;][vc_column_text css=&#8221;&#8221; el_class=&#8221;nom-personal&#8221;]Daniel Mar\u00eda[\/vc_column_text][vc_column_text css=&#8221;&#8221; el_class=&#8221;text-personal&#8221;]In April 2022, Daniel Mar\u00eda joined as Head of Projects.[\/vc_column_text][\/vc_column_inner][\/vc_row_inner][vc_row_inner][vc_column_inner width=&#8221;1\/2&#8243;][vc_single_image image=&#8221;1291&#8243; img_size=&#8221;full&#8221; css=&#8221;&#8221; el_class=&#8221;img-personal&#8221;][vc_column_text css=&#8221;&#8221; el_class=&#8221;nom-personal&#8221;]Lorena Blanco[\/vc_column_text][vc_column_text css=&#8221;&#8221; el_class=&#8221;text-personal&#8221;]Since March 2023, Lorena Blanco is part of the Seira team as Project Manager.[\/vc_column_text][\/vc_column_inner][vc_column_inner width=&#8221;1\/2&#8243;][vc_single_image image=&#8221;1292&#8243; img_size=&#8221;full&#8221; css=&#8221;&#8221; el_class=&#8221;img-personal&#8221;][vc_column_text css=&#8221;&#8221; el_class=&#8221;nom-personal&#8221;]Anna Yuste[\/vc_column_text][vc_column_text css=&#8221;&#8221; el_class=&#8221;text-personal&#8221;]Since June 2024, Anna Yuste is part of the Seira team as Project Manager.[\/vc_column_text][\/vc_column_inner][\/vc_row_inner][vc_row_inner][vc_column_inner width=&#8221;1\/2&#8243;][vc_single_image image=&#8221;1931&#8243; img_size=&#8221;full&#8221; css=&#8221;&#8221; el_class=&#8221;img-personal&#8221;][vc_column_text css=&#8221;&#8221; el_class=&#8221;nom-personal&#8221;]Ver\u00f3nica Campos[\/vc_column_text][vc_column_text css=&#8221;&#8221; el_class=&#8221;text-personal&#8221;]Since March 2026, Ver\u00f3nica Blanco is part of the Seira team as Administrative[\/vc_column_text][\/vc_column_inner][\/vc_row_inner][\/vc_column][\/vc_row][\/vc_section][vc_section el_id=&#8221;transparencia&#8221;][vc_row][vc_column][vc_column_text css=&#8221;&#8221; el_class=&#8221;titol-principal etiqueta-principal&#8221;]<\/p>\n<h2>Transparency<\/h2>\n<p>[\/vc_column_text][\/vc_column][\/vc_row][\/vc_section][vc_section][vc_row][vc_column width=&#8221;1\/2&#8243; el_class=&#8221;color-accent columnas-L&#8221;][vc_column_text css=&#8221;&#8221;]Transparency is essential for the Seira Foundation to communicate the financing culture in service of the social and cooperative economy while ensuring democratic internal running and accountability.[\/vc_column_text][vc_row_inner][vc_column_inner width=&#8221;1\/2&#8243;][vc_column_text css=&#8221;&#8221; el_class=&#8221;btn-center btn-main btn-accent-3&#8243;]<\/p>\n<p style=\"text-align: center;\"><a href=\"https:\/\/fundacioseira.coop\/en\/reports\/\">View reports<\/a><\/p>\n<p>[\/vc_column_text][\/vc_column_inner][vc_column_inner el_class=&#8221;button-accent&#8221; width=&#8221;1\/2&#8243;][vc_column_text css=&#8221;&#8221; el_class=&#8221;btn-center btn-main btn-accent&#8221;]<\/p>\n<p style=\"text-align: center;\"><a href=\"https:\/\/fundacioseira.coop\/en\/audits\/\">View audits<\/a><\/p>\n<p>[\/vc_column_text][\/vc_column_inner][\/vc_row_inner][\/vc_column][vc_column width=&#8221;1\/2&#8243; el_class=&#8221;bg-accent-3 color-blanco columnas-R&#8221;]<div class=\"ult-content-box-container bg-accent-3 color-blanco pg-50\" >\t\t<div class=\"ult-content-box\" style=\"box-shadow: px px px px none;-webkit-transition: all 700ms ease;-moz-transition: all 700ms ease;-ms-transition: all 700ms ease;-o-transition: all 700ms ease;transition: all 700ms ease;\"  data-hover_box_shadow=\"none\"    >[vc_column_text css=&#8221;&#8221; el_class=&#8221;mg-bot-0&#8243;]Each year, Seira publishes its social and internal audit reports in an exercise of corporate transparency. Here, you can view the reports of the last few years.[\/vc_column_text]\t\t<\/div><\/div>[\/vc_column][\/vc_row][vc_row content_placement=&#8221;middle&#8221;][vc_column][vc_empty_space]<div class=\"ult-content-box-container bg-accent-2 color-blanco pg-10\" >\t\t<div class=\"ult-content-box\" style=\"box-shadow: px px px px none;-webkit-transition: all 700ms ease;-moz-transition: all 700ms ease;-ms-transition: all 700ms ease;-o-transition: all 700ms ease;transition: all 700ms ease;\"  data-hover_box_shadow=\"none\"    >[vc_column_text css=&#8221;&#8221; el_class=&#8221;mg-bot-0&#8243;]<\/p>\n<p style=\"text-align: center;\"><a href=\"https:\/\/fundacioseira.coop\/wp-content\/uploads\/2026\/03\/Carta_fundacional_i_estatuts_ordenat.pdf\">Estatutes Seira<\/a><\/p>\n<p>[\/vc_column_text]\t\t<\/div><\/div>[vc_empty_space]<div class=\"ult-content-box-container bg-accent-2 color-blanco pg-10\" >\t\t<div class=\"ult-content-box\" style=\"box-shadow: px px px px none;-webkit-transition: all 700ms ease;-moz-transition: all 700ms ease;-ms-transition: all 700ms ease;-o-transition: all 700ms ease;transition: all 700ms ease;\"  data-hover_box_shadow=\"none\"    >[vc_column_text css=&#8221;&#8221; el_class=&#8221;mg-bot-0&#8243;]<\/p>\n<p style=\"text-align: center;\"><a href=\"https:\/\/fundacioseira.coop\/wp-content\/uploads\/2026\/02\/Signature-FEI_rotated.pdf\" target=\"_blank\" rel=\"noopener\">Signature FEI<\/a><\/p>\n<p>[\/vc_column_text]\t\t<\/div><\/div>[\/vc_column][\/vc_row][\/vc_section]<\/p>\n<\/div>","protected":false},"excerpt":{"rendered":"<p>[vc_section el_id=&#8221;qui-som&#8221;][vc_row][vc_column][vc_empty_space height=&#8221;50px&#8221;][vc_column_text css=&#8221;&#8221; el_class=&#8221;titol-principal etiqueta-principal&#8221;] About us [\/vc_column_text][\/vc_column][\/vc_row][\/vc_section][vc_section el_class=&#8221;bg-accent&#8221;][vc_row equal_height=&#8221;yes&#8221; el_class=&#8221;pg-50 color-blanco&#8221;][vc_column width=&#8221;1\/2&#8243; el_class=&#8221;columnas-L&#8221;][vc_column_text css=&#8221;&#8221;]Seira Impuls Cooperatiu helps local social economy and cooperative organizations to access funds. We are especially aimed at workers&#8217; cooperatives member of the Catalan Worker Cooperatives Federation. Seira contributes to building trust between financial institutions and cooperatives through several practical &#8230; <a title=\"About us\" class=\"read-more\" href=\"https:\/\/fundacioseira.coop\/en\/about-us\/\" aria-label=\"Read more about About us\">Read more<\/a><\/p>\n","protected":false},"author":1,"featured_media":0,"parent":0,"menu_order":0,"comment_status":"closed","ping_status":"closed","template":"","meta":{"_acf_changed":false,"footnotes":""},"class_list":["post-1180","page","type-page","status-publish"],"acf":[],"yoast_head":"<!-- This site is optimized with the Yoast SEO plugin v27.2 - https:\/\/yoast.com\/product\/yoast-seo-wordpress\/ -->\n<title>About us - Fundaci\u00f3 SEIRA<\/title>\n<meta name=\"robots\" content=\"index, follow, max-snippet:-1, max-image-preview:large, max-video-preview:-1\" \/>\n<link rel=\"canonical\" href=\"https:\/\/fundacioseira.coop\/en\/about-us\/\" \/>\n<meta property=\"og:locale\" content=\"en_US\" \/>\n<meta property=\"og:type\" content=\"article\" \/>\n<meta property=\"og:title\" content=\"About us - Fundaci\u00f3 SEIRA\" \/>\n<meta property=\"og:description\" content=\"[vc_section el_id=&#8221;qui-som&#8221;][vc_row][vc_column][vc_empty_space height=&#8221;50px&#8221;][vc_column_text css=&#8221;&#8221; el_class=&#8221;titol-principal etiqueta-principal&#8221;] About us [\/vc_column_text][\/vc_column][\/vc_row][\/vc_section][vc_section el_class=&#8221;bg-accent&#8221;][vc_row equal_height=&#8221;yes&#8221; el_class=&#8221;pg-50 color-blanco&#8221;][vc_column width=&#8221;1\/2&#8243; el_class=&#8221;columnas-L&#8221;][vc_column_text css=&#8221;&#8221;]Seira Impuls Cooperatiu helps local social economy and cooperative organizations to access funds. We are especially aimed at workers&#8217; cooperatives member of the Catalan Worker Cooperatives Federation. Seira contributes to building trust between financial institutions and cooperatives through several practical ... Read more\" \/>\n<meta property=\"og:url\" content=\"https:\/\/fundacioseira.coop\/en\/about-us\/\" \/>\n<meta property=\"og:site_name\" content=\"Fundaci\u00f3 SEIRA\" \/>\n<meta property=\"article:modified_time\" content=\"2026-03-24T15:41:50+00:00\" \/>\n<meta name=\"twitter:card\" content=\"summary_large_image\" \/>\n<meta name=\"twitter:label1\" content=\"Est. reading time\" \/>\n\t<meta name=\"twitter:data1\" content=\"7 minutes\" \/>\n<script type=\"application\/ld+json\" class=\"yoast-schema-graph\">{\"@context\":\"https:\/\/schema.org\",\"@graph\":[{\"@type\":\"WebPage\",\"@id\":\"https:\/\/fundacioseira.coop\/en\/about-us\/\",\"url\":\"https:\/\/fundacioseira.coop\/en\/about-us\/\",\"name\":\"About us - Fundaci\u00f3 SEIRA\",\"isPartOf\":{\"@id\":\"https:\/\/fundacioseira.coop\/en\/#website\"},\"datePublished\":\"2025-10-29T10:55:47+00:00\",\"dateModified\":\"2026-03-24T15:41:50+00:00\",\"breadcrumb\":{\"@id\":\"https:\/\/fundacioseira.coop\/en\/about-us\/#breadcrumb\"},\"inLanguage\":\"en-US\",\"potentialAction\":[{\"@type\":\"ReadAction\",\"target\":[\"https:\/\/fundacioseira.coop\/en\/about-us\/\"]}]},{\"@type\":\"BreadcrumbList\",\"@id\":\"https:\/\/fundacioseira.coop\/en\/about-us\/#breadcrumb\",\"itemListElement\":[{\"@type\":\"ListItem\",\"position\":1,\"name\":\"Inici\",\"item\":\"https:\/\/fundacioseira.coop\/en\/\"},{\"@type\":\"ListItem\",\"position\":2,\"name\":\"About us\"}]},{\"@type\":\"WebSite\",\"@id\":\"https:\/\/fundacioseira.coop\/en\/#website\",\"url\":\"https:\/\/fundacioseira.coop\/en\/\",\"name\":\"Fundaci\u00f3 SEIRA\",\"description\":\"\",\"publisher\":{\"@id\":\"https:\/\/fundacioseira.coop\/en\/#organization\"},\"potentialAction\":[{\"@type\":\"SearchAction\",\"target\":{\"@type\":\"EntryPoint\",\"urlTemplate\":\"https:\/\/fundacioseira.coop\/en\/?s={search_term_string}\"},\"query-input\":{\"@type\":\"PropertyValueSpecification\",\"valueRequired\":true,\"valueName\":\"search_term_string\"}}],\"inLanguage\":\"en-US\"},{\"@type\":\"Organization\",\"@id\":\"https:\/\/fundacioseira.coop\/en\/#organization\",\"name\":\"Fundaci\u00f3 SEIRA\",\"url\":\"https:\/\/fundacioseira.coop\/en\/\",\"logo\":{\"@type\":\"ImageObject\",\"inLanguage\":\"en-US\",\"@id\":\"https:\/\/fundacioseira.coop\/en\/#\/schema\/logo\/image\/\",\"url\":\"https:\/\/fundacioseira.coop\/wp-content\/uploads\/2026\/02\/Seira_IC1_White.png\",\"contentUrl\":\"https:\/\/fundacioseira.coop\/wp-content\/uploads\/2026\/02\/Seira_IC1_White.png\",\"width\":1417,\"height\":531,\"caption\":\"Fundaci\u00f3 SEIRA\"},\"image\":{\"@id\":\"https:\/\/fundacioseira.coop\/en\/#\/schema\/logo\/image\/\"}}]}<\/script>\n<!-- \/ Yoast SEO plugin. -->","yoast_head_json":{"title":"About us - Fundaci\u00f3 SEIRA","robots":{"index":"index","follow":"follow","max-snippet":"max-snippet:-1","max-image-preview":"max-image-preview:large","max-video-preview":"max-video-preview:-1"},"canonical":"https:\/\/fundacioseira.coop\/en\/about-us\/","og_locale":"en_US","og_type":"article","og_title":"About us - Fundaci\u00f3 SEIRA","og_description":"[vc_section el_id=&#8221;qui-som&#8221;][vc_row][vc_column][vc_empty_space height=&#8221;50px&#8221;][vc_column_text css=&#8221;&#8221; el_class=&#8221;titol-principal etiqueta-principal&#8221;] About us [\/vc_column_text][\/vc_column][\/vc_row][\/vc_section][vc_section el_class=&#8221;bg-accent&#8221;][vc_row equal_height=&#8221;yes&#8221; el_class=&#8221;pg-50 color-blanco&#8221;][vc_column width=&#8221;1\/2&#8243; el_class=&#8221;columnas-L&#8221;][vc_column_text css=&#8221;&#8221;]Seira Impuls Cooperatiu helps local social economy and cooperative organizations to access funds. We are especially aimed at workers&#8217; cooperatives member of the Catalan Worker Cooperatives Federation. Seira contributes to building trust between financial institutions and cooperatives through several practical ... Read more","og_url":"https:\/\/fundacioseira.coop\/en\/about-us\/","og_site_name":"Fundaci\u00f3 SEIRA","article_modified_time":"2026-03-24T15:41:50+00:00","twitter_card":"summary_large_image","twitter_misc":{"Est. reading time":"7 minutes"},"schema":{"@context":"https:\/\/schema.org","@graph":[{"@type":"WebPage","@id":"https:\/\/fundacioseira.coop\/en\/about-us\/","url":"https:\/\/fundacioseira.coop\/en\/about-us\/","name":"About us - Fundaci\u00f3 SEIRA","isPartOf":{"@id":"https:\/\/fundacioseira.coop\/en\/#website"},"datePublished":"2025-10-29T10:55:47+00:00","dateModified":"2026-03-24T15:41:50+00:00","breadcrumb":{"@id":"https:\/\/fundacioseira.coop\/en\/about-us\/#breadcrumb"},"inLanguage":"en-US","potentialAction":[{"@type":"ReadAction","target":["https:\/\/fundacioseira.coop\/en\/about-us\/"]}]},{"@type":"BreadcrumbList","@id":"https:\/\/fundacioseira.coop\/en\/about-us\/#breadcrumb","itemListElement":[{"@type":"ListItem","position":1,"name":"Inici","item":"https:\/\/fundacioseira.coop\/en\/"},{"@type":"ListItem","position":2,"name":"About us"}]},{"@type":"WebSite","@id":"https:\/\/fundacioseira.coop\/en\/#website","url":"https:\/\/fundacioseira.coop\/en\/","name":"Fundaci\u00f3 SEIRA","description":"","publisher":{"@id":"https:\/\/fundacioseira.coop\/en\/#organization"},"potentialAction":[{"@type":"SearchAction","target":{"@type":"EntryPoint","urlTemplate":"https:\/\/fundacioseira.coop\/en\/?s={search_term_string}"},"query-input":{"@type":"PropertyValueSpecification","valueRequired":true,"valueName":"search_term_string"}}],"inLanguage":"en-US"},{"@type":"Organization","@id":"https:\/\/fundacioseira.coop\/en\/#organization","name":"Fundaci\u00f3 SEIRA","url":"https:\/\/fundacioseira.coop\/en\/","logo":{"@type":"ImageObject","inLanguage":"en-US","@id":"https:\/\/fundacioseira.coop\/en\/#\/schema\/logo\/image\/","url":"https:\/\/fundacioseira.coop\/wp-content\/uploads\/2026\/02\/Seira_IC1_White.png","contentUrl":"https:\/\/fundacioseira.coop\/wp-content\/uploads\/2026\/02\/Seira_IC1_White.png","width":1417,"height":531,"caption":"Fundaci\u00f3 SEIRA"},"image":{"@id":"https:\/\/fundacioseira.coop\/en\/#\/schema\/logo\/image\/"}}]}},"_links":{"self":[{"href":"https:\/\/fundacioseira.coop\/en\/wp-json\/wp\/v2\/pages\/1180","targetHints":{"allow":["GET"]}}],"collection":[{"href":"https:\/\/fundacioseira.coop\/en\/wp-json\/wp\/v2\/pages"}],"about":[{"href":"https:\/\/fundacioseira.coop\/en\/wp-json\/wp\/v2\/types\/page"}],"author":[{"embeddable":true,"href":"https:\/\/fundacioseira.coop\/en\/wp-json\/wp\/v2\/users\/1"}],"replies":[{"embeddable":true,"href":"https:\/\/fundacioseira.coop\/en\/wp-json\/wp\/v2\/comments?post=1180"}],"version-history":[{"count":7,"href":"https:\/\/fundacioseira.coop\/en\/wp-json\/wp\/v2\/pages\/1180\/revisions"}],"predecessor-version":[{"id":1961,"href":"https:\/\/fundacioseira.coop\/en\/wp-json\/wp\/v2\/pages\/1180\/revisions\/1961"}],"wp:attachment":[{"href":"https:\/\/fundacioseira.coop\/en\/wp-json\/wp\/v2\/media?parent=1180"}],"curies":[{"name":"wp","href":"https:\/\/api.w.org\/{rel}","templated":true}]}}