{"id":1146,"date":"2025-10-30T11:52:25","date_gmt":"2025-10-30T10:52:25","guid":{"rendered":"https:\/\/fundacioseira.coop\/formacio\/"},"modified":"2026-03-11T10:42:49","modified_gmt":"2026-03-11T09:42:49","slug":"training","status":"publish","type":"page","link":"https:\/\/fundacioseira.coop\/en\/training\/","title":{"rendered":"Training"},"content":{"rendered":"<div class=\"wpb-content-wrapper\"><p>[vc_section][vc_row][vc_column width=&#8221;1\/2&#8243;][vc_row_inner][vc_column_inner][vc_column_text css=&#8221;&#8221; el_class=&#8221;bg-accent color-blanco mg-bot-0 pg-30&#8243;]<\/p>\n<h3 style=\"text-align: center;\"><strong>Training<\/strong><\/h3>\n<p>[\/vc_column_text][\/vc_column_inner][\/vc_row_inner][vc_empty_space][vc_column_text css=&#8221;&#8221; el_class=&#8221;color-accent&#8221;]Improving the financial culture of businesses is crucial to successfully developing cooperative economy initiatives.<\/p>\n<p>The closeness of the Seira Foundation to worker\u2019s cooperatives allows it to identify recurrent financial needs and offer tailored solutions.[\/vc_column_text][\/vc_column][vc_column width=&#8221;1\/2&#8243; el_class=&#8221;bg-accent color-blanco&#8221;][vc_column_text css=&#8221;&#8221; el_class=&#8221;bg-accent color-blanco mg-bot-0 pg-30&#8243;]<strong>The Seira Foundation offers the following training options:<\/strong><\/p>\n<p><strong><span style=\"text-decoration: underline;\">Finance manuals:<\/span> <\/strong>Handbooks to learn about specific issues such as equity loans or how to prepare a banking negotiation.<\/p>\n<p><strong><span style=\"text-decoration: underline;\">CuEmE Program:<\/span><\/strong> Entrepreneurial culture at school. The program fosters an entrepreneurial culture and basic abilities in the last years of primary education. During a school year, students create and manage a school cooperative with the support of the school, local government, businesses and other local organizations.[\/vc_column_text][\/vc_column][\/vc_row][\/vc_section][vc_section disable_element=&#8221;yes&#8221;][vc_row][vc_column width=&#8221;1\/2&#8243;][vc_row_inner][vc_column_inner][vc_column_text css=&#8221;&#8221; el_class=&#8221;bg-accent-3 color-blanco mg-bot-0 pg-30&#8243;]<\/p>\n<h3 style=\"text-align: center;\"><strong>FemPla<\/strong><\/h3>\n<p>[\/vc_column_text][\/vc_column_inner][\/vc_row_inner][vc_empty_space][vc_column_text css=&#8221;&#8221; el_class=&#8221;color-accent&#8221;]Seira Impuls Cooperatiu ha desenvolupat una eina que s\u2019afegeix al ventall d\u2019opcions disponibles per a les cooperatives de treball federades de cara a millorar el seu acc\u00e9s al finan\u00e7ament.<br \/>\nL\u2019eina FemPla t\u00e9 per objectiu facilitar la presa de decisions i identificar les necessitats de finan\u00e7ament en l\u2019\u00e0mbit de les inversions i el circulant.<br \/>\nLes cooperatives que utilitzen FemPla poden validar la seva capacitat per generar beneficis a futur i, d\u2019aquesta manera, optimitzar els recursos financers existents per tal de complir els seus objectius empresarials.[\/vc_column_text][\/vc_column][vc_column width=&#8221;1\/2&#8243;][vc_column_text css=&#8221;&#8221; el_class=&#8221;bg-accent color-blanco mg-bot-0 pg-30&#8243;]Les propostes formatives de la Fundaci\u00f3 Seira s\u00f3n:<br \/>\nFemPla: Eina de planificaci\u00f3 econ\u00f2mica i financera. Dissenyada amb l\u2019objectiu de facilitar la presa de decisions en l\u2019\u00e0mbit econ\u00f2mic i financer per identificar necessitats de finan\u00e7ament i optimitzar els recursos existents.<br \/>\nManuals de finances: Guies dedicades a aprofundir en temes concrets com els pr\u00e9stecs participatius o la preparaci\u00f3 de la negociaci\u00f3 banc\u00e0ria, entre d\u2019altres.<br \/>\nPrograma CuEmE: (Cultura emprenedora a l\u2019escola) El programa fomenta la cultura emprenedora i els compet\u00e8ncies b\u00e0siques en el cicle superior d\u2019educaci\u00f3 prim\u00e0ria. Durant un curs escolar, l\u2019alumnat crea i gestiona una cooperativa escolar amb el suport de l\u2019escola, l\u2019administraci\u00f3 local, els empreses i altres entitats de la seva localitat[\/vc_column_text][\/vc_column][\/vc_row][\/vc_section][vc_section disable_element=&#8221;yes&#8221; el_class=&#8221;color-accent&#8221;][vc_row][vc_column width=&#8221;1\/2&#8243;][vc_column_text css=&#8221;&#8221; el_class=&#8221;color-accent-3&#8243;]<\/p>\n<h3 style=\"text-align: center;\">Per a qui \u00e9s FemPla?<\/h3>\n<p>[\/vc_column_text][vc_column_text css=&#8221;&#8221;]FemPla \u00e9s una eina gratu\u00efta i de lliure acc\u00e9s, pensada per a les cooperatives de treball consolidades i per a aquelles en proc\u00e9s de creaci\u00f3 que desitgen fer una projecci\u00f3 del seu negoci.[\/vc_column_text][vc_column_text css=&#8221;&#8221;]L\u2019eina \u00e9s intu\u00eftiva i disposa d\u2019un tutorial online. El primer que cal fer \u00e9s crear un usuari i a, continuaci\u00f3, seguir les instruccions per crear el vostre propi projecte. Si teniu dubtes poseu-vos en contacte amb la Fundaci\u00f3.<br \/>\nA m\u00e9s, regularment la Federaci\u00f3 de Cooperatives de Treball de Catalunya organitza tallers presencials per aprendre a dominar FemPla. Si hi esteu interessats, poseu-vos-hi en contacte:[\/vc_column_text][vc_column_text css=&#8221;&#8221;]federacio@cooperativestreball.coop[\/vc_column_text][\/vc_column][vc_column width=&#8221;1\/2&#8243;][vc_column_text css=&#8221;&#8221; el_class=&#8221;color-accent-3&#8243;]<\/p>\n<h3 style=\"text-align: center;\">Qu\u00e8 permet FemPla?<\/h3>\n<p>[\/vc_column_text][vc_column_text css=&#8221;&#8221;]El programa FemPla permet realitzar projeccions del compte de resultats a tres anys, de l\u2019estat de tresoreria a dotze mesos, balan\u00e7os de situaci\u00f3 a dotze mesos, aix\u00ed com generar ratis d\u2019an\u00e0lisi econ\u00f2mico-financera. Es tracta d\u2019instruments essencials per a generar confian\u00e7a entre les entitats financeres i inversores.<br \/>\nA m\u00e9s, l\u2019eina facilita la desc\u00e0rrega de fitxers i incorporar-los en la negociaci\u00f3 banc\u00e0ria.<br \/>\nLes cooperatives que utilitzen FemPla poden validar la seva capacitat per generar beneficis a futur i, d\u2019aquesta manera, optimitzar els recursos financers existents per tal de complir els seus objectius empresarials.[\/vc_column_text][\/vc_column][\/vc_row][\/vc_section]<\/p>\n<\/div>","protected":false},"excerpt":{"rendered":"<p>[vc_section][vc_row][vc_column width=&#8221;1\/2&#8243;][vc_row_inner][vc_column_inner][vc_column_text css=&#8221;&#8221; el_class=&#8221;bg-accent color-blanco mg-bot-0 pg-30&#8243;] Training [\/vc_column_text][\/vc_column_inner][\/vc_row_inner][vc_empty_space][vc_column_text css=&#8221;&#8221; el_class=&#8221;color-accent&#8221;]Improving the financial culture of businesses is crucial to successfully developing cooperative economy initiatives. The closeness of the Seira Foundation to worker\u2019s cooperatives allows it to identify recurrent financial needs and offer tailored solutions.[\/vc_column_text][\/vc_column][vc_column width=&#8221;1\/2&#8243; el_class=&#8221;bg-accent color-blanco&#8221;][vc_column_text css=&#8221;&#8221; el_class=&#8221;bg-accent color-blanco mg-bot-0 pg-30&#8243;]The Seira Foundation offers &#8230; <a title=\"Training\" class=\"read-more\" href=\"https:\/\/fundacioseira.coop\/en\/training\/\" aria-label=\"Read more about Training\">Read more<\/a><\/p>\n","protected":false},"author":1,"featured_media":0,"parent":0,"menu_order":0,"comment_status":"closed","ping_status":"closed","template":"","meta":{"_acf_changed":false,"footnotes":""},"class_list":["post-1146","page","type-page","status-publish"],"acf":[],"yoast_head":"<!-- This site is optimized with the Yoast SEO plugin v27.5 - https:\/\/yoast.com\/product\/yoast-seo-wordpress\/ -->\n<title>Training - Fundaci\u00f3 SEIRA<\/title>\n<meta name=\"robots\" content=\"index, follow, max-snippet:-1, max-image-preview:large, max-video-preview:-1\" \/>\n<link rel=\"canonical\" href=\"https:\/\/fundacioseira.coop\/en\/training\/\" \/>\n<meta property=\"og:locale\" content=\"en_US\" \/>\n<meta property=\"og:type\" content=\"article\" \/>\n<meta property=\"og:title\" content=\"Training - Fundaci\u00f3 SEIRA\" \/>\n<meta property=\"og:description\" content=\"[vc_section][vc_row][vc_column width=&#8221;1\/2&#8243;][vc_row_inner][vc_column_inner][vc_column_text css=&#8221;&#8221; el_class=&#8221;bg-accent color-blanco mg-bot-0 pg-30&#8243;] Training [\/vc_column_text][\/vc_column_inner][\/vc_row_inner][vc_empty_space][vc_column_text css=&#8221;&#8221; el_class=&#8221;color-accent&#8221;]Improving the financial culture of businesses is crucial to successfully developing cooperative economy initiatives. The closeness of the Seira Foundation to worker\u2019s cooperatives allows it to identify recurrent financial needs and offer tailored solutions.[\/vc_column_text][\/vc_column][vc_column width=&#8221;1\/2&#8243; el_class=&#8221;bg-accent color-blanco&#8221;][vc_column_text css=&#8221;&#8221; el_class=&#8221;bg-accent color-blanco mg-bot-0 pg-30&#8243;]The Seira Foundation offers ... Read more\" \/>\n<meta property=\"og:url\" content=\"https:\/\/fundacioseira.coop\/en\/training\/\" \/>\n<meta property=\"og:site_name\" content=\"Fundaci\u00f3 SEIRA\" \/>\n<meta property=\"article:modified_time\" content=\"2026-03-11T09:42:49+00:00\" \/>\n<meta name=\"twitter:card\" content=\"summary_large_image\" \/>\n<meta name=\"twitter:label1\" content=\"Est. reading time\" \/>\n\t<meta name=\"twitter:data1\" content=\"3 minutes\" \/>\n<script type=\"application\/ld+json\" class=\"yoast-schema-graph\">{\"@context\":\"https:\\\/\\\/schema.org\",\"@graph\":[{\"@type\":\"WebPage\",\"@id\":\"https:\\\/\\\/fundacioseira.coop\\\/en\\\/training\\\/\",\"url\":\"https:\\\/\\\/fundacioseira.coop\\\/en\\\/training\\\/\",\"name\":\"Training - Fundaci\u00f3 SEIRA\",\"isPartOf\":{\"@id\":\"https:\\\/\\\/fundacioseira.coop\\\/en\\\/#website\"},\"datePublished\":\"2025-10-30T10:52:25+00:00\",\"dateModified\":\"2026-03-11T09:42:49+00:00\",\"breadcrumb\":{\"@id\":\"https:\\\/\\\/fundacioseira.coop\\\/en\\\/training\\\/#breadcrumb\"},\"inLanguage\":\"en-US\",\"potentialAction\":[{\"@type\":\"ReadAction\",\"target\":[\"https:\\\/\\\/fundacioseira.coop\\\/en\\\/training\\\/\"]}]},{\"@type\":\"BreadcrumbList\",\"@id\":\"https:\\\/\\\/fundacioseira.coop\\\/en\\\/training\\\/#breadcrumb\",\"itemListElement\":[{\"@type\":\"ListItem\",\"position\":1,\"name\":\"Inici\",\"item\":\"https:\\\/\\\/fundacioseira.coop\\\/en\\\/\"},{\"@type\":\"ListItem\",\"position\":2,\"name\":\"Training\"}]},{\"@type\":\"WebSite\",\"@id\":\"https:\\\/\\\/fundacioseira.coop\\\/en\\\/#website\",\"url\":\"https:\\\/\\\/fundacioseira.coop\\\/en\\\/\",\"name\":\"Fundaci\u00f3 SEIRA\",\"description\":\"\",\"publisher\":{\"@id\":\"https:\\\/\\\/fundacioseira.coop\\\/en\\\/#organization\"},\"potentialAction\":[{\"@type\":\"SearchAction\",\"target\":{\"@type\":\"EntryPoint\",\"urlTemplate\":\"https:\\\/\\\/fundacioseira.coop\\\/en\\\/?s={search_term_string}\"},\"query-input\":{\"@type\":\"PropertyValueSpecification\",\"valueRequired\":true,\"valueName\":\"search_term_string\"}}],\"inLanguage\":\"en-US\"},{\"@type\":\"Organization\",\"@id\":\"https:\\\/\\\/fundacioseira.coop\\\/en\\\/#organization\",\"name\":\"Fundaci\u00f3 SEIRA\",\"url\":\"https:\\\/\\\/fundacioseira.coop\\\/en\\\/\",\"logo\":{\"@type\":\"ImageObject\",\"inLanguage\":\"en-US\",\"@id\":\"https:\\\/\\\/fundacioseira.coop\\\/en\\\/#\\\/schema\\\/logo\\\/image\\\/\",\"url\":\"https:\\\/\\\/fundacioseira.coop\\\/wp-content\\\/uploads\\\/2026\\\/02\\\/Seira_IC1_White.png\",\"contentUrl\":\"https:\\\/\\\/fundacioseira.coop\\\/wp-content\\\/uploads\\\/2026\\\/02\\\/Seira_IC1_White.png\",\"width\":1417,\"height\":531,\"caption\":\"Fundaci\u00f3 SEIRA\"},\"image\":{\"@id\":\"https:\\\/\\\/fundacioseira.coop\\\/en\\\/#\\\/schema\\\/logo\\\/image\\\/\"}}]}<\/script>\n<!-- \/ Yoast SEO plugin. -->","yoast_head_json":{"title":"Training - Fundaci\u00f3 SEIRA","robots":{"index":"index","follow":"follow","max-snippet":"max-snippet:-1","max-image-preview":"max-image-preview:large","max-video-preview":"max-video-preview:-1"},"canonical":"https:\/\/fundacioseira.coop\/en\/training\/","og_locale":"en_US","og_type":"article","og_title":"Training - Fundaci\u00f3 SEIRA","og_description":"[vc_section][vc_row][vc_column width=&#8221;1\/2&#8243;][vc_row_inner][vc_column_inner][vc_column_text css=&#8221;&#8221; el_class=&#8221;bg-accent color-blanco mg-bot-0 pg-30&#8243;] Training [\/vc_column_text][\/vc_column_inner][\/vc_row_inner][vc_empty_space][vc_column_text css=&#8221;&#8221; el_class=&#8221;color-accent&#8221;]Improving the financial culture of businesses is crucial to successfully developing cooperative economy initiatives. The closeness of the Seira Foundation to worker\u2019s cooperatives allows it to identify recurrent financial needs and offer tailored solutions.[\/vc_column_text][\/vc_column][vc_column width=&#8221;1\/2&#8243; el_class=&#8221;bg-accent color-blanco&#8221;][vc_column_text css=&#8221;&#8221; el_class=&#8221;bg-accent color-blanco mg-bot-0 pg-30&#8243;]The Seira Foundation offers ... Read more","og_url":"https:\/\/fundacioseira.coop\/en\/training\/","og_site_name":"Fundaci\u00f3 SEIRA","article_modified_time":"2026-03-11T09:42:49+00:00","twitter_card":"summary_large_image","twitter_misc":{"Est. reading time":"3 minutes"},"schema":{"@context":"https:\/\/schema.org","@graph":[{"@type":"WebPage","@id":"https:\/\/fundacioseira.coop\/en\/training\/","url":"https:\/\/fundacioseira.coop\/en\/training\/","name":"Training - Fundaci\u00f3 SEIRA","isPartOf":{"@id":"https:\/\/fundacioseira.coop\/en\/#website"},"datePublished":"2025-10-30T10:52:25+00:00","dateModified":"2026-03-11T09:42:49+00:00","breadcrumb":{"@id":"https:\/\/fundacioseira.coop\/en\/training\/#breadcrumb"},"inLanguage":"en-US","potentialAction":[{"@type":"ReadAction","target":["https:\/\/fundacioseira.coop\/en\/training\/"]}]},{"@type":"BreadcrumbList","@id":"https:\/\/fundacioseira.coop\/en\/training\/#breadcrumb","itemListElement":[{"@type":"ListItem","position":1,"name":"Inici","item":"https:\/\/fundacioseira.coop\/en\/"},{"@type":"ListItem","position":2,"name":"Training"}]},{"@type":"WebSite","@id":"https:\/\/fundacioseira.coop\/en\/#website","url":"https:\/\/fundacioseira.coop\/en\/","name":"Fundaci\u00f3 SEIRA","description":"","publisher":{"@id":"https:\/\/fundacioseira.coop\/en\/#organization"},"potentialAction":[{"@type":"SearchAction","target":{"@type":"EntryPoint","urlTemplate":"https:\/\/fundacioseira.coop\/en\/?s={search_term_string}"},"query-input":{"@type":"PropertyValueSpecification","valueRequired":true,"valueName":"search_term_string"}}],"inLanguage":"en-US"},{"@type":"Organization","@id":"https:\/\/fundacioseira.coop\/en\/#organization","name":"Fundaci\u00f3 SEIRA","url":"https:\/\/fundacioseira.coop\/en\/","logo":{"@type":"ImageObject","inLanguage":"en-US","@id":"https:\/\/fundacioseira.coop\/en\/#\/schema\/logo\/image\/","url":"https:\/\/fundacioseira.coop\/wp-content\/uploads\/2026\/02\/Seira_IC1_White.png","contentUrl":"https:\/\/fundacioseira.coop\/wp-content\/uploads\/2026\/02\/Seira_IC1_White.png","width":1417,"height":531,"caption":"Fundaci\u00f3 SEIRA"},"image":{"@id":"https:\/\/fundacioseira.coop\/en\/#\/schema\/logo\/image\/"}}]}},"_links":{"self":[{"href":"https:\/\/fundacioseira.coop\/en\/wp-json\/wp\/v2\/pages\/1146","targetHints":{"allow":["GET"]}}],"collection":[{"href":"https:\/\/fundacioseira.coop\/en\/wp-json\/wp\/v2\/pages"}],"about":[{"href":"https:\/\/fundacioseira.coop\/en\/wp-json\/wp\/v2\/types\/page"}],"author":[{"embeddable":true,"href":"https:\/\/fundacioseira.coop\/en\/wp-json\/wp\/v2\/users\/1"}],"replies":[{"embeddable":true,"href":"https:\/\/fundacioseira.coop\/en\/wp-json\/wp\/v2\/comments?post=1146"}],"version-history":[{"count":2,"href":"https:\/\/fundacioseira.coop\/en\/wp-json\/wp\/v2\/pages\/1146\/revisions"}],"predecessor-version":[{"id":1264,"href":"https:\/\/fundacioseira.coop\/en\/wp-json\/wp\/v2\/pages\/1146\/revisions\/1264"}],"wp:attachment":[{"href":"https:\/\/fundacioseira.coop\/en\/wp-json\/wp\/v2\/media?parent=1146"}],"curies":[{"name":"wp","href":"https:\/\/api.w.org\/{rel}","templated":true}]}}