{"id":1130,"date":"2025-02-27T21:57:33","date_gmt":"2025-02-27T20:57:33","guid":{"rendered":"https:\/\/fundacioseira.coop\/avis-legal\/"},"modified":"2026-03-11T10:27:26","modified_gmt":"2026-03-11T09:27:26","slug":"legal-notice","status":"publish","type":"page","link":"https:\/\/fundacioseira.coop\/en\/legal-notice\/","title":{"rendered":"Legal Notice"},"content":{"rendered":"<div class=\"wpb-content-wrapper\"><p>[vc_section][vc_row equal_height=&#8221;yes&#8221; content_placement=&#8221;middle&#8221;][vc_column width=&#8221;1\/2&#8243;][vc_column_text css_animation=&#8221;slideInRight&#8221; css=&#8221;&#8221; el_class=&#8221;color-accent mg-bot-0 txt-18&#8243;]<\/p>\n<p class=\"elementor-heading-title elementor-size-default\">SEIRA IMPULS COOPERATIU<\/p>\n<p>[\/vc_column_text][vc_column_text css_animation=&#8221;slideInRight&#8221; css=&#8221;&#8221; el_class=&#8221;titol-legals&#8221;]<\/p>\n<h1>Legal Notice<\/h1>\n<p>[\/vc_column_text][\/vc_column][vc_column width=&#8221;1\/2&#8243;][vc_single_image image=&#8221;1152&#8243; img_size=&#8221;full&#8221; css_animation=&#8221;fadeIn&#8221; css=&#8221;&#8221; el_class=&#8221;deco-titol-legals&#8221;][\/vc_column][\/vc_row][vc_row][vc_column][vc_column_text css=&#8221;&#8221; el_class=&#8221;txt-16&#8243;]www.fundacioseira.coop is a website, with a registered domain name, property of Fundaci\u00f3 Seira per a la innovaci\u00f3 i projecci\u00f3 del cooperativisme.<\/p>\n<p>(Hereinafter, equally, Fundaci\u00f3 Seira)<\/p>\n<p>The goal of www.fundacioseira.coop is to inform on the activities of Fundaci\u00f3 Seira, as well as its products and services, offers, promotions and other relevant information about Fundaci\u00f3 Seira.<\/p>\n<p>Access to www.fundacioseira.coop is free, and the provision of e-commerce and e-contracting services is not foreseen. By using this website, the user fully and without reservations agree to each and all of the provisions included in the present Legal Notice. Therefore, the website user has to closely read the present Legal Notice on each of the occasions he\/she uses the website because the text could be modified under the criteria of the owner of the website or a legislative, jurisprudential or business practice change.<\/p>\n<p><strong>1. Data of the owner of the website<\/strong><\/p>\n<p>Name of the owner: Fundaci\u00f3 Seira per a la innovaci\u00f3 i projecci\u00f3 del cooperativisme<\/p>\n<p>Social address: Carrer Premi\u00e0, 15 1a Planta (08014) Barcelona<\/p>\n<p>ID: G 64818297<\/p>\n<p>Telephone: 933324181<\/p>\n<p>Email address: projectes@fundacioseira.coop<\/p>\n<p>Registered data:<\/p>\n<p>Fundaci\u00f3 Seira is responsible for the website and is committed to complying with all the national and European requisites that regulate the use of the user\u2019s personal data.<\/p>\n<p>This website guarantees the protection and confidentiality of submitted personal data in accordance with the provisions of the Regulation (EU) 2016\/679 of the European Parliament and of the Council of 27 April 2016 on the protection of natural persons with regard to the processing of personal data, the Organic Law 3\/2018 on protection of personal data and guarantee of digital rights, as well as the Law 32\/2002 of 11 July 2002, on information society services and electronic commerce.<\/p>\n<p><strong>2. Object<\/strong><\/p>\n<p>The website provides users with access to information and services provided by Fundaci\u00f3 Seira to those individuals or organizations that are interested.<\/p>\n<p>Access and use of the website assigns the condition of user of the website (hereinafter the \u201cuser\u201d) and implies accepting all conditions included in this Legal Notice as well as its changes. The provision of the website service is limited to the time at which the user is connected to the website.<\/p>\n<p>Therefore, the user has to closely read the Legal Notice each time he\/she enters the website, because the website and terms of use found in the present Legal Notice may change.<\/p>\n<p><strong>3. Access and use of the website<\/strong><\/p>\n<ul>\n<li>Free access and use of the website. Access to the website is free for its users, except for the cost of the connection through the telecommunications network provided by the access provider contracted by the users.<\/li>\n<li>User registration. With a general character, access and use of the website do not require the previous subscription or registration of the user.<\/li>\n<li>Users guarantee and respond, in any case, to the accuracy, validity and authenticity of submitted personal data and commit to keeping it up to date. The user accepts sending complete and correct information in the contact or subscription form. In the case of minors under thirteen (13) years old, the consent of the parents or legal tutors is required to process their personal data. In no case shall we collect from the minor data related to the professional, and economic situation of the family or other personal data without the previous consent of family members. If you are under thirteen (13) and have accessed this website without warning your parents you should not register as a user. This website respects and takes care of the user\u2019s personal data. As a user, you must know your rights are safeguarded.\n<ul>\n<li>In particular, the user commits to:<\/li>\n<li>Act in good faith and loyalty in all its relations with Fundaci\u00f3 Seira.<\/li>\n<li>Provide valid and accurate data during its contractual relationship with Fundaci\u00f3 Seira.<\/li>\n<li>Use the website correctly and complying with current legislation, morals and public order, abiding by the present Legal Notice, and, in its case, the established terms of use and contract, as well as not permitting the use of non-authorized third parties of its tools and provided services.<\/li>\n<li>Collaborate and notify Fundaci\u00f3 Seira about the information, particularly technical, to which it has access while operating that could affect or harm the trustworthiness of the www.fundacioseira.coop website, the services provided by Fundaci\u00f3 Seira, its partners, collaborators, providers, other users or other third parties, as well as the provisions of the current Legal Notice, or, in its case, the terms of use and contract.<\/li>\n<\/ul>\n<\/li>\n<\/ul>\n<p>Navigation:<\/p>\n<p>Internet servers can collect non-identifiable data, which may include IP addresses and other data that can not be used to identify the user. Your IP address shall be automatically saved in access logs with the only aim of allowing internet traffic, making it necessary for your device to provide this IP address when navigating on the internet so that communications can be carried out. Likewise, the IP address can be used to prepare anonymous statistics on the number and origin of website visitors, in a completely transparent manner to your navigation.<\/p>\n<p><strong>4. Website content and third-party links<\/strong><\/p>\n<p>The language used by the owner of the website is Catalan. Fundaci\u00f3 Seira is not responsible for the user\u2019s non-comprehension of the language nor its consequences. Fundaci\u00f3 Seira can freely change or eliminate the website content or change the way to access the website without previous notice or justification, and shall not be responsible for the consequences this may cause users.<\/p>\n<p>Fundaci\u00f3 Seira reserves the right to temporarily suspend accessibility to the website if necessary, without previous notice, to carry out the necessary maintenance and updating tasks.<\/p>\n<p>It is prohibited to use the content of the website to promote, contract or disseminate advertising, information of your own or from third parties without the authorization of Fundaci\u00f3 Seira, or remitting publicity or information by profiting from the services or information made available to users, independently if it is free or not.<\/p>\n<p>The website may include links to third-party websites, the content of which cannot be attributed nor required to Fundaci\u00f3 Seira. The responsible is the owner of each of the accessed websites.<\/p>\n<p>The establishment of any link from another website to www.fundacioseira.coop shall be always done to the main page, and the total or partial reproduction of the services included in Fundaci\u00f3 Seira is expressly prohibited.<\/p>\n<p><strong>5. Responsibility and safety measures<\/strong><\/p>\n<p>The information found on the website might not always be up to date. Therefore, Fundaci\u00f3 Seira is not responsible for any unforeseen harm produced by an external or third party to the information provided.<\/p>\n<p>Access to the website and the non-consensual use of the information contained therein is the sole responsibility of whoever does it.<\/p>\n<p>Fundaci\u00f3 Seira shall not be held responsible for any loss or damage caused by the malfunctioning of the communication networks that enable access to www.fundacioseira.coop, as for any access interruptions, viruses,\u00a0 connections and operating systems for accessing the internet network. Likewise, Fundaci\u00f3 Seira cannot be made responsible for potential damage caused by illicit and illegitimate acts of third parties alien to Fundaci\u00f3 Seira, in the transmission of data across communication networks.<\/p>\n<p>Fundaci\u00f3 Seira will not be responsible for the reliability or quickness of the links added to the website. Fundaci\u00f3 Seira does not guarantee the usefulness of these links, nor is it responsible for the content or services the user might access through these links, nor of the correct functioning of these websites.<\/p>\n<p>Personal data sent by the user might be kept in automatized databases or not, the ownership of which exclusively corresponds to Fundaci\u00f3 Seira, assuming all the technical, organizational and safety measures to ensure confidentiality, trustworthiness and the quality of the information contained within, in accordance to what is established in current laws on the protection of personal data.<\/p>\n<p><strong>6. Use of cookies<\/strong><\/p>\n<p>The website may use cookies or similar technologies that will comply with the Cookie policy, accessible at any moment and respecting the confidentiality and privacy of the user, being an essential part of the present Legal Notice.<\/p>\n<p><strong>7. Industrial and intellectual property<\/strong><\/p>\n<p>The user acknowledges and accepts that all content (including\u00a0 but not limited to texts, logos, images, drawings, web design, trademarks, source code and software) and any other element of the website are the property of Fundaci\u00f3 Seira and are protected by current laws on industrial and intellectual property and any other applicable legislation. The user commits to respecting the industrial and intellectual property rights of Fundaci\u00f3 Seira and third parties.<\/p>\n<p>The legitimate exploitation of these corresponds exclusively to Fundaci\u00f3 Seira or its licensees, remaining expressively forbidden the total or partial reproduction and distribution of any kind of content by the user or third parties without express authorization by Fundaci\u00f3 Seira. Any use of the website or its content shall have an exclusively personal nature.<\/p>\n<p>Fundaci\u00f3 Seira has the exclusive right to totally or partially copy, reproduce, distribute, transform, publicly communicate or perform similar actions with the website; this means no other user can carry out these actions without previous written authorization of Fundaci\u00f3 Seira.<\/p>\n<p>In no case, the access to www.fundacioseira.coop implies the total or partial permission, resignation, transmission, license or cession of these rights by its owners, nor any other right to use, alteration, exploitation, reproduction, distribution, or public communication except if Fundaci\u00f3 Seira expressly authorizes the contrary.<\/p>\n<p>Content. Notwithstanding the foregoing, if a user or third party considers that content from the website www.fundacioseira.coop could violate third-party rights, we please ask them to notify us as soon as possible.<\/p>\n<p><strong>8. Changing the Legal Notice<\/strong><\/p>\n<p>The content of the present Legal Notice is of indefinite duration and can be modified at any moment complying with the current legislation and the changes that can arise as a result of the activities of Fundaci\u00f3 Seira<\/p>\n<p><strong>9. Applicable law<\/strong><\/p>\n<p>The present Legal Notice shall be interpreted and regulated in accordance with Spanish legislation. Fundaci\u00f3 Seira and the users, with express waiver of any other jurisdiction that may correspond to them, submit to the jurisdiction of the courts and tribunals of the user\u2019s domicile for any dispute that may arise from access to or use of the Website. In the event that the user is domiciled outside of Spain, Fundaci\u00f3 Seira and the user submit, with express waiver of any other jurisdiction, to the courts and tribunals of Barcelona.<\/p>\n<p>Should the parties consider it necessary to resort to alternative dispute resolution systems, such as arbitration or mediation, they must propose and expressly accept it in writing at the time the dispute arises, and always based on the provisions of the applicable regulations.<\/p>\n<p><strong>10. Comments and suggestions<\/strong><\/p>\n<p>Your comments and suggestions will be much appreciated. You can get in touch through our contact form.[\/vc_column_text][\/vc_column][\/vc_row][\/vc_section]<\/p>\n<\/div>","protected":false},"excerpt":{"rendered":"<p>[vc_section][vc_row equal_height=&#8221;yes&#8221; content_placement=&#8221;middle&#8221;][vc_column width=&#8221;1\/2&#8243;][vc_column_text css_animation=&#8221;slideInRight&#8221; css=&#8221;&#8221; el_class=&#8221;color-accent mg-bot-0 txt-18&#8243;] SEIRA IMPULS COOPERATIU [\/vc_column_text][vc_column_text css_animation=&#8221;slideInRight&#8221; css=&#8221;&#8221; el_class=&#8221;titol-legals&#8221;] Legal Notice [\/vc_column_text][\/vc_column][vc_column width=&#8221;1\/2&#8243;][vc_single_image image=&#8221;1152&#8243; img_size=&#8221;full&#8221; css_animation=&#8221;fadeIn&#8221; css=&#8221;&#8221; el_class=&#8221;deco-titol-legals&#8221;][\/vc_column][\/vc_row][vc_row][vc_column][vc_column_text css=&#8221;&#8221; el_class=&#8221;txt-16&#8243;]www.fundacioseira.coop is a website, with a registered domain name, property of Fundaci\u00f3 Seira per a la innovaci\u00f3 i projecci\u00f3 del cooperativisme. (Hereinafter, equally, Fundaci\u00f3 Seira) The goal of www.fundacioseira.coop &#8230; <a title=\"Legal Notice\" class=\"read-more\" href=\"https:\/\/fundacioseira.coop\/en\/legal-notice\/\" aria-label=\"Read more about Legal Notice\">Read more<\/a><\/p>\n","protected":false},"author":3,"featured_media":0,"parent":0,"menu_order":0,"comment_status":"closed","ping_status":"closed","template":"","meta":{"_acf_changed":false,"footnotes":""},"class_list":["post-1130","page","type-page","status-publish"],"acf":[],"yoast_head":"<!-- This site is optimized with the Yoast SEO plugin v27.2 - https:\/\/yoast.com\/product\/yoast-seo-wordpress\/ -->\n<title>Legal Notice - Fundaci\u00f3 SEIRA<\/title>\n<meta name=\"robots\" content=\"noindex, follow\" \/>\n<meta property=\"og:locale\" content=\"en_US\" \/>\n<meta property=\"og:type\" content=\"article\" \/>\n<meta property=\"og:title\" content=\"Legal Notice - Fundaci\u00f3 SEIRA\" \/>\n<meta property=\"og:description\" content=\"[vc_section][vc_row equal_height=&#8221;yes&#8221; content_placement=&#8221;middle&#8221;][vc_column width=&#8221;1\/2&#8243;][vc_column_text css_animation=&#8221;slideInRight&#8221; css=&#8221;&#8221; el_class=&#8221;color-accent mg-bot-0 txt-18&#8243;] SEIRA IMPULS COOPERATIU [\/vc_column_text][vc_column_text css_animation=&#8221;slideInRight&#8221; css=&#8221;&#8221; el_class=&#8221;titol-legals&#8221;] Legal Notice [\/vc_column_text][\/vc_column][vc_column width=&#8221;1\/2&#8243;][vc_single_image image=&#8221;1152&#8243; img_size=&#8221;full&#8221; css_animation=&#8221;fadeIn&#8221; css=&#8221;&#8221; el_class=&#8221;deco-titol-legals&#8221;][\/vc_column][\/vc_row][vc_row][vc_column][vc_column_text css=&#8221;&#8221; el_class=&#8221;txt-16&#8243;]www.fundacioseira.coop is a website, with a registered domain name, property of Fundaci\u00f3 Seira per a la innovaci\u00f3 i projecci\u00f3 del cooperativisme. (Hereinafter, equally, Fundaci\u00f3 Seira) The goal of www.fundacioseira.coop ... Read more\" \/>\n<meta property=\"og:url\" content=\"https:\/\/fundacioseira.coop\/en\/legal-notice\/\" \/>\n<meta property=\"og:site_name\" content=\"Fundaci\u00f3 SEIRA\" \/>\n<meta property=\"article:modified_time\" content=\"2026-03-11T09:27:26+00:00\" \/>\n<meta name=\"twitter:card\" content=\"summary_large_image\" \/>\n<meta name=\"twitter:label1\" content=\"Est. reading time\" \/>\n\t<meta name=\"twitter:data1\" content=\"10 minutes\" \/>\n<script type=\"application\/ld+json\" class=\"yoast-schema-graph\">{\"@context\":\"https:\/\/schema.org\",\"@graph\":[{\"@type\":\"WebPage\",\"@id\":\"https:\/\/fundacioseira.coop\/en\/legal-notice\/\",\"url\":\"https:\/\/fundacioseira.coop\/en\/legal-notice\/\",\"name\":\"Legal Notice - Fundaci\u00f3 SEIRA\",\"isPartOf\":{\"@id\":\"https:\/\/fundacioseira.coop\/en\/#website\"},\"datePublished\":\"2025-02-27T20:57:33+00:00\",\"dateModified\":\"2026-03-11T09:27:26+00:00\",\"breadcrumb\":{\"@id\":\"https:\/\/fundacioseira.coop\/en\/legal-notice\/#breadcrumb\"},\"inLanguage\":\"en-US\",\"potentialAction\":[{\"@type\":\"ReadAction\",\"target\":[\"https:\/\/fundacioseira.coop\/en\/legal-notice\/\"]}]},{\"@type\":\"BreadcrumbList\",\"@id\":\"https:\/\/fundacioseira.coop\/en\/legal-notice\/#breadcrumb\",\"itemListElement\":[{\"@type\":\"ListItem\",\"position\":1,\"name\":\"Inici\",\"item\":\"https:\/\/fundacioseira.coop\/en\/\"},{\"@type\":\"ListItem\",\"position\":2,\"name\":\"Legal Notice\"}]},{\"@type\":\"WebSite\",\"@id\":\"https:\/\/fundacioseira.coop\/en\/#website\",\"url\":\"https:\/\/fundacioseira.coop\/en\/\",\"name\":\"Fundaci\u00f3 SEIRA\",\"description\":\"\",\"publisher\":{\"@id\":\"https:\/\/fundacioseira.coop\/en\/#organization\"},\"potentialAction\":[{\"@type\":\"SearchAction\",\"target\":{\"@type\":\"EntryPoint\",\"urlTemplate\":\"https:\/\/fundacioseira.coop\/en\/?s={search_term_string}\"},\"query-input\":{\"@type\":\"PropertyValueSpecification\",\"valueRequired\":true,\"valueName\":\"search_term_string\"}}],\"inLanguage\":\"en-US\"},{\"@type\":\"Organization\",\"@id\":\"https:\/\/fundacioseira.coop\/en\/#organization\",\"name\":\"Fundaci\u00f3 SEIRA\",\"url\":\"https:\/\/fundacioseira.coop\/en\/\",\"logo\":{\"@type\":\"ImageObject\",\"inLanguage\":\"en-US\",\"@id\":\"https:\/\/fundacioseira.coop\/en\/#\/schema\/logo\/image\/\",\"url\":\"https:\/\/fundacioseira.coop\/wp-content\/uploads\/2026\/02\/Seira_IC1_White.png\",\"contentUrl\":\"https:\/\/fundacioseira.coop\/wp-content\/uploads\/2026\/02\/Seira_IC1_White.png\",\"width\":1417,\"height\":531,\"caption\":\"Fundaci\u00f3 SEIRA\"},\"image\":{\"@id\":\"https:\/\/fundacioseira.coop\/en\/#\/schema\/logo\/image\/\"}}]}<\/script>\n<!-- \/ Yoast SEO plugin. -->","yoast_head_json":{"title":"Legal Notice - Fundaci\u00f3 SEIRA","robots":{"index":"noindex","follow":"follow"},"og_locale":"en_US","og_type":"article","og_title":"Legal Notice - Fundaci\u00f3 SEIRA","og_description":"[vc_section][vc_row equal_height=&#8221;yes&#8221; content_placement=&#8221;middle&#8221;][vc_column width=&#8221;1\/2&#8243;][vc_column_text css_animation=&#8221;slideInRight&#8221; css=&#8221;&#8221; el_class=&#8221;color-accent mg-bot-0 txt-18&#8243;] SEIRA IMPULS COOPERATIU [\/vc_column_text][vc_column_text css_animation=&#8221;slideInRight&#8221; css=&#8221;&#8221; el_class=&#8221;titol-legals&#8221;] Legal Notice [\/vc_column_text][\/vc_column][vc_column width=&#8221;1\/2&#8243;][vc_single_image image=&#8221;1152&#8243; img_size=&#8221;full&#8221; css_animation=&#8221;fadeIn&#8221; css=&#8221;&#8221; el_class=&#8221;deco-titol-legals&#8221;][\/vc_column][\/vc_row][vc_row][vc_column][vc_column_text css=&#8221;&#8221; el_class=&#8221;txt-16&#8243;]www.fundacioseira.coop is a website, with a registered domain name, property of Fundaci\u00f3 Seira per a la innovaci\u00f3 i projecci\u00f3 del cooperativisme. (Hereinafter, equally, Fundaci\u00f3 Seira) The goal of www.fundacioseira.coop ... Read more","og_url":"https:\/\/fundacioseira.coop\/en\/legal-notice\/","og_site_name":"Fundaci\u00f3 SEIRA","article_modified_time":"2026-03-11T09:27:26+00:00","twitter_card":"summary_large_image","twitter_misc":{"Est. reading time":"10 minutes"},"schema":{"@context":"https:\/\/schema.org","@graph":[{"@type":"WebPage","@id":"https:\/\/fundacioseira.coop\/en\/legal-notice\/","url":"https:\/\/fundacioseira.coop\/en\/legal-notice\/","name":"Legal Notice - Fundaci\u00f3 SEIRA","isPartOf":{"@id":"https:\/\/fundacioseira.coop\/en\/#website"},"datePublished":"2025-02-27T20:57:33+00:00","dateModified":"2026-03-11T09:27:26+00:00","breadcrumb":{"@id":"https:\/\/fundacioseira.coop\/en\/legal-notice\/#breadcrumb"},"inLanguage":"en-US","potentialAction":[{"@type":"ReadAction","target":["https:\/\/fundacioseira.coop\/en\/legal-notice\/"]}]},{"@type":"BreadcrumbList","@id":"https:\/\/fundacioseira.coop\/en\/legal-notice\/#breadcrumb","itemListElement":[{"@type":"ListItem","position":1,"name":"Inici","item":"https:\/\/fundacioseira.coop\/en\/"},{"@type":"ListItem","position":2,"name":"Legal Notice"}]},{"@type":"WebSite","@id":"https:\/\/fundacioseira.coop\/en\/#website","url":"https:\/\/fundacioseira.coop\/en\/","name":"Fundaci\u00f3 SEIRA","description":"","publisher":{"@id":"https:\/\/fundacioseira.coop\/en\/#organization"},"potentialAction":[{"@type":"SearchAction","target":{"@type":"EntryPoint","urlTemplate":"https:\/\/fundacioseira.coop\/en\/?s={search_term_string}"},"query-input":{"@type":"PropertyValueSpecification","valueRequired":true,"valueName":"search_term_string"}}],"inLanguage":"en-US"},{"@type":"Organization","@id":"https:\/\/fundacioseira.coop\/en\/#organization","name":"Fundaci\u00f3 SEIRA","url":"https:\/\/fundacioseira.coop\/en\/","logo":{"@type":"ImageObject","inLanguage":"en-US","@id":"https:\/\/fundacioseira.coop\/en\/#\/schema\/logo\/image\/","url":"https:\/\/fundacioseira.coop\/wp-content\/uploads\/2026\/02\/Seira_IC1_White.png","contentUrl":"https:\/\/fundacioseira.coop\/wp-content\/uploads\/2026\/02\/Seira_IC1_White.png","width":1417,"height":531,"caption":"Fundaci\u00f3 SEIRA"},"image":{"@id":"https:\/\/fundacioseira.coop\/en\/#\/schema\/logo\/image\/"}}]}},"_links":{"self":[{"href":"https:\/\/fundacioseira.coop\/en\/wp-json\/wp\/v2\/pages\/1130","targetHints":{"allow":["GET"]}}],"collection":[{"href":"https:\/\/fundacioseira.coop\/en\/wp-json\/wp\/v2\/pages"}],"about":[{"href":"https:\/\/fundacioseira.coop\/en\/wp-json\/wp\/v2\/types\/page"}],"author":[{"embeddable":true,"href":"https:\/\/fundacioseira.coop\/en\/wp-json\/wp\/v2\/users\/3"}],"replies":[{"embeddable":true,"href":"https:\/\/fundacioseira.coop\/en\/wp-json\/wp\/v2\/comments?post=1130"}],"version-history":[{"count":3,"href":"https:\/\/fundacioseira.coop\/en\/wp-json\/wp\/v2\/pages\/1130\/revisions"}],"predecessor-version":[{"id":1230,"href":"https:\/\/fundacioseira.coop\/en\/wp-json\/wp\/v2\/pages\/1130\/revisions\/1230"}],"wp:attachment":[{"href":"https:\/\/fundacioseira.coop\/en\/wp-json\/wp\/v2\/media?parent=1130"}],"curies":[{"name":"wp","href":"https:\/\/api.w.org\/{rel}","templated":true}]}}